{"id":748842,"date":"2025-03-03T21:13:31","date_gmt":"2025-03-03T20:13:31","guid":{"rendered":"https:\/\/stoic-curie.212-227-153-4.plesk.page\/producto\/volante-de-direcao-riviera-com-empunhadura-de-poliuretano-branca-350mm\/"},"modified":"2026-02-25T00:28:03","modified_gmt":"2026-02-25T00:28:03","slug":"volante-de-direcao-riviera-com-empunhadura-de-poliuretano-branca-350mm","status":"publish","type":"product","link":"https:\/\/stoic-curie.212-227-153-4.plesk.page\/pt\/product\/volante-de-direcao-riviera-com-empunhadura-de-poliuretano-branca-350mm\/","title":{"rendered":"Volante de Dire\u00e7\u00e3o Riviera com Empunhadura de Poliuretano Branca 350mm"},"content":{"rendered":"<p>Volante de Dire\u00e7\u00e3o Riviera com Empunhadura de Poliuretano Branca 350mm &#8211; <\/p>\n<p>Volantes de a\u00e7o inoxid\u00e1vel de 5 raios com ader\u00eancia em poliuretano ou mogno.<\/p>\n","protected":false},"excerpt":{"rendered":"<p>Volante de Dire\u00e7\u00e3o Riviera com Empunhadura de Poliuretano Branca 350mm &#8211; Volantes de a\u00e7o inoxid\u00e1vel de 5 raios com ader\u00eancia<\/p>\n","protected":false},"featured_media":5936664,"comment_status":"open","ping_status":"closed","template":"","meta":[],"product_brand":[3307],"product_cat":[2109],"product_tag":[],"class_list":{"0":"post-748842","1":"product","2":"type-product","3":"status-publish","4":"has-post-thumbnail","6":"product_brand-riviera-pt","7":"product_cat-rodas-de-leme","9":"first","10":"instock","11":"shipping-taxable","12":"purchasable","13":"product-type-simple"},"_links":{"self":[{"href":"https:\/\/stoic-curie.212-227-153-4.plesk.page\/pt\/wp-json\/wp\/v2\/product\/748842","targetHints":{"allow":["GET"]}}],"collection":[{"href":"https:\/\/stoic-curie.212-227-153-4.plesk.page\/pt\/wp-json\/wp\/v2\/product"}],"about":[{"href":"https:\/\/stoic-curie.212-227-153-4.plesk.page\/pt\/wp-json\/wp\/v2\/types\/product"}],"replies":[{"embeddable":true,"href":"https:\/\/stoic-curie.212-227-153-4.plesk.page\/pt\/wp-json\/wp\/v2\/comments?post=748842"}],"version-history":[{"count":0,"href":"https:\/\/stoic-curie.212-227-153-4.plesk.page\/pt\/wp-json\/wp\/v2\/product\/748842\/revisions"}],"wp:featuredmedia":[{"embeddable":true,"href":"https:\/\/stoic-curie.212-227-153-4.plesk.page\/pt\/wp-json\/wp\/v2\/media\/5936664"}],"wp:attachment":[{"href":"https:\/\/stoic-curie.212-227-153-4.plesk.page\/pt\/wp-json\/wp\/v2\/media?parent=748842"}],"wp:term":[{"taxonomy":"product_brand","embeddable":true,"href":"https:\/\/stoic-curie.212-227-153-4.plesk.page\/pt\/wp-json\/wp\/v2\/product_brand?post=748842"},{"taxonomy":"product_cat","embeddable":true,"href":"https:\/\/stoic-curie.212-227-153-4.plesk.page\/pt\/wp-json\/wp\/v2\/product_cat?post=748842"},{"taxonomy":"product_tag","embeddable":true,"href":"https:\/\/stoic-curie.212-227-153-4.plesk.page\/pt\/wp-json\/wp\/v2\/product_tag?post=748842"}],"curies":[{"name":"wp","href":"https:\/\/api.w.org\/{rel}","templated":true}]}}