{"id":748850,"date":"2025-03-03T21:13:33","date_gmt":"2025-03-03T20:13:33","guid":{"rendered":"https:\/\/stoic-curie.212-227-153-4.plesk.page\/producto\/kit-de-ajuste-trim-12v-ocean-marine\/"},"modified":"2026-02-25T00:28:04","modified_gmt":"2026-02-25T00:28:04","slug":"kit-de-ajuste-trim-12v-ocean-marine","status":"publish","type":"product","link":"https:\/\/stoic-curie.212-227-153-4.plesk.page\/pt\/product\/kit-de-ajuste-trim-12v-ocean-marine\/","title":{"rendered":"Kit de Ajuste Trim 12v Ocean Marine"},"content":{"rendered":"<p>Kit de Ajuste Trim 12v Ocean Marine &#8211; <\/p>\n<p>Sistema eletromec\u00e2nico sem manuten\u00e7\u00e3o e de f\u00e1cil instala\u00e7\u00e3o que n\u00e3o requer unidade de controlo hidr\u00e1ulico nem tubagens. Inclui atuadores e painel de controle. A ser completado com suportes de a\u00e7o inoxid\u00e1vel.<\/p>\n","protected":false},"excerpt":{"rendered":"<p>Kit de Ajuste Trim 12v Ocean Marine &#8211; Sistema eletromec\u00e2nico sem manuten\u00e7\u00e3o e de f\u00e1cil instala\u00e7\u00e3o que n\u00e3o requer unidade<\/p>\n","protected":false},"featured_media":5943450,"comment_status":"open","ping_status":"closed","template":"","meta":[],"product_brand":[3142],"product_cat":[2093],"product_tag":[],"class_list":{"0":"post-748850","1":"product","2":"type-product","3":"status-publish","4":"has-post-thumbnail","6":"product_brand-matromarine-pt","7":"product_cat-estabilizadores","9":"first","10":"instock","11":"shipping-taxable","12":"purchasable","13":"product-type-simple"},"_links":{"self":[{"href":"https:\/\/stoic-curie.212-227-153-4.plesk.page\/pt\/wp-json\/wp\/v2\/product\/748850","targetHints":{"allow":["GET"]}}],"collection":[{"href":"https:\/\/stoic-curie.212-227-153-4.plesk.page\/pt\/wp-json\/wp\/v2\/product"}],"about":[{"href":"https:\/\/stoic-curie.212-227-153-4.plesk.page\/pt\/wp-json\/wp\/v2\/types\/product"}],"replies":[{"embeddable":true,"href":"https:\/\/stoic-curie.212-227-153-4.plesk.page\/pt\/wp-json\/wp\/v2\/comments?post=748850"}],"version-history":[{"count":0,"href":"https:\/\/stoic-curie.212-227-153-4.plesk.page\/pt\/wp-json\/wp\/v2\/product\/748850\/revisions"}],"wp:featuredmedia":[{"embeddable":true,"href":"https:\/\/stoic-curie.212-227-153-4.plesk.page\/pt\/wp-json\/wp\/v2\/media\/5943450"}],"wp:attachment":[{"href":"https:\/\/stoic-curie.212-227-153-4.plesk.page\/pt\/wp-json\/wp\/v2\/media?parent=748850"}],"wp:term":[{"taxonomy":"product_brand","embeddable":true,"href":"https:\/\/stoic-curie.212-227-153-4.plesk.page\/pt\/wp-json\/wp\/v2\/product_brand?post=748850"},{"taxonomy":"product_cat","embeddable":true,"href":"https:\/\/stoic-curie.212-227-153-4.plesk.page\/pt\/wp-json\/wp\/v2\/product_cat?post=748850"},{"taxonomy":"product_tag","embeddable":true,"href":"https:\/\/stoic-curie.212-227-153-4.plesk.page\/pt\/wp-json\/wp\/v2\/product_tag?post=748850"}],"curies":[{"name":"wp","href":"https:\/\/api.w.org\/{rel}","templated":true}]}}