{"id":748854,"date":"2025-03-03T21:13:34","date_gmt":"2025-03-03T20:13:34","guid":{"rendered":"https:\/\/stoic-curie.212-227-153-4.plesk.page\/producto\/flaps-automaticos-nauticus-sx-smart-sx10512-70-7-8m\/"},"modified":"2026-02-25T00:28:04","modified_gmt":"2026-02-25T00:28:04","slug":"flaps-automaticos-nauticus-sx-smart-sx10512-70-7-8m","status":"publish","type":"product","link":"https:\/\/stoic-curie.212-227-153-4.plesk.page\/pt\/product\/flaps-automaticos-nauticus-sx-smart-sx10512-70-7-8m\/","title":{"rendered":"Flaps Autom\u00e1ticos Nauticus SX Smart Sx10512-70 (7-8m)"},"content":{"rendered":"<p>Flaps Autom\u00e1ticos Nauticus SX Smart Sx10512-70 (7-8m) &#8211; <\/p>\n<p>Flaps autom\u00e1ticos Smart Tabs SX de pol\u00edmero termo-moldado refor\u00e7ado, resistentes \u00e0 corros\u00e3o por ferrugem e galv\u00e2nica. Eles se ajustam automaticamente e estabilizam o barco gra\u00e7as \u00e0 mola dos atuadores progressivos. N\u00e3o requerem ajustes e n\u00e3o necessitam de caixa de controle ou ajuste pelo operador. Instala\u00e7\u00e3o r\u00e1pida e f\u00e1cil sem furos passantes. Economize dinheiro ao economizar combust\u00edvel. Aumente a empuxo e a velocidade m\u00e1xima. Decole na metade do tempo. Reduza o \u00e2ngulo de eleva\u00e7\u00e3o da proa. Reduza o porpoising.<\/p>\n","protected":false},"excerpt":{"rendered":"<p>Flaps Autom\u00e1ticos Nauticus SX Smart Sx10512-70 (7-8m) &#8211; Flaps autom\u00e1ticos Smart Tabs SX de pol\u00edmero termo-moldado refor\u00e7ado, resistentes \u00e0 corros\u00e3o<\/p>\n","protected":false},"featured_media":5940383,"comment_status":"open","ping_status":"closed","template":"","meta":[],"product_brand":[3172],"product_cat":[2093],"product_tag":[],"class_list":{"0":"post-748854","1":"product","2":"type-product","3":"status-publish","4":"has-post-thumbnail","6":"product_brand-nauticus-pt","7":"product_cat-estabilizadores","9":"first","10":"instock","11":"shipping-taxable","12":"purchasable","13":"product-type-simple"},"_links":{"self":[{"href":"https:\/\/stoic-curie.212-227-153-4.plesk.page\/pt\/wp-json\/wp\/v2\/product\/748854","targetHints":{"allow":["GET"]}}],"collection":[{"href":"https:\/\/stoic-curie.212-227-153-4.plesk.page\/pt\/wp-json\/wp\/v2\/product"}],"about":[{"href":"https:\/\/stoic-curie.212-227-153-4.plesk.page\/pt\/wp-json\/wp\/v2\/types\/product"}],"replies":[{"embeddable":true,"href":"https:\/\/stoic-curie.212-227-153-4.plesk.page\/pt\/wp-json\/wp\/v2\/comments?post=748854"}],"version-history":[{"count":0,"href":"https:\/\/stoic-curie.212-227-153-4.plesk.page\/pt\/wp-json\/wp\/v2\/product\/748854\/revisions"}],"wp:featuredmedia":[{"embeddable":true,"href":"https:\/\/stoic-curie.212-227-153-4.plesk.page\/pt\/wp-json\/wp\/v2\/media\/5940383"}],"wp:attachment":[{"href":"https:\/\/stoic-curie.212-227-153-4.plesk.page\/pt\/wp-json\/wp\/v2\/media?parent=748854"}],"wp:term":[{"taxonomy":"product_brand","embeddable":true,"href":"https:\/\/stoic-curie.212-227-153-4.plesk.page\/pt\/wp-json\/wp\/v2\/product_brand?post=748854"},{"taxonomy":"product_cat","embeddable":true,"href":"https:\/\/stoic-curie.212-227-153-4.plesk.page\/pt\/wp-json\/wp\/v2\/product_cat?post=748854"},{"taxonomy":"product_tag","embeddable":true,"href":"https:\/\/stoic-curie.212-227-153-4.plesk.page\/pt\/wp-json\/wp\/v2\/product_tag?post=748854"}],"curies":[{"name":"wp","href":"https:\/\/api.w.org\/{rel}","templated":true}]}}