{"id":748860,"date":"2025-03-03T21:13:36","date_gmt":"2025-03-03T20:13:36","guid":{"rendered":"https:\/\/stoic-curie.212-227-153-4.plesk.page\/producto\/propulsor-de-proa-quick-btq-185-55-12v\/"},"modified":"2026-02-25T00:28:04","modified_gmt":"2026-02-25T00:28:04","slug":"propulsor-de-proa-quick-btq-185-55-12v","status":"publish","type":"product","link":"https:\/\/stoic-curie.212-227-153-4.plesk.page\/pt\/product\/propulsor-de-proa-quick-btq-185-55-12v\/","title":{"rendered":"Propulsor de Proa Quick BTQ 185-55 12v"},"content":{"rendered":"<p>Propulsor de Proa Quick BTQ 185-55 12v &#8211; <\/p>\n<p style=\"color: rgb(34, 34, 34); font-family: Arial, Helvetica, sans-serif; font-size: small;\">O propulsor Quick BTQ 185-55 12V DC \u00e9 uma excelente escolha para barcos que medem entre 8 e 15 metros (26 a 49 p\u00e9s) de comprimento. Este modelo possui uma \u00fanica h\u00e9lice constru\u00edda em material comp\u00f3sito dur\u00e1vel, complementada por uma robusta caixa de engrenagens de bronze e uma tampa de solen\u00f3ide protetora tamb\u00e9m feita de material comp\u00f3sito resistente. Inclui um acoplamento el\u00e1stico e um \u00e2nodo de zinco independente da caixa de engrenagens, permitindo f\u00e1cil substitui\u00e7\u00e3o.<\/p>\n<p style=\"color: rgb(34, 34, 34); font-family: Arial, Helvetica, sans-serif; font-size: small;\"><strong>Caracter\u00edsticas principais do Propulsor Bow Quick BTQ 185:<\/strong><\/p>\n<ul style=\"color: rgb(34, 34, 34); font-family: Arial, Helvetica, sans-serif; font-size: small;\">\n<li>H\u00e9lice \u00fanica feita de material comp\u00f3sito dur\u00e1vel<\/li>\n<li>Caixa de engrenagens de bronze para maior confiabilidade<\/li>\n<li>Tampa de solen\u00f3ide protetora feita de material comp\u00f3sito resistente<\/li>\n<li>\u00c2nodo de zinco facilmente substitu\u00edvel e independente da caixa de engrenagens<\/li>\n<li>Equipado com um acoplamento el\u00e1stico<\/li>\n<li>Recomendado para barcos de 8 a 15 metros (26 a 49 p\u00e9s) de comprimento<\/li>\n<\/ul>\n<p style=\"color: rgb(34, 34, 34); font-family: Arial, Helvetica, sans-serif; font-size: small;\"><strong>Especifica\u00e7\u00f5es:<\/strong><\/p>\n<ul style=\"color: rgb(34, 34, 34); font-family: Arial, Helvetica, sans-serif; font-size: small;\">\n<li>Modelo: BTQ 185-55 (12V)<\/li>\n<li>Tipo de H\u00e9lice: \u00danica<\/li>\n<li>Di\u00e2metro do t\u00fanel: 185 mm (7 polegadas 18\/64)<\/li>\n<li>Pot\u00eancia do motor: 3,0 kW<\/li>\n<li>Tens\u00e3o: 12V<\/li>\n<li>Classifica\u00e7\u00e3o do fus\u00edvel: 250A CNL DIN<\/li>\n<li>Empuxo: 55 kgf (121,2 lb)<\/li>\n<li>Peso: 16,7 kg (36,8 lb)<\/li>\n<\/ul>\n<p style=\"color: rgb(34, 34, 34); font-family: Arial, Helvetica, sans-serif; font-size: small;\"><strong>Inclu\u00eddo no Pacote:<\/strong><\/p>\n<ul style=\"color: rgb(34, 34, 34); font-family: Arial, Helvetica, sans-serif; font-size: small;\">\n<li>Propulsor<\/li>\n<li>Modelo de perfura\u00e7\u00e3o<\/li>\n<li>Junta<\/li>\n<li>Anel O (para montagem)<\/li>\n<li>Manual de instala\u00e7\u00e3o e usu\u00e1rio<\/li>\n<li>Condi\u00e7\u00f5es de garantia<\/li>\n<\/ul>\n<p style=\"color: rgb(34, 34, 34); font-family: Arial, Helvetica, sans-serif; font-size: small;\">Este propulsor foi projetado para oferecer desempenho confi\u00e1vel e f\u00e1cil instala\u00e7\u00e3o, tornando-se uma adi\u00e7\u00e3o valiosa ao seu equipamento de navega\u00e7\u00e3o.<\/p>\n","protected":false},"excerpt":{"rendered":"<p>Propulsor de Proa Quick BTQ 185-55 12v &#8211; O propulsor Quick BTQ 185-55 12V DC \u00e9 uma excelente escolha para<\/p>\n","protected":false},"featured_media":5943456,"comment_status":"open","ping_status":"closed","template":"","meta":[],"product_brand":[3282],"product_cat":[1897],"product_tag":[],"class_list":{"0":"post-748860","1":"product","2":"type-product","3":"status-publish","4":"has-post-thumbnail","6":"product_brand-quick-pt","7":"product_cat-motores-de-proa-quick","9":"first","10":"instock","11":"shipping-taxable","12":"purchasable","13":"product-type-simple"},"_links":{"self":[{"href":"https:\/\/stoic-curie.212-227-153-4.plesk.page\/pt\/wp-json\/wp\/v2\/product\/748860","targetHints":{"allow":["GET"]}}],"collection":[{"href":"https:\/\/stoic-curie.212-227-153-4.plesk.page\/pt\/wp-json\/wp\/v2\/product"}],"about":[{"href":"https:\/\/stoic-curie.212-227-153-4.plesk.page\/pt\/wp-json\/wp\/v2\/types\/product"}],"replies":[{"embeddable":true,"href":"https:\/\/stoic-curie.212-227-153-4.plesk.page\/pt\/wp-json\/wp\/v2\/comments?post=748860"}],"version-history":[{"count":0,"href":"https:\/\/stoic-curie.212-227-153-4.plesk.page\/pt\/wp-json\/wp\/v2\/product\/748860\/revisions"}],"wp:featuredmedia":[{"embeddable":true,"href":"https:\/\/stoic-curie.212-227-153-4.plesk.page\/pt\/wp-json\/wp\/v2\/media\/5943456"}],"wp:attachment":[{"href":"https:\/\/stoic-curie.212-227-153-4.plesk.page\/pt\/wp-json\/wp\/v2\/media?parent=748860"}],"wp:term":[{"taxonomy":"product_brand","embeddable":true,"href":"https:\/\/stoic-curie.212-227-153-4.plesk.page\/pt\/wp-json\/wp\/v2\/product_brand?post=748860"},{"taxonomy":"product_cat","embeddable":true,"href":"https:\/\/stoic-curie.212-227-153-4.plesk.page\/pt\/wp-json\/wp\/v2\/product_cat?post=748860"},{"taxonomy":"product_tag","embeddable":true,"href":"https:\/\/stoic-curie.212-227-153-4.plesk.page\/pt\/wp-json\/wp\/v2\/product_tag?post=748860"}],"curies":[{"name":"wp","href":"https:\/\/api.w.org\/{rel}","templated":true}]}}