{"id":748868,"date":"2025-03-03T21:13:39","date_gmt":"2025-03-03T20:13:39","guid":{"rendered":"https:\/\/stoic-curie.212-227-153-4.plesk.page\/producto\/technodrive-tmc60p-2-00\/"},"modified":"2026-02-25T00:28:04","modified_gmt":"2026-02-25T00:28:04","slug":"technodrive-tmc60p-2-00","status":"publish","type":"product","link":"https:\/\/stoic-curie.212-227-153-4.plesk.page\/pt\/product\/technodrive-tmc60p-2-00\/","title":{"rendered":"Technodrive TMC60P 2.00"},"content":{"rendered":"<p>Technodrive TMC60P 2.00 &#8211; <\/p>\n<p style=\"color: rgb(34, 34, 34); font-family: Arial, Helvetica, sans-serif; font-size: small;\">O Technodrive TMC60P 2.00 representa uma caixa de c\u00e2mbio marinha de primeira linha, meticulosamente fabricada pelo renomado fabricante Twin Disc, com sede na It\u00e1lia. Esta caixa de c\u00e2mbio se destaca pelo seu design inovador, que incorpora embreagens c\u00f4nicas operadas mecanicamente, que s\u00e3o acionadas perfeitamente por um sofisticado sistema de servos. Esse mecanismo n\u00e3o apenas melhora a efici\u00eancia da caixa de c\u00e2mbio, mas tamb\u00e9m contribui para sua confiabilidade geral. As engrenagens dentro do modelo TMC60P s\u00e3o especificamente projetadas para garantir um funcionamento silencioso, minimizando os n\u00edveis de ru\u00eddo durante o uso, que \u00e9 um fator crucial para muitos propriet\u00e1rios de embarca\u00e7\u00f5es que valorizam uma experi\u00eancia de navega\u00e7\u00e3o serena. Al\u00e9m disso, os rolamentos s\u00e3o generosamente dimensionados, proporcionando uma camada extra de durabilidade e longevidade, tornando esta caixa de c\u00e2mbio um investimento seguro para qualquer aplica\u00e7\u00e3o mar\u00edtima.<\/p>\n<p style=\"color: rgb(34, 34, 34); font-family: Arial, Helvetica, sans-serif; font-size: small;\">Al\u00e9m disso, o modelo TMC60P \u00e9 compat\u00edvel com uma ampla variedade de motores diesel marinhos, tornando-se uma escolha vers\u00e1til para diversas embarca\u00e7\u00f5es. Tamb\u00e9m serve como uma excelente substitui\u00e7\u00e3o para v\u00e1rias transmiss\u00f5es conhecidas, incluindo:<\/p>\n<ul style=\"color: rgb(34, 34, 34); font-family: Arial, Helvetica, sans-serif; font-size: small;\">\n<li>ZF 10M<\/li>\n<li>ZF 12M<\/li>\n<li>ZF 15M<\/li>\n<li>HBW 20<\/li>\n<li>HBW 100<\/li>\n<li>HBW 125<\/li>\n<li>HBW 150<\/li>\n<\/ul>\n<p style=\"color: rgb(34, 34, 34); font-family: Arial, Helvetica, sans-serif; font-size: small;\">Essa compatibilidade garante que os propriet\u00e1rios de embarca\u00e7\u00f5es possam facilmente atualizar ou substituir seus sistemas existentes sem a necessidade de modifica\u00e7\u00f5es extensivas.<\/p>\n","protected":false},"excerpt":{"rendered":"<p>Technodrive TMC60P 2.00 &#8211; O Technodrive TMC60P 2.00 representa uma caixa de c\u00e2mbio marinha de primeira linha, meticulosamente fabricada pelo<\/p>\n","protected":false},"featured_media":5943463,"comment_status":"open","ping_status":"closed","template":"","meta":[],"product_brand":[3467],"product_cat":[2092],"product_tag":[],"class_list":{"0":"post-748868","1":"product","2":"type-product","3":"status-publish","4":"has-post-thumbnail","6":"product_brand-technodrive-pt","7":"product_cat-caixas-de-transmissao-technodrive","9":"first","10":"instock","11":"shipping-taxable","12":"purchasable","13":"product-type-simple"},"_links":{"self":[{"href":"https:\/\/stoic-curie.212-227-153-4.plesk.page\/pt\/wp-json\/wp\/v2\/product\/748868","targetHints":{"allow":["GET"]}}],"collection":[{"href":"https:\/\/stoic-curie.212-227-153-4.plesk.page\/pt\/wp-json\/wp\/v2\/product"}],"about":[{"href":"https:\/\/stoic-curie.212-227-153-4.plesk.page\/pt\/wp-json\/wp\/v2\/types\/product"}],"replies":[{"embeddable":true,"href":"https:\/\/stoic-curie.212-227-153-4.plesk.page\/pt\/wp-json\/wp\/v2\/comments?post=748868"}],"version-history":[{"count":0,"href":"https:\/\/stoic-curie.212-227-153-4.plesk.page\/pt\/wp-json\/wp\/v2\/product\/748868\/revisions"}],"wp:featuredmedia":[{"embeddable":true,"href":"https:\/\/stoic-curie.212-227-153-4.plesk.page\/pt\/wp-json\/wp\/v2\/media\/5943463"}],"wp:attachment":[{"href":"https:\/\/stoic-curie.212-227-153-4.plesk.page\/pt\/wp-json\/wp\/v2\/media?parent=748868"}],"wp:term":[{"taxonomy":"product_brand","embeddable":true,"href":"https:\/\/stoic-curie.212-227-153-4.plesk.page\/pt\/wp-json\/wp\/v2\/product_brand?post=748868"},{"taxonomy":"product_cat","embeddable":true,"href":"https:\/\/stoic-curie.212-227-153-4.plesk.page\/pt\/wp-json\/wp\/v2\/product_cat?post=748868"},{"taxonomy":"product_tag","embeddable":true,"href":"https:\/\/stoic-curie.212-227-153-4.plesk.page\/pt\/wp-json\/wp\/v2\/product_tag?post=748868"}],"curies":[{"name":"wp","href":"https:\/\/api.w.org\/{rel}","templated":true}]}}