{"id":748887,"date":"2025-03-03T21:13:45","date_gmt":"2025-03-03T20:13:45","guid":{"rendered":"https:\/\/stoic-curie.212-227-153-4.plesk.page\/producto\/anodo-com-insercao-conica-para-veio-de-60mm\/"},"modified":"2026-02-25T00:28:04","modified_gmt":"2026-02-25T00:28:04","slug":"anodo-com-insercao-conica-para-veio-de-60mm","status":"publish","type":"product","link":"https:\/\/stoic-curie.212-227-153-4.plesk.page\/pt\/product\/anodo-com-insercao-conica-para-veio-de-60mm\/","title":{"rendered":"\u00c2nodo com inser\u00e7\u00e3o c\u00f3nica para veio de 60mm"},"content":{"rendered":"<p>\u00c2nodo com inser\u00e7\u00e3o c\u00f3nica para veio de 60mm &#8211; <\/p>\n<p>Anodo ogival com inserto c\u00f4nico para eixos de h\u00e9lice.<\/p>\n","protected":false},"excerpt":{"rendered":"<p>\u00c2nodo com inser\u00e7\u00e3o c\u00f3nica para veio de 60mm &#8211; Anodo ogival com inserto c\u00f4nico para eixos de h\u00e9lice.<\/p>\n","protected":false},"featured_media":5940591,"comment_status":"open","ping_status":"closed","template":"","meta":[],"product_brand":[2165,3477],"product_cat":[1923],"product_tag":[],"class_list":{"0":"post-748887","1":"product","2":"type-product","3":"status-publish","4":"has-post-thumbnail","6":"product_brand-tecnoseal","7":"product_brand-tecnoseal-pt","8":"product_cat-anodos-para-helice","10":"first","11":"instock","12":"shipping-taxable","13":"purchasable","14":"product-type-simple"},"_links":{"self":[{"href":"https:\/\/stoic-curie.212-227-153-4.plesk.page\/pt\/wp-json\/wp\/v2\/product\/748887","targetHints":{"allow":["GET"]}}],"collection":[{"href":"https:\/\/stoic-curie.212-227-153-4.plesk.page\/pt\/wp-json\/wp\/v2\/product"}],"about":[{"href":"https:\/\/stoic-curie.212-227-153-4.plesk.page\/pt\/wp-json\/wp\/v2\/types\/product"}],"replies":[{"embeddable":true,"href":"https:\/\/stoic-curie.212-227-153-4.plesk.page\/pt\/wp-json\/wp\/v2\/comments?post=748887"}],"version-history":[{"count":0,"href":"https:\/\/stoic-curie.212-227-153-4.plesk.page\/pt\/wp-json\/wp\/v2\/product\/748887\/revisions"}],"wp:featuredmedia":[{"embeddable":true,"href":"https:\/\/stoic-curie.212-227-153-4.plesk.page\/pt\/wp-json\/wp\/v2\/media\/5940591"}],"wp:attachment":[{"href":"https:\/\/stoic-curie.212-227-153-4.plesk.page\/pt\/wp-json\/wp\/v2\/media?parent=748887"}],"wp:term":[{"taxonomy":"product_brand","embeddable":true,"href":"https:\/\/stoic-curie.212-227-153-4.plesk.page\/pt\/wp-json\/wp\/v2\/product_brand?post=748887"},{"taxonomy":"product_cat","embeddable":true,"href":"https:\/\/stoic-curie.212-227-153-4.plesk.page\/pt\/wp-json\/wp\/v2\/product_cat?post=748887"},{"taxonomy":"product_tag","embeddable":true,"href":"https:\/\/stoic-curie.212-227-153-4.plesk.page\/pt\/wp-json\/wp\/v2\/product_tag?post=748887"}],"curies":[{"name":"wp","href":"https:\/\/api.w.org\/{rel}","templated":true}]}}