{"id":748892,"date":"2025-03-03T21:13:46","date_gmt":"2025-03-03T20:13:46","guid":{"rendered":"https:\/\/stoic-curie.212-227-153-4.plesk.page\/producto\/antena-vhf-em-aco-inoxidavel-para-veleiros-glomex-ra109sls-0-9m\/"},"modified":"2026-02-25T00:28:04","modified_gmt":"2026-02-25T00:28:04","slug":"antena-vhf-em-aco-inoxidavel-para-veleiros-glomex-ra109sls-0-9m","status":"publish","type":"product","link":"https:\/\/stoic-curie.212-227-153-4.plesk.page\/pt\/product\/antena-vhf-em-aco-inoxidavel-para-veleiros-glomex-ra109sls-0-9m\/","title":{"rendered":"Antena VHF em A\u00e7o Inoxid\u00e1vel para veleiros Glomex RA109SLS 0.9m"},"content":{"rendered":"<p>Antena VHF em A\u00e7o Inoxid\u00e1vel para veleiros Glomex RA109SLS 0.9m &#8211; <\/p>\n<p>Antenas VHF de a\u00e7o inoxid\u00e1vel para veleiros. 100W \/ 3db \/ 156\/162 MHz \/ 50 Ohm. Altura: 0,9 m. Inclui suporte para o cabe\u00e7o do mastro, conector e veda\u00e7\u00f5es para passagem no conv\u00e9s.<\/p>\n","protected":false},"excerpt":{"rendered":"<p>Antena VHF em A\u00e7o Inoxid\u00e1vel para veleiros Glomex RA109SLS 0.9m &#8211; Antenas VHF de a\u00e7o inoxid\u00e1vel para veleiros. 100W \/<\/p>\n","protected":false},"featured_media":5943572,"comment_status":"open","ping_status":"closed","template":"","meta":[],"product_brand":[2982],"product_cat":[2040],"product_tag":[],"class_list":{"0":"post-748892","1":"product","2":"type-product","3":"status-publish","4":"has-post-thumbnail","6":"product_brand-glomex-pt","7":"product_cat-antenas-vhf-equipamento-eletrico","9":"first","10":"instock","11":"shipping-taxable","12":"purchasable","13":"product-type-simple"},"_links":{"self":[{"href":"https:\/\/stoic-curie.212-227-153-4.plesk.page\/pt\/wp-json\/wp\/v2\/product\/748892","targetHints":{"allow":["GET"]}}],"collection":[{"href":"https:\/\/stoic-curie.212-227-153-4.plesk.page\/pt\/wp-json\/wp\/v2\/product"}],"about":[{"href":"https:\/\/stoic-curie.212-227-153-4.plesk.page\/pt\/wp-json\/wp\/v2\/types\/product"}],"replies":[{"embeddable":true,"href":"https:\/\/stoic-curie.212-227-153-4.plesk.page\/pt\/wp-json\/wp\/v2\/comments?post=748892"}],"version-history":[{"count":0,"href":"https:\/\/stoic-curie.212-227-153-4.plesk.page\/pt\/wp-json\/wp\/v2\/product\/748892\/revisions"}],"wp:featuredmedia":[{"embeddable":true,"href":"https:\/\/stoic-curie.212-227-153-4.plesk.page\/pt\/wp-json\/wp\/v2\/media\/5943572"}],"wp:attachment":[{"href":"https:\/\/stoic-curie.212-227-153-4.plesk.page\/pt\/wp-json\/wp\/v2\/media?parent=748892"}],"wp:term":[{"taxonomy":"product_brand","embeddable":true,"href":"https:\/\/stoic-curie.212-227-153-4.plesk.page\/pt\/wp-json\/wp\/v2\/product_brand?post=748892"},{"taxonomy":"product_cat","embeddable":true,"href":"https:\/\/stoic-curie.212-227-153-4.plesk.page\/pt\/wp-json\/wp\/v2\/product_cat?post=748892"},{"taxonomy":"product_tag","embeddable":true,"href":"https:\/\/stoic-curie.212-227-153-4.plesk.page\/pt\/wp-json\/wp\/v2\/product_tag?post=748892"}],"curies":[{"name":"wp","href":"https:\/\/api.w.org\/{rel}","templated":true}]}}