{"id":748894,"date":"2025-03-03T21:13:47","date_gmt":"2025-03-03T20:13:47","guid":{"rendered":"https:\/\/stoic-curie.212-227-153-4.plesk.page\/producto\/antena-vhf-em-aco-inoxidavel-para-veleiros-ra106slssb18-0-9m-e-cabo-de-18m\/"},"modified":"2026-02-25T00:28:04","modified_gmt":"2026-02-25T00:28:04","slug":"antena-vhf-em-aco-inoxidavel-para-veleiros-ra106slssb18-0-9m-e-cabo-de-18m","status":"publish","type":"product","link":"https:\/\/stoic-curie.212-227-153-4.plesk.page\/pt\/product\/antena-vhf-em-aco-inoxidavel-para-veleiros-ra106slssb18-0-9m-e-cabo-de-18m\/","title":{"rendered":"Antena VHF em A\u00e7o Inoxid\u00e1vel para veleiros RA106SLSSB18 (0.9m e cabo de 18m)"},"content":{"rendered":"<p>Antena VHF em A\u00e7o Inoxid\u00e1vel para veleiros RA106SLSSB18 (0.9m e cabo de 18m) &#8211; <\/p>\n<p>Antenas VHF em a\u00e7o inoxid\u00e1vel para veleiros. 100W \/ 3db \/ 156\/162 MHz \/ 50 Ohm. Altura: 0,9 m. Inclui suporte para o topo do mastro, conector e selos para passagem de cabo no conv\u00e9s.<\/p>\n","protected":false},"excerpt":{"rendered":"<p>Antena VHF em A\u00e7o Inoxid\u00e1vel para veleiros RA106SLSSB18 (0.9m e cabo de 18m) &#8211; Antenas VHF em a\u00e7o inoxid\u00e1vel para<\/p>\n","protected":false},"featured_media":5943572,"comment_status":"open","ping_status":"closed","template":"","meta":[],"product_brand":[2982],"product_cat":[2040],"product_tag":[],"class_list":{"0":"post-748894","1":"product","2":"type-product","3":"status-publish","4":"has-post-thumbnail","6":"product_brand-glomex-pt","7":"product_cat-antenas-vhf-equipamento-eletrico","9":"first","10":"instock","11":"shipping-taxable","12":"purchasable","13":"product-type-simple"},"_links":{"self":[{"href":"https:\/\/stoic-curie.212-227-153-4.plesk.page\/pt\/wp-json\/wp\/v2\/product\/748894","targetHints":{"allow":["GET"]}}],"collection":[{"href":"https:\/\/stoic-curie.212-227-153-4.plesk.page\/pt\/wp-json\/wp\/v2\/product"}],"about":[{"href":"https:\/\/stoic-curie.212-227-153-4.plesk.page\/pt\/wp-json\/wp\/v2\/types\/product"}],"replies":[{"embeddable":true,"href":"https:\/\/stoic-curie.212-227-153-4.plesk.page\/pt\/wp-json\/wp\/v2\/comments?post=748894"}],"version-history":[{"count":0,"href":"https:\/\/stoic-curie.212-227-153-4.plesk.page\/pt\/wp-json\/wp\/v2\/product\/748894\/revisions"}],"wp:featuredmedia":[{"embeddable":true,"href":"https:\/\/stoic-curie.212-227-153-4.plesk.page\/pt\/wp-json\/wp\/v2\/media\/5943572"}],"wp:attachment":[{"href":"https:\/\/stoic-curie.212-227-153-4.plesk.page\/pt\/wp-json\/wp\/v2\/media?parent=748894"}],"wp:term":[{"taxonomy":"product_brand","embeddable":true,"href":"https:\/\/stoic-curie.212-227-153-4.plesk.page\/pt\/wp-json\/wp\/v2\/product_brand?post=748894"},{"taxonomy":"product_cat","embeddable":true,"href":"https:\/\/stoic-curie.212-227-153-4.plesk.page\/pt\/wp-json\/wp\/v2\/product_cat?post=748894"},{"taxonomy":"product_tag","embeddable":true,"href":"https:\/\/stoic-curie.212-227-153-4.plesk.page\/pt\/wp-json\/wp\/v2\/product_tag?post=748894"}],"curies":[{"name":"wp","href":"https:\/\/api.w.org\/{rel}","templated":true}]}}