{"id":748898,"date":"2025-03-03T21:13:48","date_gmt":"2025-03-03T20:13:48","guid":{"rendered":"https:\/\/stoic-curie.212-227-153-4.plesk.page\/producto\/base-ajustavel-em-aco-inoxidavel-para-antenas\/"},"modified":"2026-02-25T00:28:04","modified_gmt":"2026-02-25T00:28:04","slug":"base-ajustavel-em-aco-inoxidavel-para-antenas","status":"publish","type":"product","link":"https:\/\/stoic-curie.212-227-153-4.plesk.page\/pt\/product\/base-ajustavel-em-aco-inoxidavel-para-antenas\/","title":{"rendered":"Base Ajust\u00e1vel em A\u00e7o Inoxid\u00e1vel para Antenas"},"content":{"rendered":"<p>Base Ajust\u00e1vel em A\u00e7o Inoxid\u00e1vel para Antenas &#8211; <\/p>\n<p>Base ajust\u00e1vel de alavanca em a\u00e7o inoxid\u00e1vel. Rosca padr\u00e3o de 1&#8243; x 14 com placa de conex\u00e3o de 94 x 65 mm.<\/p>\n","protected":false},"excerpt":{"rendered":"<p>Base Ajust\u00e1vel em A\u00e7o Inoxid\u00e1vel para Antenas &#8211; Base ajust\u00e1vel de alavanca em a\u00e7o inoxid\u00e1vel. Rosca padr\u00e3o de 1&#8243; x<\/p>\n","protected":false},"featured_media":5943578,"comment_status":"open","ping_status":"closed","template":"","meta":[],"product_brand":[3237],"product_cat":[2040],"product_tag":[],"class_list":{"0":"post-748898","1":"product","2":"type-product","3":"status-publish","4":"has-post-thumbnail","6":"product_brand-osculati-pt","7":"product_cat-antenas-vhf-equipamento-eletrico","9":"first","10":"instock","11":"shipping-taxable","12":"purchasable","13":"product-type-simple"},"_links":{"self":[{"href":"https:\/\/stoic-curie.212-227-153-4.plesk.page\/pt\/wp-json\/wp\/v2\/product\/748898","targetHints":{"allow":["GET"]}}],"collection":[{"href":"https:\/\/stoic-curie.212-227-153-4.plesk.page\/pt\/wp-json\/wp\/v2\/product"}],"about":[{"href":"https:\/\/stoic-curie.212-227-153-4.plesk.page\/pt\/wp-json\/wp\/v2\/types\/product"}],"replies":[{"embeddable":true,"href":"https:\/\/stoic-curie.212-227-153-4.plesk.page\/pt\/wp-json\/wp\/v2\/comments?post=748898"}],"version-history":[{"count":0,"href":"https:\/\/stoic-curie.212-227-153-4.plesk.page\/pt\/wp-json\/wp\/v2\/product\/748898\/revisions"}],"wp:featuredmedia":[{"embeddable":true,"href":"https:\/\/stoic-curie.212-227-153-4.plesk.page\/pt\/wp-json\/wp\/v2\/media\/5943578"}],"wp:attachment":[{"href":"https:\/\/stoic-curie.212-227-153-4.plesk.page\/pt\/wp-json\/wp\/v2\/media?parent=748898"}],"wp:term":[{"taxonomy":"product_brand","embeddable":true,"href":"https:\/\/stoic-curie.212-227-153-4.plesk.page\/pt\/wp-json\/wp\/v2\/product_brand?post=748898"},{"taxonomy":"product_cat","embeddable":true,"href":"https:\/\/stoic-curie.212-227-153-4.plesk.page\/pt\/wp-json\/wp\/v2\/product_cat?post=748898"},{"taxonomy":"product_tag","embeddable":true,"href":"https:\/\/stoic-curie.212-227-153-4.plesk.page\/pt\/wp-json\/wp\/v2\/product_tag?post=748898"}],"curies":[{"name":"wp","href":"https:\/\/api.w.org\/{rel}","templated":true}]}}