{"id":748901,"date":"2025-03-03T21:13:49","date_gmt":"2025-03-03T20:13:49","guid":{"rendered":"https:\/\/stoic-curie.212-227-153-4.plesk.page\/producto\/antena-tv-sat-glomex-saturn-4-v9104n-neo\/"},"modified":"2026-02-25T00:28:04","modified_gmt":"2026-02-25T00:28:04","slug":"antena-tv-sat-glomex-saturn-4-v9104n-neo","status":"publish","type":"product","link":"https:\/\/stoic-curie.212-227-153-4.plesk.page\/pt\/product\/antena-tv-sat-glomex-saturn-4-v9104n-neo\/","title":{"rendered":"Antena TV-sat Glomex SATURN 4 V9104N NEO"},"content":{"rendered":"<p>Antena TV-sat Glomex SATURN 4 V9104N NEO &#8211; <\/p>\n<p>Antena Glomex Saturn 4 estabilizada por girosc\u00f3pio para sinais de TV full-HD DVB-S2 4K. Controle adicional sem fio Bluetooth com aplicativo dedicado gratuito, prato parab\u00f3lico de 47 cm e consumo reduzido (2,5A-12\/24V). Desempenho excepcional gra\u00e7as ao novo software de busca de sinal e ao inovador sistema de redu\u00e7\u00e3o de ru\u00eddo STO (Silent Tracking Operation). Equipado com nova eletr\u00f4nica que permite compensar perdas de qualidade devido ao aumento de sat\u00e9lites na \u00f3rbita terrestre enquanto transmite na frequ\u00eancia. O raio de eleva\u00e7\u00e3o (0\u00b0\/90\u00b0) pode garantir a capacidade de recep\u00e7\u00e3o do sinal mesmo nas bordas da \u00e1rea de cobertura. Completo com multiswitch para instala\u00e7\u00f5es de at\u00e9 16 sa\u00eddas de TV. F\u00e1cil de instalar, completo com 4&#215;10 metros de cabos coaxiais, extens\u00e3o de antena e unidade de controle.<br \/>O Saturn 4 &#8220;NEO&#8221; \u00e9 uma antena avan\u00e7ada de TV via sat\u00e9lite FULL-HD \/ 4K, com um prato de 47 cm que pode suportar at\u00e9 16 televisores simultaneamente. Como todas as antenas de TV via sat\u00e9lite &#8220;NEO&#8221; da Glomex, o Saturn 4 est\u00e1 equipado com um sistema de bloqueio de sat\u00e9lite altamente eficiente, garantindo desempenho confi\u00e1vel mesmo em condi\u00e7\u00f5es mar\u00edtimas desafiadoras. Isso \u00e9 poss\u00edvel gra\u00e7as \u00e0 sua eletr\u00f4nica e mec\u00e2nica atualizadas, que incluem um processador mais potente, um driver mais r\u00e1pido e maior durabilidade.<br \/>Al\u00e9m disso, a nova eletr\u00f4nica foi projetada para operar silenciosamente durante as fases de busca e rastreamento do sat\u00e9lite. A introdu\u00e7\u00e3o de um sistema GPS de \u00faltima gera\u00e7\u00e3o permite que as antenas &#8220;NEO&#8221; mantenham as posi\u00e7\u00f5es de navega\u00e7\u00e3o anteriores, melhorando assim a recep\u00e7\u00e3o do sinal, especialmente nas bordas da \u00e1rea de cobertura.<br \/>O gerenciamento do Saturn 4 &#8220;NEO&#8221; \u00e9 facilitado pelo aplicativo gratuito Glomex SAT TV, dispon\u00edvel para dispositivos iOS e Android. Ao baixar o aplicativo, os usu\u00e1rios podem controlar facilmente as antenas de TV via sat\u00e9lite &#8220;NEO&#8221; via Bluetooth\u00ae usando seu smartphone ou tablet. O aplicativo permite:<\/p>\n<ul>\n<li>Atualizar a lista de sat\u00e9lites<\/li>\n<li>Atualizar o firmware da antena<\/li>\n<li>Selecionar e alternar entre sat\u00e9lites<\/li>\n<li>Enviar par\u00e2metros operacionais para o suporte t\u00e9cnico, se necess\u00e1rio<\/li>\n<\/ul>\n<p><strong>Acess\u00f3rios fornecidos:<\/strong><\/p>\n<ul>\n<li>Unidade de controle (12\/24V)<\/li>\n<li>Cabo coaxial de 10 m (33&#8242;)<\/li>\n<li>Cabo coaxial de 1,5 m (5&#8242;)<\/li>\n<li>Junta de alta espessura de borracha sint\u00e9tica<\/li>\n<\/ul>\n<p><strong>Especifica\u00e7\u00f5es t\u00e9cnicas:<\/strong><\/p>\n<ul>\n<li>Tecnologia: DVB-S2 4K FULL HD<\/li>\n<li>Di\u00e2metro do prato: 470 mm (18\u201d)<\/li>\n<li>Dimens\u00f5es do radome: 500 x 560 mm (20 x 22\u201d)<\/li>\n<li>LNB: Universal simples<\/li>\n<li>Compatibilidade do aplicativo: Sim<\/li>\n<li>Cabo coaxial: 4<\/li>\n<li>Sa\u00edda do receptor: 1\/16<\/li>\n<li>Peso: 13 kg (28,5 lb)<\/li>\n<li>Velocidade de rastreamento: 50\u00b0 por segundo<\/li>\n<li>Ganho: 35 dB (12 GHz)<\/li>\n<li>Skew: Manual<\/li>\n<li>Tipo de prato: Prime Focus + HPD<\/li>\n<li>Polariza\u00e7\u00e3o: Linear (H + V)<\/li>\n<li>Intervalo de frequ\u00eancia do LNB: 10.7 \u2013 12.75 GHz<\/li>\n<li>Tipo de radome: Resistente a U.V.<\/li>\n<li>Requisitos de energia: 12 Vdc<\/li>\n<li>Faixa de temperatura de opera\u00e7\u00e3o: -20\u00b0 a +55\u00b0<\/li>\n<li>Azenute: Ilimitado<\/li>\n<li>Eleva\u00e7\u00e3o: 0\u00b0 \/ 90\u00b0<\/li>\n<li>Tipo de estabiliza\u00e7\u00e3o: Girosc\u00f3pio em 2 eixos + eixo de 3\u00b0 por interpola\u00e7\u00e3o<\/li>\n<li>Identifica\u00e7\u00e3o de sat\u00e9lites: NIT (Tabela de Informa\u00e7\u00f5es da Rede)<\/li>\n<li>EIRP m\u00ednima: 49 dBW<\/li>\n<li>Preparado para atualiza\u00e7\u00f5es futuras: Sim<\/li>\n<li>Unidade de controle: Ilimitada<\/li>\n<\/ul>\n<p>Esta vis\u00e3o geral abrangente do Saturn 4 &#8220;NEO&#8221; garante que os propriet\u00e1rios de embarca\u00e7\u00f5es possam tomar decis\u00f5es informadas ao procurar solu\u00e7\u00f5es de TV via sat\u00e9lite confi\u00e1veis e de alta qualidade para seus barcos.<\/p>\n","protected":false},"excerpt":{"rendered":"<p>Antena TV-sat Glomex SATURN 4 V9104N NEO &#8211; Antena Glomex Saturn 4 estabilizada por girosc\u00f3pio para sinais de TV full-HD<\/p>\n","protected":false},"featured_media":5943586,"comment_status":"open","ping_status":"closed","template":"","meta":[],"product_brand":[2982],"product_cat":[2041],"product_tag":[],"class_list":{"0":"post-748901","1":"product","2":"type-product","3":"status-publish","4":"has-post-thumbnail","6":"product_brand-glomex-pt","7":"product_cat-antenas-tv","9":"first","10":"instock","11":"shipping-taxable","12":"purchasable","13":"product-type-simple"},"_links":{"self":[{"href":"https:\/\/stoic-curie.212-227-153-4.plesk.page\/pt\/wp-json\/wp\/v2\/product\/748901","targetHints":{"allow":["GET"]}}],"collection":[{"href":"https:\/\/stoic-curie.212-227-153-4.plesk.page\/pt\/wp-json\/wp\/v2\/product"}],"about":[{"href":"https:\/\/stoic-curie.212-227-153-4.plesk.page\/pt\/wp-json\/wp\/v2\/types\/product"}],"replies":[{"embeddable":true,"href":"https:\/\/stoic-curie.212-227-153-4.plesk.page\/pt\/wp-json\/wp\/v2\/comments?post=748901"}],"version-history":[{"count":0,"href":"https:\/\/stoic-curie.212-227-153-4.plesk.page\/pt\/wp-json\/wp\/v2\/product\/748901\/revisions"}],"wp:featuredmedia":[{"embeddable":true,"href":"https:\/\/stoic-curie.212-227-153-4.plesk.page\/pt\/wp-json\/wp\/v2\/media\/5943586"}],"wp:attachment":[{"href":"https:\/\/stoic-curie.212-227-153-4.plesk.page\/pt\/wp-json\/wp\/v2\/media?parent=748901"}],"wp:term":[{"taxonomy":"product_brand","embeddable":true,"href":"https:\/\/stoic-curie.212-227-153-4.plesk.page\/pt\/wp-json\/wp\/v2\/product_brand?post=748901"},{"taxonomy":"product_cat","embeddable":true,"href":"https:\/\/stoic-curie.212-227-153-4.plesk.page\/pt\/wp-json\/wp\/v2\/product_cat?post=748901"},{"taxonomy":"product_tag","embeddable":true,"href":"https:\/\/stoic-curie.212-227-153-4.plesk.page\/pt\/wp-json\/wp\/v2\/product_tag?post=748901"}],"curies":[{"name":"wp","href":"https:\/\/api.w.org\/{rel}","templated":true}]}}