{"id":748902,"date":"2025-03-03T21:13:50","date_gmt":"2025-03-03T20:13:50","guid":{"rendered":"https:\/\/stoic-curie.212-227-153-4.plesk.page\/producto\/antena-tv-radio-fm-glomex-avior\/"},"modified":"2026-02-25T00:28:04","modified_gmt":"2026-02-25T00:28:04","slug":"antena-tv-radio-fm-glomex-avior","status":"publish","type":"product","link":"https:\/\/stoic-curie.212-227-153-4.plesk.page\/pt\/product\/antena-tv-radio-fm-glomex-avior\/","title":{"rendered":"Antena TV-Radio-FM Glomex Avior"},"content":{"rendered":"<p>Antena TV-Radio-FM Glomex Avior &#8211; <\/p>\n<p>Antena Glomex omnidirecional para TV\/R\u00e1dio FM para TV e r\u00e1dio anal\u00f3gicos\/digitais. O novo amplificador de alto desempenho permite um aumento no ganho e a recep\u00e7\u00e3o de sinais de TV polarizados vertical e horizontalmente de mais dire\u00e7\u00f5es ao mesmo tempo. O amplificador interno est\u00e1 acoplado ao inseridor de energia com 2 sa\u00eddas independentes para TV e r\u00e1dio (V9114PI-FM) e permite a recep\u00e7\u00e3o de frequ\u00eancias de TV e FM com uma \u00fanica antena. Pode ser instalado em veleiros ou barcos motorizados e pode ser combinado com a antena VHF RA121 com as mesmas dimens\u00f5es. Equipada com cabo coaxial de 10 m.<\/p>\n","protected":false},"excerpt":{"rendered":"<p>Antena TV-Radio-FM Glomex Avior &#8211; Antena Glomex omnidirecional para TV\/R\u00e1dio FM para TV e r\u00e1dio anal\u00f3gicos\/digitais. O novo amplificador de<\/p>\n","protected":false},"featured_media":5943592,"comment_status":"open","ping_status":"closed","template":"","meta":[],"product_brand":[2982],"product_cat":[2041,2020],"product_tag":[],"class_list":{"0":"post-748902","1":"product","2":"type-product","3":"status-publish","4":"has-post-thumbnail","6":"product_brand-glomex-pt","7":"product_cat-antenas-tv","8":"product_cat-equipamento-de-som-e-colunas","10":"first","11":"instock","12":"shipping-taxable","13":"purchasable","14":"product-type-simple"},"_links":{"self":[{"href":"https:\/\/stoic-curie.212-227-153-4.plesk.page\/pt\/wp-json\/wp\/v2\/product\/748902","targetHints":{"allow":["GET"]}}],"collection":[{"href":"https:\/\/stoic-curie.212-227-153-4.plesk.page\/pt\/wp-json\/wp\/v2\/product"}],"about":[{"href":"https:\/\/stoic-curie.212-227-153-4.plesk.page\/pt\/wp-json\/wp\/v2\/types\/product"}],"replies":[{"embeddable":true,"href":"https:\/\/stoic-curie.212-227-153-4.plesk.page\/pt\/wp-json\/wp\/v2\/comments?post=748902"}],"version-history":[{"count":0,"href":"https:\/\/stoic-curie.212-227-153-4.plesk.page\/pt\/wp-json\/wp\/v2\/product\/748902\/revisions"}],"wp:featuredmedia":[{"embeddable":true,"href":"https:\/\/stoic-curie.212-227-153-4.plesk.page\/pt\/wp-json\/wp\/v2\/media\/5943592"}],"wp:attachment":[{"href":"https:\/\/stoic-curie.212-227-153-4.plesk.page\/pt\/wp-json\/wp\/v2\/media?parent=748902"}],"wp:term":[{"taxonomy":"product_brand","embeddable":true,"href":"https:\/\/stoic-curie.212-227-153-4.plesk.page\/pt\/wp-json\/wp\/v2\/product_brand?post=748902"},{"taxonomy":"product_cat","embeddable":true,"href":"https:\/\/stoic-curie.212-227-153-4.plesk.page\/pt\/wp-json\/wp\/v2\/product_cat?post=748902"},{"taxonomy":"product_tag","embeddable":true,"href":"https:\/\/stoic-curie.212-227-153-4.plesk.page\/pt\/wp-json\/wp\/v2\/product_tag?post=748902"}],"curies":[{"name":"wp","href":"https:\/\/api.w.org\/{rel}","templated":true}]}}