{"id":748907,"date":"2025-03-03T21:13:51","date_gmt":"2025-03-03T20:13:51","guid":{"rendered":"https:\/\/stoic-curie.212-227-153-4.plesk.page\/producto\/taca-quadrada-de-sopa-de-melamina-mb-northwind-15-x-15cm-6pcs\/"},"modified":"2026-02-25T00:28:04","modified_gmt":"2026-02-25T00:28:04","slug":"taca-quadrada-de-sopa-de-melamina-mb-northwind-15-x-15cm-6pcs","status":"publish","type":"product","link":"https:\/\/stoic-curie.212-227-153-4.plesk.page\/pt\/product\/taca-quadrada-de-sopa-de-melamina-mb-northwind-15-x-15cm-6pcs\/","title":{"rendered":"Ta\u00e7a Quadrada de Sopa de Melamina MB Northwind 15 x 15cm 6pcs"},"content":{"rendered":"<p>Ta\u00e7a Quadrada de Sopa de Melamina MB Northwind 15 x 15cm 6pcs &#8211; <\/p>\n<p>Bowl quadrado para sopa decorado com tema Northwind. Feito de melamina 100% certificada como segura para alimentos. Pode ir \u00e0 m\u00e1quina de lavar lou\u00e7a, \u00e9 inquebr\u00e1vel e resistente a manchas. 6 pe\u00e7as por pacote.<\/p>\n","protected":false},"excerpt":{"rendered":"<p>Ta\u00e7a Quadrada de Sopa de Melamina MB Northwind 15 x 15cm 6pcs &#8211; Bowl quadrado para sopa decorado com tema<\/p>\n","protected":false},"featured_media":5943599,"comment_status":"open","ping_status":"closed","template":"","meta":[],"product_brand":[3112],"product_cat":[1932],"product_tag":[],"class_list":{"0":"post-748907","1":"product","2":"type-product","3":"status-publish","4":"has-post-thumbnail","6":"product_brand-marine-business-mb-pt","7":"product_cat-loica-nautica","9":"first","10":"instock","11":"shipping-taxable","12":"purchasable","13":"product-type-simple"},"_links":{"self":[{"href":"https:\/\/stoic-curie.212-227-153-4.plesk.page\/pt\/wp-json\/wp\/v2\/product\/748907","targetHints":{"allow":["GET"]}}],"collection":[{"href":"https:\/\/stoic-curie.212-227-153-4.plesk.page\/pt\/wp-json\/wp\/v2\/product"}],"about":[{"href":"https:\/\/stoic-curie.212-227-153-4.plesk.page\/pt\/wp-json\/wp\/v2\/types\/product"}],"replies":[{"embeddable":true,"href":"https:\/\/stoic-curie.212-227-153-4.plesk.page\/pt\/wp-json\/wp\/v2\/comments?post=748907"}],"version-history":[{"count":0,"href":"https:\/\/stoic-curie.212-227-153-4.plesk.page\/pt\/wp-json\/wp\/v2\/product\/748907\/revisions"}],"wp:featuredmedia":[{"embeddable":true,"href":"https:\/\/stoic-curie.212-227-153-4.plesk.page\/pt\/wp-json\/wp\/v2\/media\/5943599"}],"wp:attachment":[{"href":"https:\/\/stoic-curie.212-227-153-4.plesk.page\/pt\/wp-json\/wp\/v2\/media?parent=748907"}],"wp:term":[{"taxonomy":"product_brand","embeddable":true,"href":"https:\/\/stoic-curie.212-227-153-4.plesk.page\/pt\/wp-json\/wp\/v2\/product_brand?post=748907"},{"taxonomy":"product_cat","embeddable":true,"href":"https:\/\/stoic-curie.212-227-153-4.plesk.page\/pt\/wp-json\/wp\/v2\/product_cat?post=748907"},{"taxonomy":"product_tag","embeddable":true,"href":"https:\/\/stoic-curie.212-227-153-4.plesk.page\/pt\/wp-json\/wp\/v2\/product_tag?post=748907"}],"curies":[{"name":"wp","href":"https:\/\/api.w.org\/{rel}","templated":true}]}}