{"id":748913,"date":"2025-03-03T21:13:53","date_gmt":"2025-03-03T20:13:53","guid":{"rendered":"https:\/\/stoic-curie.212-227-153-4.plesk.page\/producto\/arrefecedor-de-oleo-bowman-ec100-3249-2\/"},"modified":"2026-02-25T00:28:04","modified_gmt":"2026-02-25T00:28:04","slug":"arrefecedor-de-oleo-bowman-ec100-3249-2","status":"publish","type":"product","link":"https:\/\/stoic-curie.212-227-153-4.plesk.page\/pt\/product\/arrefecedor-de-oleo-bowman-ec100-3249-2\/","title":{"rendered":"Arrefecedor de \u00f3leo Bowman EC100-3249-2"},"content":{"rendered":"<p>Arrefecedor de \u00f3leo Bowman EC100-3249-2 &#8211; <\/p>\n<p>Os resfriadores de \u00f3leo Bowman EC s\u00e3o meticulosamente projetados para aplica\u00e7\u00f5es em transmiss\u00f5es, sistemas de lubrifica\u00e7\u00e3o e uma variedade de fluidos de transfer\u00eancia de calor. Esses resfriadores s\u00e3o constru\u00eddos com tubos de liga de n\u00edquel resistentes \u00e0 corros\u00e3o, garantindo tanto durabilidade quanto longevidade, complementados por robustas tampas de \u00e1gua de bronze que aumentam sua confiabilidade. Capazes de suportar uma press\u00e3o m\u00e1xima de \u00f3leo de 20 bar e uma press\u00e3o m\u00e1xima de \u00e1gua de 16 bar, esses resfriadores s\u00e3o bem adequados para aplica\u00e7\u00f5es exigentes. Al\u00e9m disso, eles s\u00e3o projetados para operar eficientemente em temperaturas de at\u00e9 120\u00b0C, garantindo desempenho ideal em v\u00e1rias condi\u00e7\u00f5es.<\/p>\n","protected":false},"excerpt":{"rendered":"<p>Arrefecedor de \u00f3leo Bowman EC100-3249-2 &#8211; Os resfriadores de \u00f3leo Bowman EC s\u00e3o meticulosamente projetados para aplica\u00e7\u00f5es em transmiss\u00f5es, sistemas<\/p>\n","protected":false},"featured_media":5943603,"comment_status":"open","ping_status":"closed","template":"","meta":[],"product_brand":[2847],"product_cat":[2077],"product_tag":[],"class_list":{"0":"post-748913","1":"product","2":"type-product","3":"status-publish","4":"has-post-thumbnail","6":"product_brand-bowman-pt","7":"product_cat-permutadores-de-calor-e-arrefecedores-a-oleo","9":"first","10":"instock","11":"shipping-taxable","12":"purchasable","13":"product-type-simple"},"_links":{"self":[{"href":"https:\/\/stoic-curie.212-227-153-4.plesk.page\/pt\/wp-json\/wp\/v2\/product\/748913","targetHints":{"allow":["GET"]}}],"collection":[{"href":"https:\/\/stoic-curie.212-227-153-4.plesk.page\/pt\/wp-json\/wp\/v2\/product"}],"about":[{"href":"https:\/\/stoic-curie.212-227-153-4.plesk.page\/pt\/wp-json\/wp\/v2\/types\/product"}],"replies":[{"embeddable":true,"href":"https:\/\/stoic-curie.212-227-153-4.plesk.page\/pt\/wp-json\/wp\/v2\/comments?post=748913"}],"version-history":[{"count":0,"href":"https:\/\/stoic-curie.212-227-153-4.plesk.page\/pt\/wp-json\/wp\/v2\/product\/748913\/revisions"}],"wp:featuredmedia":[{"embeddable":true,"href":"https:\/\/stoic-curie.212-227-153-4.plesk.page\/pt\/wp-json\/wp\/v2\/media\/5943603"}],"wp:attachment":[{"href":"https:\/\/stoic-curie.212-227-153-4.plesk.page\/pt\/wp-json\/wp\/v2\/media?parent=748913"}],"wp:term":[{"taxonomy":"product_brand","embeddable":true,"href":"https:\/\/stoic-curie.212-227-153-4.plesk.page\/pt\/wp-json\/wp\/v2\/product_brand?post=748913"},{"taxonomy":"product_cat","embeddable":true,"href":"https:\/\/stoic-curie.212-227-153-4.plesk.page\/pt\/wp-json\/wp\/v2\/product_cat?post=748913"},{"taxonomy":"product_tag","embeddable":true,"href":"https:\/\/stoic-curie.212-227-153-4.plesk.page\/pt\/wp-json\/wp\/v2\/product_tag?post=748913"}],"curies":[{"name":"wp","href":"https:\/\/api.w.org\/{rel}","templated":true}]}}