{"id":748917,"date":"2025-03-03T21:13:55","date_gmt":"2025-03-03T20:13:55","guid":{"rendered":"https:\/\/stoic-curie.212-227-153-4.plesk.page\/producto\/arrefecedor-de-oleo-bowman-ec80-1069-1\/"},"modified":"2026-02-25T00:28:04","modified_gmt":"2026-02-25T00:28:04","slug":"arrefecedor-de-oleo-bowman-ec80-1069-1","status":"publish","type":"product","link":"https:\/\/stoic-curie.212-227-153-4.plesk.page\/pt\/product\/arrefecedor-de-oleo-bowman-ec80-1069-1\/","title":{"rendered":"Arrefecedor de \u00f3leo Bowman EC80-1069-1 45mm"},"content":{"rendered":"<p>Arrefecedor de \u00f3leo Bowman EC80-1069-1 45mm &#8211; <\/p>\n<p>A s\u00e9rie EC de resfriadores de \u00f3leo tubulares da Bowman foi projetada para reduzir eficientemente as temperaturas do \u00f3leo do motor. Inclui uma conex\u00e3o roscada BSP f\u00eamea para o tubo de \u00f3leo e conex\u00f5es de tamp\u00e3o reto para \u00e1gua bruta. O tubo \u00e9 constru\u00eddo em cobre n\u00edquel robusto, enquanto os tamp\u00f5es s\u00e3o feitos de lat\u00e3o naval de alta qualidade.<\/p>\n<p><strong>Aplica\u00e7\u00f5es:<\/strong><\/p>\n<ul>\n<li>BMC Leyland 4\/98 (3.81)<\/li>\n<li>Modelos Ford 2711, 2712E, 2722<\/li>\n<li>BSD329, BSD332, BSD333 e BSD333H<\/li>\n<li>General Motors 220<\/li>\n<li>New Holland Genesis 450<\/li>\n<li>Perkins 4236<\/li>\n<\/ul>\n<p><strong>Especifica\u00e7\u00f5es:<\/strong><\/p>\n<ul>\n<li><strong>Comprimento:<\/strong> 200 mm<\/li>\n<li><strong>Material:<\/strong> Tubo em cobre n\u00edquel com tamp\u00f5es de lat\u00e3o naval<\/li>\n<li><strong>Marca:<\/strong> Bowman<\/li>\n<li><strong>Compat\u00edvel Com:<\/strong> BMC, Ford, New Holland Genesis, Perkins, Thornycroft<\/li>\n<li><strong>Pa\u00eds de Origem:<\/strong> Reino Unido<\/li>\n<li><strong>Conex\u00f5es:<\/strong> \u00d3leo: 1\/2&#8243; BSP F\u00eamea; \u00c1gua Bruta: tamp\u00f5es retos de lat\u00e3o naval para mangueiras de 45 mm de di\u00e2metro interno<\/li>\n<li><strong>Di\u00e2metro:<\/strong> Di\u00e2metro Externo: 100 mm<\/li>\n<li><strong>Pot\u00eancia M\u00e1xima:<\/strong> 80 HP (60 kW)<\/li>\n<li><strong>Modelo:<\/strong> EC80<\/li>\n<\/ul>\n","protected":false},"excerpt":{"rendered":"<p>Arrefecedor de \u00f3leo Bowman EC80-1069-1 45mm &#8211; A s\u00e9rie EC de resfriadores de \u00f3leo tubulares da Bowman foi projetada para<\/p>\n","protected":false},"featured_media":5943605,"comment_status":"open","ping_status":"closed","template":"","meta":[],"product_brand":[2847],"product_cat":[2077],"product_tag":[],"class_list":{"0":"post-748917","1":"product","2":"type-product","3":"status-publish","4":"has-post-thumbnail","6":"product_brand-bowman-pt","7":"product_cat-permutadores-de-calor-e-arrefecedores-a-oleo","9":"first","10":"instock","11":"shipping-taxable","12":"purchasable","13":"product-type-simple"},"_links":{"self":[{"href":"https:\/\/stoic-curie.212-227-153-4.plesk.page\/pt\/wp-json\/wp\/v2\/product\/748917","targetHints":{"allow":["GET"]}}],"collection":[{"href":"https:\/\/stoic-curie.212-227-153-4.plesk.page\/pt\/wp-json\/wp\/v2\/product"}],"about":[{"href":"https:\/\/stoic-curie.212-227-153-4.plesk.page\/pt\/wp-json\/wp\/v2\/types\/product"}],"replies":[{"embeddable":true,"href":"https:\/\/stoic-curie.212-227-153-4.plesk.page\/pt\/wp-json\/wp\/v2\/comments?post=748917"}],"version-history":[{"count":0,"href":"https:\/\/stoic-curie.212-227-153-4.plesk.page\/pt\/wp-json\/wp\/v2\/product\/748917\/revisions"}],"wp:featuredmedia":[{"embeddable":true,"href":"https:\/\/stoic-curie.212-227-153-4.plesk.page\/pt\/wp-json\/wp\/v2\/media\/5943605"}],"wp:attachment":[{"href":"https:\/\/stoic-curie.212-227-153-4.plesk.page\/pt\/wp-json\/wp\/v2\/media?parent=748917"}],"wp:term":[{"taxonomy":"product_brand","embeddable":true,"href":"https:\/\/stoic-curie.212-227-153-4.plesk.page\/pt\/wp-json\/wp\/v2\/product_brand?post=748917"},{"taxonomy":"product_cat","embeddable":true,"href":"https:\/\/stoic-curie.212-227-153-4.plesk.page\/pt\/wp-json\/wp\/v2\/product_cat?post=748917"},{"taxonomy":"product_tag","embeddable":true,"href":"https:\/\/stoic-curie.212-227-153-4.plesk.page\/pt\/wp-json\/wp\/v2\/product_tag?post=748917"}],"curies":[{"name":"wp","href":"https:\/\/api.w.org\/{rel}","templated":true}]}}