{"id":748919,"date":"2025-03-03T21:13:55","date_gmt":"2025-03-03T20:13:55","guid":{"rendered":"https:\/\/stoic-curie.212-227-153-4.plesk.page\/producto\/fendress-capa-defensas-a5-blue-royal\/"},"modified":"2026-02-25T00:28:04","modified_gmt":"2026-02-25T00:28:04","slug":"fendress-capa-defensas-a5-blue-royal","status":"publish","type":"product","link":"https:\/\/stoic-curie.212-227-153-4.plesk.page\/pt\/product\/fendress-capa-defensas-a5-blue-royal\/","title":{"rendered":"Fendress Capa Defensas A5 Blue Royal"},"content":{"rendered":"<p>Fendress Capa Defensas A5 Blue Royal &#8211; <\/p>\n<p>Coberturas de Fender Fendress de pel\u00facia feitas \u00e0 m\u00e3o. Prote\u00e7\u00e3o premium para seus fenders, eliminando rangidos e marcas. Macias e resistentes, essas coberturas protegem eficientemente sua pintura de gel-coat e fazem seus fenders durarem mais tempo. <\/p>\n<p>\u2022 As \u201cCoberturas Fendress\u201d s\u00e3o 100% acr\u00edlicas, feitas \u00e0 m\u00e3o, de qualidade premium, resistentes e n\u00e3o abrasivas. As suaves coberturas de pel\u00facia oferecem a prote\u00e7\u00e3o ideal para sua superf\u00edcie. <br \/>\u2022 As \u201cCoberturas Fendress\u201d s\u00e3o resistentes a UV e \u00e1gua do mar, protegendo eficientemente sua pintura de gel-coat contra marcas e abras\u00f5es. O tecido de pel\u00facia resistente e dur\u00e1vel cont\u00e9m todas as melhores caracter\u00edsticas, incluindo resist\u00eancia a rasgos e abras\u00f5es, secagem r\u00e1pida e f\u00e1cil remo\u00e7\u00e3o para limpeza.<br \/>\u2022 As \u201cCoberturas Fendress\u201d fazem seus fenders durarem mais e eliminam o inc\u00f4modo rangido. Cores resistentes a UV n\u00e3o marcam sua superf\u00edcie. Lav\u00e1vel na m\u00e1quina.<br \/>\u2022 As \u201cCoberturas Fendress\u201d possuem uma parte superior de alta resist\u00eancia e uma bainha el\u00e1stica que permite um ajuste personalizado para todos os tipos de fenders. As coberturas est\u00e3o dispon\u00edveis em 9 cores.<\/p>\n","protected":false},"excerpt":{"rendered":"<p>Fendress Capa Defensas A5 Blue Royal &#8211; Coberturas de Fender Fendress de pel\u00facia feitas \u00e0 m\u00e3o. Prote\u00e7\u00e3o premium para seus<\/p>\n","protected":false},"featured_media":5943435,"comment_status":"open","ping_status":"closed","template":"","meta":[],"product_brand":[2233,2937],"product_cat":[2138],"product_tag":[],"class_list":{"0":"post-748919","1":"product","2":"type-product","3":"status-publish","4":"has-post-thumbnail","6":"product_brand-fendress","7":"product_brand-fendress-pt","8":"product_cat-capas-para-defensas","10":"first","11":"instock","12":"shipping-taxable","13":"purchasable","14":"product-type-simple"},"_links":{"self":[{"href":"https:\/\/stoic-curie.212-227-153-4.plesk.page\/pt\/wp-json\/wp\/v2\/product\/748919","targetHints":{"allow":["GET"]}}],"collection":[{"href":"https:\/\/stoic-curie.212-227-153-4.plesk.page\/pt\/wp-json\/wp\/v2\/product"}],"about":[{"href":"https:\/\/stoic-curie.212-227-153-4.plesk.page\/pt\/wp-json\/wp\/v2\/types\/product"}],"replies":[{"embeddable":true,"href":"https:\/\/stoic-curie.212-227-153-4.plesk.page\/pt\/wp-json\/wp\/v2\/comments?post=748919"}],"version-history":[{"count":0,"href":"https:\/\/stoic-curie.212-227-153-4.plesk.page\/pt\/wp-json\/wp\/v2\/product\/748919\/revisions"}],"wp:featuredmedia":[{"embeddable":true,"href":"https:\/\/stoic-curie.212-227-153-4.plesk.page\/pt\/wp-json\/wp\/v2\/media\/5943435"}],"wp:attachment":[{"href":"https:\/\/stoic-curie.212-227-153-4.plesk.page\/pt\/wp-json\/wp\/v2\/media?parent=748919"}],"wp:term":[{"taxonomy":"product_brand","embeddable":true,"href":"https:\/\/stoic-curie.212-227-153-4.plesk.page\/pt\/wp-json\/wp\/v2\/product_brand?post=748919"},{"taxonomy":"product_cat","embeddable":true,"href":"https:\/\/stoic-curie.212-227-153-4.plesk.page\/pt\/wp-json\/wp\/v2\/product_cat?post=748919"},{"taxonomy":"product_tag","embeddable":true,"href":"https:\/\/stoic-curie.212-227-153-4.plesk.page\/pt\/wp-json\/wp\/v2\/product_tag?post=748919"}],"curies":[{"name":"wp","href":"https:\/\/api.w.org\/{rel}","templated":true}]}}