{"id":748920,"date":"2025-03-03T21:13:56","date_gmt":"2025-03-03T20:13:56","guid":{"rendered":"https:\/\/stoic-curie.212-227-153-4.plesk.page\/producto\/fendress-capa-defensas-par-a6-blue-royal\/"},"modified":"2026-02-25T00:28:04","modified_gmt":"2026-02-25T00:28:04","slug":"fendress-capa-defensas-par-a6-blue-royal","status":"publish","type":"product","link":"https:\/\/stoic-curie.212-227-153-4.plesk.page\/pt\/product\/fendress-capa-defensas-par-a6-blue-royal\/","title":{"rendered":"Fendress Capa Defensas Par A6 Blue Royal"},"content":{"rendered":"<p>Fendress Capa Defensas Par A6 Blue Royal &#8211; <\/p>\n<p>Capas de fender Fendress de pel\u00facia feitas \u00e0 m\u00e3o. Prote\u00e7\u00e3o premium para os seus fenders, eliminando o rangido e as marcas de desgaste. Macias e resistentes, estas capas de fender protegem eficazmente a sua tinta de gel coat e prolongam a vida \u00fatil dos seus fenders.<\/p>\n<p>\u2022 As \u201cFendress Covers\u201d s\u00e3o 100% acr\u00edlicas, feitas \u00e0 m\u00e3o, de qualidade premium, resistentes e n\u00e3o abrasivas, tricotadas em malha de la\u00e7o. As suaves capas de fender de pel\u00facia oferecem a m\u00e1xima prote\u00e7\u00e3o para os seus lados. \u2022 As \u201cFendress Covers\u201d s\u00e3o resistentes aos UV e \u00e0 \u00e1gua do mar, protegendo eficazmente a sua tinta de gel coat contra marcas de desgaste e abras\u00e3o. O tecido de fleece resistente e robusto cont\u00e9m todas as melhores caracter\u00edsticas, incluindo resist\u00eancia a rasgos e abras\u00e3o, capacidade de secagem r\u00e1pida e f\u00e1cil remo\u00e7\u00e3o para limpeza. \u2022 As \u201cFendress Covers\u201d prolongam a vida \u00fatil dos seus fenders e eliminam o irritante rangido do fender. Cores resistentes aos UV n\u00e3o marcam os seus lados. Lav\u00e1vel \u00e0 m\u00e1quina. \u2022 As \u201cFendress Covers\u201d com alta resist\u00eancia na parte superior e bainha el\u00e1stica permitem um ajuste personalizado para todos os tipos de fenders. As capas est\u00e3o dispon\u00edveis em 9 cores.<\/p>\n","protected":false},"excerpt":{"rendered":"<p>Fendress Capa Defensas Par A6 Blue Royal &#8211; Capas de fender Fendress de pel\u00facia feitas \u00e0 m\u00e3o. Prote\u00e7\u00e3o premium para<\/p>\n","protected":false},"featured_media":5943435,"comment_status":"open","ping_status":"closed","template":"","meta":[],"product_brand":[2937],"product_cat":[2138],"product_tag":[],"class_list":{"0":"post-748920","1":"product","2":"type-product","3":"status-publish","4":"has-post-thumbnail","6":"product_brand-fendress-pt","7":"product_cat-capas-para-defensas","9":"first","10":"instock","11":"shipping-taxable","12":"purchasable","13":"product-type-simple"},"_links":{"self":[{"href":"https:\/\/stoic-curie.212-227-153-4.plesk.page\/pt\/wp-json\/wp\/v2\/product\/748920","targetHints":{"allow":["GET"]}}],"collection":[{"href":"https:\/\/stoic-curie.212-227-153-4.plesk.page\/pt\/wp-json\/wp\/v2\/product"}],"about":[{"href":"https:\/\/stoic-curie.212-227-153-4.plesk.page\/pt\/wp-json\/wp\/v2\/types\/product"}],"replies":[{"embeddable":true,"href":"https:\/\/stoic-curie.212-227-153-4.plesk.page\/pt\/wp-json\/wp\/v2\/comments?post=748920"}],"version-history":[{"count":0,"href":"https:\/\/stoic-curie.212-227-153-4.plesk.page\/pt\/wp-json\/wp\/v2\/product\/748920\/revisions"}],"wp:featuredmedia":[{"embeddable":true,"href":"https:\/\/stoic-curie.212-227-153-4.plesk.page\/pt\/wp-json\/wp\/v2\/media\/5943435"}],"wp:attachment":[{"href":"https:\/\/stoic-curie.212-227-153-4.plesk.page\/pt\/wp-json\/wp\/v2\/media?parent=748920"}],"wp:term":[{"taxonomy":"product_brand","embeddable":true,"href":"https:\/\/stoic-curie.212-227-153-4.plesk.page\/pt\/wp-json\/wp\/v2\/product_brand?post=748920"},{"taxonomy":"product_cat","embeddable":true,"href":"https:\/\/stoic-curie.212-227-153-4.plesk.page\/pt\/wp-json\/wp\/v2\/product_cat?post=748920"},{"taxonomy":"product_tag","embeddable":true,"href":"https:\/\/stoic-curie.212-227-153-4.plesk.page\/pt\/wp-json\/wp\/v2\/product_tag?post=748920"}],"curies":[{"name":"wp","href":"https:\/\/api.w.org\/{rel}","templated":true}]}}