{"id":748922,"date":"2025-03-03T21:13:56","date_gmt":"2025-03-03T20:13:56","guid":{"rendered":"https:\/\/stoic-curie.212-227-153-4.plesk.page\/producto\/painel-de-radio-mz-contador-de-corrente-ascendente-descendente-12-24v\/"},"modified":"2026-02-25T00:28:04","modified_gmt":"2026-02-25T00:28:04","slug":"painel-de-radio-mz-contador-de-corrente-ascendente-descendente-12-24v","status":"publish","type":"product","link":"https:\/\/stoic-curie.212-227-153-4.plesk.page\/pt\/product\/painel-de-radio-mz-contador-de-corrente-ascendente-descendente-12-24v\/","title":{"rendered":"Painel de R\u00e1dio MZ Contador de corrente ascendente-descendente 12\/24V"},"content":{"rendered":"<p>Painel de R\u00e1dio MZ Contador de corrente ascendente-descendente 12\/24V &#8211; <\/p>\n<p>Painel contador de corrente de guincho controlado por r\u00e1dio, conta o comprimento da corrente solta sem amarras, garantindo total liberdade de manobra durante as opera\u00e7\u00f5es de ancoragem. F\u00e1cil instala\u00e7\u00e3o com conex\u00e3o simples \u00e0 bateria. Caixa protegida IP56. Dimens\u00f5es: 100 x 100 x 18 mm.<\/p>\n","protected":false},"excerpt":{"rendered":"<p>Painel de R\u00e1dio MZ Contador de corrente ascendente-descendente 12\/24V &#8211; Painel contador de corrente de guincho controlado por r\u00e1dio, conta<\/p>\n","protected":false},"featured_media":5940846,"comment_status":"open","ping_status":"closed","template":"","meta":[],"product_brand":[3162],"product_cat":[1898],"product_tag":[],"class_list":{"0":"post-748922","1":"product","2":"type-product","3":"status-publish","4":"has-post-thumbnail","6":"product_brand-mz-electronic-pt","7":"product_cat-molinetes-quick-amarracao-e-fundear","9":"first","10":"instock","11":"shipping-taxable","12":"purchasable","13":"product-type-simple"},"_links":{"self":[{"href":"https:\/\/stoic-curie.212-227-153-4.plesk.page\/pt\/wp-json\/wp\/v2\/product\/748922","targetHints":{"allow":["GET"]}}],"collection":[{"href":"https:\/\/stoic-curie.212-227-153-4.plesk.page\/pt\/wp-json\/wp\/v2\/product"}],"about":[{"href":"https:\/\/stoic-curie.212-227-153-4.plesk.page\/pt\/wp-json\/wp\/v2\/types\/product"}],"replies":[{"embeddable":true,"href":"https:\/\/stoic-curie.212-227-153-4.plesk.page\/pt\/wp-json\/wp\/v2\/comments?post=748922"}],"version-history":[{"count":0,"href":"https:\/\/stoic-curie.212-227-153-4.plesk.page\/pt\/wp-json\/wp\/v2\/product\/748922\/revisions"}],"wp:featuredmedia":[{"embeddable":true,"href":"https:\/\/stoic-curie.212-227-153-4.plesk.page\/pt\/wp-json\/wp\/v2\/media\/5940846"}],"wp:attachment":[{"href":"https:\/\/stoic-curie.212-227-153-4.plesk.page\/pt\/wp-json\/wp\/v2\/media?parent=748922"}],"wp:term":[{"taxonomy":"product_brand","embeddable":true,"href":"https:\/\/stoic-curie.212-227-153-4.plesk.page\/pt\/wp-json\/wp\/v2\/product_brand?post=748922"},{"taxonomy":"product_cat","embeddable":true,"href":"https:\/\/stoic-curie.212-227-153-4.plesk.page\/pt\/wp-json\/wp\/v2\/product_cat?post=748922"},{"taxonomy":"product_tag","embeddable":true,"href":"https:\/\/stoic-curie.212-227-153-4.plesk.page\/pt\/wp-json\/wp\/v2\/product_tag?post=748922"}],"curies":[{"name":"wp","href":"https:\/\/api.w.org\/{rel}","templated":true}]}}