{"id":748923,"date":"2025-03-03T21:13:57","date_gmt":"2025-03-03T20:13:57","guid":{"rendered":"https:\/\/stoic-curie.212-227-153-4.plesk.page\/producto\/gerador-marinho-paguro-3-sy-3kw\/"},"modified":"2026-02-25T00:28:04","modified_gmt":"2026-02-25T00:28:04","slug":"gerador-marinho-paguro-3-sy-3kw","status":"publish","type":"product","link":"https:\/\/stoic-curie.212-227-153-4.plesk.page\/pt\/product\/gerador-marinho-paguro-3-sy-3kw\/","title":{"rendered":"Gerador Marinho Paguro 3 SY 3kw"},"content":{"rendered":"<p>Gerador Marinho Paguro 3 SY 3kw &#8211; <\/p>\n<p>O gerador Paguro \u00e9 alimentado por um motor diesel Yanmar com alternador refrigerado a \u00e1gua. Alternador sem escovas e s\u00edncrono. Ideal para aplica\u00e7\u00f5es que requerem uma alta corrente de arranque. Componentes marinizados e caixa de fibra de vidro \u00e0 prova de som. Completo com painel de controle remoto com cabo de 15 m, medidor de horas, parada autom\u00e1tica de emerg\u00eancia\/falha e kit de montagem anti-vibra\u00e7\u00e3o.<\/p>\n<p><strong>PAGURO 3 SY \u2013 3 KVA 3 KW<\/strong><\/p>\n<p>O gerador PAGURO 3 SY \u00e9 um equipamento not\u00e1vel, projetado especificamente para aplica\u00e7\u00f5es marinhas, e \u00e9 alimentado por um confi\u00e1vel motor Yanmar emparelhado com um alternador refrigerado a \u00e1gua. Este gerador se destaca como uma das op\u00e7\u00f5es mais silenciosas dispon\u00edveis no mercado marinho, tornando-se uma escolha ideal para propriet\u00e1rios de barcos que valorizam a paz e a tranquilidade enquanto est\u00e3o na \u00e1gua. Uma das caracter\u00edsticas marcantes do PAGURO 3 SY \u00e9 seu inovador sistema de duplo amortecedor, que minimiza significativamente as vibra\u00e7\u00f5es durante a opera\u00e7\u00e3o. Esse recurso n\u00e3o apenas melhora a experi\u00eancia do usu\u00e1rio como um todo, mas tamb\u00e9m garante uma opera\u00e7\u00e3o mais suave e est\u00e1vel, o que \u00e9 crucial para manter o conforto a bordo.<\/p>\n<p>Em termos de constru\u00e7\u00e3o, todos os componentes que entram em contato com a \u00e1gua do mar s\u00e3o meticulosamente fabricados em a\u00e7o inoxid\u00e1vel 316 L. Essa escolha de material \u00e9 essencial, pois proporciona uma durabilidade e resist\u00eancia \u00e0 corros\u00e3o excepcionais, garantindo que o gerador possa suportar as severas condi\u00e7\u00f5es marinhas ao longo do tempo.<\/p>\n<p><strong>Alternador<\/strong><\/p>\n<p>O alternador do PAGURO 3 SY \u00e9 projetado com uma configura\u00e7\u00e3o s\u00edncrona, sem escovas e que incorpora regula\u00e7\u00e3o por capacitor. Esse design \u00e9 particularmente vantajoso, pois melhora a efici\u00eancia e a confiabilidade. O alternador \u00e9 refrigerado a \u00e1gua por meio de uma jaqueta de \u00e1gua de a\u00e7o inoxid\u00e1vel AISI 316 L, o que contribui ainda mais para sua longevidade. Al\u00e9m disso, apresenta um carregador dedicado para a bateria de arranque, classificado em 12 V e 8 A, e est\u00e1 classificado sob a Classe de Isola\u00e7\u00e3o H, garantindo desempenho e seguran\u00e7a ideais.<\/p>\n<p><strong>Motor<\/strong><\/p>\n<p>Este gerador funciona com combust\u00edvel diesel e \u00e9 alimentado por um motor monocil\u00edndrico. Ele utiliza um sistema de quatro tempos, que \u00e9 conhecido por sua efici\u00eancia e confiabilidade. O motor \u00e9 equipado com um trocador de calor que transfere efetivamente o calor da \u00e1gua para o ar e este componente tamb\u00e9m \u00e9 fabricado em a\u00e7o inoxid\u00e1vel de alta qualidade, garantindo durabilidade e desempenho.<\/p>\n<p><strong>Capsula Insonorizada<\/strong><\/p>\n<p>A c\u00e1psula insonorizada do PAGURO 3 SY \u00e9 constru\u00edda de GRP multicamadas, um material absorvente de som de alta densidade que reduz significativamente os n\u00edveis de ru\u00eddo. \u00c9 revestida com espuma isolante t\u00e9rmica, que n\u00e3o apenas ajuda na insonoriza\u00e7\u00e3o, mas tamb\u00e9m ajuda a manter temperaturas operacionais ideais. O design da c\u00e1psula \u00e9 particularmente amig\u00e1vel ao usu\u00e1rio, pois \u00e9 constru\u00edda em duas metades, permitindo f\u00e1cil acesso durante a manuten\u00e7\u00e3o, mesmo em espa\u00e7os confinados. Al\u00e9m disso, o sistema duplo anti-vibra\u00e7\u00e3o \u00e9 composto por quatro amortecedores internos macios e quatro suportes de motor com filme, localizados fora da c\u00e1psula. Esse design sofisticado melhora ainda mais a estabilidade do gerador e suas capacidades de redu\u00e7\u00e3o de ru\u00eddo, tornando-o uma excelente escolha para propriet\u00e1rios de barcos exigentes que buscam confiabilidade e desempenho em seus equipamentos marinhos.<\/p>\n","protected":false},"excerpt":{"rendered":"<p>Gerador Marinho Paguro 3 SY 3kw &#8211; O gerador Paguro \u00e9 alimentado por um motor diesel Yanmar com alternador refrigerado<\/p>\n","protected":false},"featured_media":5943606,"comment_status":"open","ping_status":"closed","template":"","meta":[],"product_brand":[3242],"product_cat":[2015],"product_tag":[],"class_list":{"0":"post-748923","1":"product","2":"type-product","3":"status-publish","4":"has-post-thumbnail","6":"product_brand-paguro-pt","7":"product_cat-geradores","9":"first","10":"instock","11":"shipping-taxable","12":"purchasable","13":"product-type-simple"},"_links":{"self":[{"href":"https:\/\/stoic-curie.212-227-153-4.plesk.page\/pt\/wp-json\/wp\/v2\/product\/748923","targetHints":{"allow":["GET"]}}],"collection":[{"href":"https:\/\/stoic-curie.212-227-153-4.plesk.page\/pt\/wp-json\/wp\/v2\/product"}],"about":[{"href":"https:\/\/stoic-curie.212-227-153-4.plesk.page\/pt\/wp-json\/wp\/v2\/types\/product"}],"replies":[{"embeddable":true,"href":"https:\/\/stoic-curie.212-227-153-4.plesk.page\/pt\/wp-json\/wp\/v2\/comments?post=748923"}],"version-history":[{"count":0,"href":"https:\/\/stoic-curie.212-227-153-4.plesk.page\/pt\/wp-json\/wp\/v2\/product\/748923\/revisions"}],"wp:featuredmedia":[{"embeddable":true,"href":"https:\/\/stoic-curie.212-227-153-4.plesk.page\/pt\/wp-json\/wp\/v2\/media\/5943606"}],"wp:attachment":[{"href":"https:\/\/stoic-curie.212-227-153-4.plesk.page\/pt\/wp-json\/wp\/v2\/media?parent=748923"}],"wp:term":[{"taxonomy":"product_brand","embeddable":true,"href":"https:\/\/stoic-curie.212-227-153-4.plesk.page\/pt\/wp-json\/wp\/v2\/product_brand?post=748923"},{"taxonomy":"product_cat","embeddable":true,"href":"https:\/\/stoic-curie.212-227-153-4.plesk.page\/pt\/wp-json\/wp\/v2\/product_cat?post=748923"},{"taxonomy":"product_tag","embeddable":true,"href":"https:\/\/stoic-curie.212-227-153-4.plesk.page\/pt\/wp-json\/wp\/v2\/product_tag?post=748923"}],"curies":[{"name":"wp","href":"https:\/\/api.w.org\/{rel}","templated":true}]}}