{"id":748924,"date":"2025-03-03T21:13:57","date_gmt":"2025-03-03T20:13:57","guid":{"rendered":"https:\/\/stoic-curie.212-227-153-4.plesk.page\/producto\/gerador-marinho-paguro-4-sy-3-5kw\/"},"modified":"2026-02-25T00:28:04","modified_gmt":"2026-02-25T00:28:04","slug":"gerador-marinho-paguro-4-sy-3-5kw","status":"publish","type":"product","link":"https:\/\/stoic-curie.212-227-153-4.plesk.page\/pt\/product\/gerador-marinho-paguro-4-sy-3-5kw\/","title":{"rendered":"Gerador Marinho Paguro 4 SY 3.5kw"},"content":{"rendered":"<p>Gerador Marinho Paguro 4 SY 3.5kw &#8211; <\/p>\n<p>O gerador PAGURO \u00e9 acionado por um motor diesel Yanmar com alternador refrigerado a \u00e1gua. \u00c9 um alternador s\u00edncrono e sem escovas. Ideal para uso, que exige uma alta corrente de partida. Componentes marinizados e caixa de fibra de vidro com isolamento ac\u00fastico. Completo com um painel de controle remoto com cabo de 15 m, contador de horas, parada autom\u00e1tica de emerg\u00eancia\/falha e kit de suportes antivibra\u00e7\u00e3o.<\/p>\n<p><strong>PAGURO 4 SY \u2013 4 KVA 3.5 KW<\/strong><\/p>\n<p>O gerador PAGURO 4 SY \u00e9 um equipamento not\u00e1vel, projetado especificamente para aplica\u00e7\u00f5es marinhas, sendo alimentado por um confi\u00e1vel motor Yanmar emparelhado a um alternador refrigerado a \u00e1gua. Este gerador se destaca como uma das op\u00e7\u00f5es mais silenciosas dispon\u00edveis no mercado mar\u00edtimo, tornando-se a escolha ideal para propriet\u00e1rios de barcos que valorizam a paz e a tranquilidade enquanto est\u00e3o na \u00e1gua. Uma das caracter\u00edsticas not\u00e1veis do PAGURO 4 SY \u00e9 seu sistema dual de absor\u00e7\u00e3o de choque, que minimiza significativamente as vibra\u00e7\u00f5es durante a opera\u00e7\u00e3o. Este design inovador garante um desempenho mais suave e est\u00e1vel, aprimorando a experi\u00eancia geral do usu\u00e1rio. Al\u00e9m disso, todos os componentes que entram em contato com a \u00e1gua do mar s\u00e3o meticulosamente constru\u00eddos em a\u00e7o inoxid\u00e1vel 316 L de alta qualidade, um material conhecido por sua excepcional durabilidade e resist\u00eancia \u00e0 corros\u00e3o, garantindo longevidade mesmo em ambientes marinhos adversos.<\/p>\n<p><strong>Alternador<\/strong><\/p>\n<p>No cora\u00e7\u00e3o do PAGURO 4 SY est\u00e1 um alternador s\u00edncrono, sem escovas que utiliza a regula\u00e7\u00e3o por capacitores para uma efici\u00eancia ideal. Este alternador \u00e9 refrigerado por \u00e1gua atrav\u00e9s de uma jaqueta de \u00e1gua em a\u00e7o inoxid\u00e1vel AISI 316 L, que n\u00e3o s\u00f3 melhora o desempenho, mas tamb\u00e9m contribui para sua durabilidade. Al\u00e9m disso, o gerador \u00e9 equipado com um carregador de bateria dedicado para a bateria de partida, avaliado em 12 V e 8 A, garantindo que seu gerador esteja sempre pronto para uso. O isolamento do alternador \u00e9 classificado como Classe H, o que garante desempenho ideal sob v\u00e1rias condi\u00e7\u00f5es de opera\u00e7\u00e3o, proporcionando tranquilidade para os propriet\u00e1rios de barcos.<\/p>\n<p><strong>Motor<\/strong><\/p>\n<p>O motor do PAGURO 4 SY funciona com combust\u00edvel diesel e \u00e9 acionado por um \u00fanico cilindro, utilizando um sistema de quatro tempos que \u00e9 eficiente e confi\u00e1vel. Um trocador de calor est\u00e1 incorporado no design, transferindo efetivamente o calor entre a \u00e1gua e o ar, e \u00e9 tamb\u00e9m constru\u00eddo em a\u00e7o inoxid\u00e1vel de alta qualidade. Esta engenharia bem pensada assegura que o gerador funcione de forma eficiente, mantendo um baixo impacto ambiental.<\/p>\n<p><strong>C\u00e1psula Isolada<\/strong><\/p>\n<p>Uma das caracter\u00edsticas mais impressionantes do PAGURO 4 SY \u00e9 sua c\u00e1psula isolada, constru\u00edda em GRP multicamada (Pl\u00e1stico Refor\u00e7ado com Vidro). Este material \u00e9 conhecido por sua alta densidade e excelentes propriedades de absor\u00e7\u00e3o de som, tornando-se uma barreira eficaz contra o ru\u00eddo. A c\u00e1psula \u00e9 ainda aprimorada por um revestimento de espuma isolante t\u00e9rmica, que ajuda a manter temperaturas operacionais ideais. Projetada em duas metades, a c\u00e1psula isolada permite f\u00e1cil acesso aos componentes internos para manuten\u00e7\u00e3o, mesmo em espa\u00e7os apertados, o que \u00e9 uma vantagem significativa para propriet\u00e1rios de barcos. Al\u00e9m disso, a c\u00e1psula incorpora um sistema dual antivibra\u00e7\u00e3o, apresentando quatro absorvedores internos macios e quatro suportes de motor captivos externos. Este design abrangente trabalha em conjunto para reduzir ainda mais o ru\u00eddo e as vibra\u00e7\u00f5es, garantindo que seu tempo na \u00e1gua permane\u00e7a o mais tranquilo e agrad\u00e1vel poss\u00edvel.<\/p>\n<p>Resumindo, o gerador PAGURO 4 SY \u00e9 uma escolha excepcional para propriet\u00e1rios de barcos que buscam uma fonte de energia confi\u00e1vel, silenciosa e eficiente para suas aventuras marinhas.<\/p>\n","protected":false},"excerpt":{"rendered":"<p>Gerador Marinho Paguro 4 SY 3.5kw &#8211; O gerador PAGURO \u00e9 acionado por um motor diesel Yanmar com alternador refrigerado<\/p>\n","protected":false},"featured_media":5943608,"comment_status":"open","ping_status":"closed","template":"","meta":[],"product_brand":[3242],"product_cat":[2015],"product_tag":[],"class_list":{"0":"post-748924","1":"product","2":"type-product","3":"status-publish","4":"has-post-thumbnail","6":"product_brand-paguro-pt","7":"product_cat-geradores","9":"first","10":"outofstock","11":"shipping-taxable","12":"purchasable","13":"product-type-simple"},"_links":{"self":[{"href":"https:\/\/stoic-curie.212-227-153-4.plesk.page\/pt\/wp-json\/wp\/v2\/product\/748924","targetHints":{"allow":["GET"]}}],"collection":[{"href":"https:\/\/stoic-curie.212-227-153-4.plesk.page\/pt\/wp-json\/wp\/v2\/product"}],"about":[{"href":"https:\/\/stoic-curie.212-227-153-4.plesk.page\/pt\/wp-json\/wp\/v2\/types\/product"}],"replies":[{"embeddable":true,"href":"https:\/\/stoic-curie.212-227-153-4.plesk.page\/pt\/wp-json\/wp\/v2\/comments?post=748924"}],"version-history":[{"count":0,"href":"https:\/\/stoic-curie.212-227-153-4.plesk.page\/pt\/wp-json\/wp\/v2\/product\/748924\/revisions"}],"wp:featuredmedia":[{"embeddable":true,"href":"https:\/\/stoic-curie.212-227-153-4.plesk.page\/pt\/wp-json\/wp\/v2\/media\/5943608"}],"wp:attachment":[{"href":"https:\/\/stoic-curie.212-227-153-4.plesk.page\/pt\/wp-json\/wp\/v2\/media?parent=748924"}],"wp:term":[{"taxonomy":"product_brand","embeddable":true,"href":"https:\/\/stoic-curie.212-227-153-4.plesk.page\/pt\/wp-json\/wp\/v2\/product_brand?post=748924"},{"taxonomy":"product_cat","embeddable":true,"href":"https:\/\/stoic-curie.212-227-153-4.plesk.page\/pt\/wp-json\/wp\/v2\/product_cat?post=748924"},{"taxonomy":"product_tag","embeddable":true,"href":"https:\/\/stoic-curie.212-227-153-4.plesk.page\/pt\/wp-json\/wp\/v2\/product_tag?post=748924"}],"curies":[{"name":"wp","href":"https:\/\/api.w.org\/{rel}","templated":true}]}}