{"id":748925,"date":"2025-03-03T21:13:57","date_gmt":"2025-03-03T20:13:57","guid":{"rendered":"https:\/\/stoic-curie.212-227-153-4.plesk.page\/producto\/gerador-marinho-paguro-6000-5kw\/"},"modified":"2026-02-25T00:28:04","modified_gmt":"2026-02-25T00:28:04","slug":"gerador-marinho-paguro-6000-5kw","status":"publish","type":"product","link":"https:\/\/stoic-curie.212-227-153-4.plesk.page\/pt\/product\/gerador-marinho-paguro-6000-5kw\/","title":{"rendered":"Gerador Marinho Paguro 6000 5kw"},"content":{"rendered":"<p>Gerador Marinho Paguro 6000 5kw &#8211; O gerador marinho VTE Paguro 6000 \u00e9 uma not\u00e1vel pe\u00e7a de engenharia, alimentada por um robusto motor Lombardini de 2 cilindros. Este gerador exemplifica um equil\u00edbrio ideal entre alta pot\u00eancia de sa\u00edda, tamanho compacto e um funcionamento incrivelmente silencioso, tornando-se uma excelente escolha para armadores que buscam confiabilidade e efici\u00eancia. Cada unidade \u00e9meticulosamente constru\u00edda com materiais premium por t\u00e9cnicos qualificados, garantindo que atende aos mais altos padr\u00f5es de durabilidade e confiabilidade. Notavelmente, todos os componentes que entram em contato com \u00e1gua bruta s\u00e3o feitos de a\u00e7o inoxid\u00e1vel AISI 316 L, o que fornece uma resist\u00eancia \u00e0 corros\u00e3o excepcional, uma caracter\u00edstica cr\u00edtica para ambientes marinhos onde a exposi\u00e7\u00e3o a \u00e1gua salgada \u00e9 inevit\u00e1vel. A garantia padr\u00e3o para o VTE Paguro 6000 \u00e9 de dois anos a partir da data de compra, oferecendo tranquilidade aos clientes. Al\u00e9m disso, uma op\u00e7\u00e3o de 50 Hz est\u00e1 dispon\u00edvel para aqueles que precisarem. O gerador \u00e9 equipado com um painel de controle digital remoto, um cabo de 15 metros e um escudo ac\u00fastico, aumentando assim sua usabilidade e conveni\u00eancia. A VOLPI TECNO ENERGIA (VTE) estabeleceu seus conjuntos geradores marinhos como um padr\u00e3o no mercado, gra\u00e7as ao seu desempenho \u00f3timo, baixos n\u00edveis de ru\u00eddo e design compacto, tornando-os uma escolha preferida entre os entusiastas de barcos. A linha PAGURO \u00e9 extensa, atendendo a uma variedade de necessidades de pot\u00eancia e desempenho tanto para iates quanto para lanchas. Essa versatilidade garante que, seja voc\u00ea um navegante ocasional ou um marinheiro s\u00e9rio, h\u00e1 um gerador Paguro que pode atender \u00e0s suas necessidades espec\u00edficas. Uma das caracter\u00edsticas de destaque do VTE Paguro 6000 \u00e9 seu funcionamento extraordinariamente silencioso. Tanto o motor quanto o alternador do gerador Paguro s\u00e3o refrigerados a \u00e1gua, eliminando a necessidade de fluxo de ar atrav\u00e9s da c\u00e1psula para fins de resfriamento. Este design inovador reduz significativamente a emiss\u00e3o de ru\u00eddos, permitindo uma experi\u00eancia mais tranquila a bordo. O ar para combust\u00e3o entra atrav\u00e9s de pequenas aberturas na base, que foram projetadas especificamente para minimizar a fuga de som, assegurando que o gerador opere de forma silenciosa sem comprometer o desempenho. A c\u00e1psula insonorizada \u00e9 constru\u00edda de fibra de vidro refor\u00e7ada de m\u00faltiplas camadas, revestida com espuma absorvente de som de alta densidade, garantindo isolamento ac\u00fastico m\u00e1ximo. Essa considera\u00e7\u00e3o de design cuidadosa permite que os propriet\u00e1rios de barcos aproveitem seu tempo na \u00e1gua sem os ru\u00eddos intrusivos que costumam ser associados a geradores tradicionais. Al\u00e9m de seu funcionamento silencioso, o VTE Paguro 6000 apresenta um sistema de dupla anti-vibra\u00e7\u00e3o que melhora a experi\u00eancia geral do usu\u00e1rio. Esse sistema incorpora quatro suportes amortecedores suaves dentro da c\u00e1psula e quatro suportes s\u00f3lidos do motor do lado de fora, reduzindo efetivamente o ru\u00eddo e a vibra\u00e7\u00e3o em uma ampla gama de frequ\u00eancias. Isso significa que n\u00e3o s\u00f3 o gerador \u00e9 silencioso, mas tamb\u00e9m funciona de maneira suave, minimizando quaisquer perturba\u00e7\u00f5es que possam diminuir seu prazer na \u00e1gua. Cada produto da linha Paguro \u00e9 cuidadosamente projetado e fabricado, muitas vezes usando componentes personalizados, para minimizar o tamanho do gerador, enquanto maximiza a produ\u00e7\u00e3o de energia e minimiza o som. Dada a limitada espa\u00e7o nos barcos modernos, o gerador Paguro permite que mais iates se beneficiem da pot\u00eancia do gerador do que nunca. Seu design compacto e leve faz dele uma escolha ideal para propriet\u00e1rios de barcos que est\u00e3o cientes das limita\u00e7\u00f5es de espa\u00e7o e peso, garantindo que possam desfrutar dos benef\u00edcios de uma fonte de energia confi\u00e1vel sem comprometer o desempenho do seu embarca\u00e7\u00e3o. A seguran\u00e7a \u00e9 crucial quando se trata de equipamento marinho, e todos os geradores Paguro v\u00eam equipados com caracter\u00edsticas essenciais de seguran\u00e7a. Estas incluem sistemas de prote\u00e7\u00e3o contra superaquecimento e baixo n\u00edvel de \u00f3leo, que apresentam desligamento autom\u00e1tico e luzes indicadoras para alertar os usu\u00e1rios sobre quaisquer problemas potenciais. O painel de controle remoto inclui um monitor LED de pot\u00eancia em tempo real, permitindo que voc\u00ea acompanhe facilmente seu consumo de energia \u00e0 primeira vista. Este recurso \u00e9 particularmente \u00fatil para propriet\u00e1rios de barcos que precisam gerenciar seu consumo de energia de forma eficaz enquanto est\u00e3o na \u00e1gua. Para mais detalhes sobre o VTE Paguro 6000, consulte a se\u00e7\u00e3o de anexos abaixo, onde voc\u00ea encontrar\u00e1 documenta\u00e7\u00e3o adicional e especifica\u00e7\u00f5es que podem ajud\u00e1-lo a tomar uma decis\u00e3o informada.<\/p>\n","protected":false},"excerpt":{"rendered":"<p>Gerador Marinho Paguro 6000 5kw &#8211; O gerador marinho VTE Paguro 6000 \u00e9 uma not\u00e1vel pe\u00e7a de engenharia, alimentada por<\/p>\n","protected":false},"featured_media":5943610,"comment_status":"open","ping_status":"closed","template":"","meta":[],"product_brand":[3242],"product_cat":[2015],"product_tag":[],"class_list":{"0":"post-748925","1":"product","2":"type-product","3":"status-publish","4":"has-post-thumbnail","6":"product_brand-paguro-pt","7":"product_cat-geradores","9":"first","10":"instock","11":"shipping-taxable","12":"purchasable","13":"product-type-simple"},"_links":{"self":[{"href":"https:\/\/stoic-curie.212-227-153-4.plesk.page\/pt\/wp-json\/wp\/v2\/product\/748925","targetHints":{"allow":["GET"]}}],"collection":[{"href":"https:\/\/stoic-curie.212-227-153-4.plesk.page\/pt\/wp-json\/wp\/v2\/product"}],"about":[{"href":"https:\/\/stoic-curie.212-227-153-4.plesk.page\/pt\/wp-json\/wp\/v2\/types\/product"}],"replies":[{"embeddable":true,"href":"https:\/\/stoic-curie.212-227-153-4.plesk.page\/pt\/wp-json\/wp\/v2\/comments?post=748925"}],"version-history":[{"count":0,"href":"https:\/\/stoic-curie.212-227-153-4.plesk.page\/pt\/wp-json\/wp\/v2\/product\/748925\/revisions"}],"wp:featuredmedia":[{"embeddable":true,"href":"https:\/\/stoic-curie.212-227-153-4.plesk.page\/pt\/wp-json\/wp\/v2\/media\/5943610"}],"wp:attachment":[{"href":"https:\/\/stoic-curie.212-227-153-4.plesk.page\/pt\/wp-json\/wp\/v2\/media?parent=748925"}],"wp:term":[{"taxonomy":"product_brand","embeddable":true,"href":"https:\/\/stoic-curie.212-227-153-4.plesk.page\/pt\/wp-json\/wp\/v2\/product_brand?post=748925"},{"taxonomy":"product_cat","embeddable":true,"href":"https:\/\/stoic-curie.212-227-153-4.plesk.page\/pt\/wp-json\/wp\/v2\/product_cat?post=748925"},{"taxonomy":"product_tag","embeddable":true,"href":"https:\/\/stoic-curie.212-227-153-4.plesk.page\/pt\/wp-json\/wp\/v2\/product_tag?post=748925"}],"curies":[{"name":"wp","href":"https:\/\/api.w.org\/{rel}","templated":true}]}}