{"id":748926,"date":"2025-03-03T21:13:58","date_gmt":"2025-03-03T20:13:58","guid":{"rendered":"https:\/\/stoic-curie.212-227-153-4.plesk.page\/producto\/gerador-marinho-paguro-9000-8kw\/"},"modified":"2026-02-25T00:28:04","modified_gmt":"2026-02-25T00:28:04","slug":"gerador-marinho-paguro-9000-8kw","status":"publish","type":"product","link":"https:\/\/stoic-curie.212-227-153-4.plesk.page\/pt\/product\/gerador-marinho-paguro-9000-8kw\/","title":{"rendered":"Gerador Marinho Paguro 9000 8kw"},"content":{"rendered":"<p>Gerador Marinho Paguro 9000 8kw &#8211; <\/p>\n<p>O gerador Paguro, que funciona com um robusto motor diesel Yanmar, \u00e9 equipado com um alternador refrigerado a \u00e1gua que possui tecnologia sem escovas e s\u00edncrona. Este gerador \u00e9 excepcionalmente adequado para aplica\u00e7\u00f5es que requerem uma alta corrente de partida, tornando-se uma escolha confi\u00e1vel para diversos ambientes marinhos. A constru\u00e7\u00e3o do gerador utiliza componentes de grau marinho, garantindo que ele possa resistir \u00e0s exig\u00eancias da vida marinha, enquanto est\u00e1 alojado em uma caixa de fibra de vidro \u00e0 prova de som. Esse design n\u00e3o s\u00f3 garante durabilidade, mas tamb\u00e9m minimiza significativamente os n\u00edveis de ru\u00eddo, o que \u00e9 um fator crucial para aqueles que valorizam uma experi\u00eancia de navega\u00e7\u00e3o tranquila. Al\u00e9m disso, a unidade \u00e9 acompanhada por um painel de controle remoto que inclui um cabo de 15 metros, um contador de horas para rastreamento de uso, uma fun\u00e7\u00e3o de parada de emerg\u00eancia autom\u00e1tica para seguran\u00e7a e um conjunto de suportes antivibra\u00e7\u00e3o para melhorar ainda mais a estabilidade operacional.<\/p>\n<p><strong>VTE PAGURO 9000 &#8211; 8,5 kW &#8211; (60 Hz) 3600 RPM Gerador Marinho<\/strong><\/p>\n<p>O VTE PAGURO 9000 destaca-se como um gerador marinho de 8,5 kW que opera a 60 Hz, equipado com um motor Lombardini de dois cilindros. Este gerador encontra um equil\u00edbrio \u00f3timo entre alta produ\u00e7\u00e3o de energia, tamanho compacto e opera\u00e7\u00e3o silenciosa, tornando-se uma excelente escolha tanto para aplica\u00e7\u00f5es recreativas quanto profissionais no mar. Cada gerador Paguro \u00e9 meticulosamente fabricado com materiais de alta qualidade por t\u00e9cnicos qualificados, garantindo que cada unidade atenda aos mais altos padr\u00f5es de desempenho e confiabilidade. \u00c9 importante ressaltar que todos os componentes que entram em contato com \u00e1gua bruta s\u00e3o constru\u00eddos em a\u00e7o inoxid\u00e1vel AISI 316 L, que \u00e9 conhecido por sua durabilidade e resist\u00eancia \u00e0 corros\u00e3o, uma considera\u00e7\u00e3o cr\u00edtica em ambientes marinhos. A garantia padr\u00e3o para o VTE PAGURO 9000 \u00e9 de dois anos a partir da data da compra, proporcionando tranquilidade aos usu\u00e1rios. Al\u00e9m disso, uma vers\u00e3o de 50 Hz tamb\u00e9m est\u00e1 dispon\u00edvel para aqueles que a necessitam. O gerador est\u00e1 equipado com um painel de controle digital remoto, um cabo de 15 metros (49 p\u00e9s) e um escudo ac\u00fastico que melhora seu desempenho diminuindo ainda mais os n\u00edveis de ru\u00eddo.<\/p>\n","protected":false},"excerpt":{"rendered":"<p>Gerador Marinho Paguro 9000 8kw &#8211; O gerador Paguro, que funciona com um robusto motor diesel Yanmar, \u00e9 equipado com<\/p>\n","protected":false},"featured_media":5943612,"comment_status":"open","ping_status":"closed","template":"","meta":[],"product_brand":[3242],"product_cat":[2015],"product_tag":[],"class_list":{"0":"post-748926","1":"product","2":"type-product","3":"status-publish","4":"has-post-thumbnail","6":"product_brand-paguro-pt","7":"product_cat-geradores","9":"first","10":"instock","11":"shipping-taxable","12":"purchasable","13":"product-type-simple"},"_links":{"self":[{"href":"https:\/\/stoic-curie.212-227-153-4.plesk.page\/pt\/wp-json\/wp\/v2\/product\/748926","targetHints":{"allow":["GET"]}}],"collection":[{"href":"https:\/\/stoic-curie.212-227-153-4.plesk.page\/pt\/wp-json\/wp\/v2\/product"}],"about":[{"href":"https:\/\/stoic-curie.212-227-153-4.plesk.page\/pt\/wp-json\/wp\/v2\/types\/product"}],"replies":[{"embeddable":true,"href":"https:\/\/stoic-curie.212-227-153-4.plesk.page\/pt\/wp-json\/wp\/v2\/comments?post=748926"}],"version-history":[{"count":0,"href":"https:\/\/stoic-curie.212-227-153-4.plesk.page\/pt\/wp-json\/wp\/v2\/product\/748926\/revisions"}],"wp:featuredmedia":[{"embeddable":true,"href":"https:\/\/stoic-curie.212-227-153-4.plesk.page\/pt\/wp-json\/wp\/v2\/media\/5943612"}],"wp:attachment":[{"href":"https:\/\/stoic-curie.212-227-153-4.plesk.page\/pt\/wp-json\/wp\/v2\/media?parent=748926"}],"wp:term":[{"taxonomy":"product_brand","embeddable":true,"href":"https:\/\/stoic-curie.212-227-153-4.plesk.page\/pt\/wp-json\/wp\/v2\/product_brand?post=748926"},{"taxonomy":"product_cat","embeddable":true,"href":"https:\/\/stoic-curie.212-227-153-4.plesk.page\/pt\/wp-json\/wp\/v2\/product_cat?post=748926"},{"taxonomy":"product_tag","embeddable":true,"href":"https:\/\/stoic-curie.212-227-153-4.plesk.page\/pt\/wp-json\/wp\/v2\/product_tag?post=748926"}],"curies":[{"name":"wp","href":"https:\/\/api.w.org\/{rel}","templated":true}]}}