{"id":748928,"date":"2025-03-03T21:13:58","date_gmt":"2025-03-03T20:13:58","guid":{"rendered":"https:\/\/stoic-curie.212-227-153-4.plesk.page\/producto\/barra-de-led-quick-syria-warm-3000-k8-45w-406-x-24-x-a20\/"},"modified":"2026-02-25T00:28:04","modified_gmt":"2026-02-25T00:28:04","slug":"barra-de-led-quick-syria-warm-3000-k8-45w-406-x-24-x-a20","status":"publish","type":"product","link":"https:\/\/stoic-curie.212-227-153-4.plesk.page\/pt\/product\/barra-de-led-quick-syria-warm-3000-k8-45w-406-x-24-x-a20\/","title":{"rendered":"Barra de LED Quick Syria Warm 3000 K8 &#8211; 4,5W 406 x 24 x A20"},"content":{"rendered":"<p>Barra de LED Quick Syria Warm 3000 K8 &#8211; 4,5W 406 x 24 x A20 &#8211; <\/p>\n<p>Barra LED em alum\u00ednio cromado IP40 para interiores, ajust\u00e1vel com interruptor, ideal para iluminar pequenos espa\u00e7os. Montagem em superf\u00edcie com parafusos. Tens\u00e3o de 10-15V com LED protegidos contra picos de tens\u00e3o e invers\u00f5es.<\/p>\n","protected":false},"excerpt":{"rendered":"<p>Barra de LED Quick Syria Warm 3000 K8 &#8211; 4,5W 406 x 24 x A20 &#8211; Barra LED em alum\u00ednio<\/p>\n","protected":false},"featured_media":5940844,"comment_status":"open","ping_status":"closed","template":"","meta":[],"product_brand":[3282],"product_cat":[2026],"product_tag":[],"class_list":{"0":"post-748928","1":"product","2":"type-product","3":"status-publish","4":"has-post-thumbnail","6":"product_brand-quick-pt","7":"product_cat-iluminacao","9":"first","10":"instock","11":"shipping-taxable","12":"purchasable","13":"product-type-simple"},"_links":{"self":[{"href":"https:\/\/stoic-curie.212-227-153-4.plesk.page\/pt\/wp-json\/wp\/v2\/product\/748928","targetHints":{"allow":["GET"]}}],"collection":[{"href":"https:\/\/stoic-curie.212-227-153-4.plesk.page\/pt\/wp-json\/wp\/v2\/product"}],"about":[{"href":"https:\/\/stoic-curie.212-227-153-4.plesk.page\/pt\/wp-json\/wp\/v2\/types\/product"}],"replies":[{"embeddable":true,"href":"https:\/\/stoic-curie.212-227-153-4.plesk.page\/pt\/wp-json\/wp\/v2\/comments?post=748928"}],"version-history":[{"count":0,"href":"https:\/\/stoic-curie.212-227-153-4.plesk.page\/pt\/wp-json\/wp\/v2\/product\/748928\/revisions"}],"wp:featuredmedia":[{"embeddable":true,"href":"https:\/\/stoic-curie.212-227-153-4.plesk.page\/pt\/wp-json\/wp\/v2\/media\/5940844"}],"wp:attachment":[{"href":"https:\/\/stoic-curie.212-227-153-4.plesk.page\/pt\/wp-json\/wp\/v2\/media?parent=748928"}],"wp:term":[{"taxonomy":"product_brand","embeddable":true,"href":"https:\/\/stoic-curie.212-227-153-4.plesk.page\/pt\/wp-json\/wp\/v2\/product_brand?post=748928"},{"taxonomy":"product_cat","embeddable":true,"href":"https:\/\/stoic-curie.212-227-153-4.plesk.page\/pt\/wp-json\/wp\/v2\/product_cat?post=748928"},{"taxonomy":"product_tag","embeddable":true,"href":"https:\/\/stoic-curie.212-227-153-4.plesk.page\/pt\/wp-json\/wp\/v2\/product_tag?post=748928"}],"curies":[{"name":"wp","href":"https:\/\/api.w.org\/{rel}","templated":true}]}}