{"id":748929,"date":"2025-03-03T21:13:59","date_gmt":"2025-03-03T20:13:59","guid":{"rendered":"https:\/\/stoic-curie.212-227-153-4.plesk.page\/producto\/aquecedor-de-agua-quick-b3-60lt\/"},"modified":"2026-02-25T00:28:04","modified_gmt":"2026-02-25T00:28:04","slug":"aquecedor-de-agua-quick-b3-60lt","status":"publish","type":"product","link":"https:\/\/stoic-curie.212-227-153-4.plesk.page\/pt\/product\/aquecedor-de-agua-quick-b3-60lt\/","title":{"rendered":"Aquecedor de \u00c1gua Quick B3 60lt"},"content":{"rendered":"<p>Aquecedor de \u00c1gua Quick B3 60lt &#8211; <\/p>\n<p style=\"color: rgb(34, 34, 34); font-family: Arial, Helvetica, sans-serif; font-size: small;\">Os aquecedores de \u00e1gua Nautic Boiler s\u00e3o especialmente projetados para ambientes marinhos. Eles v\u00eam equipados com um elemento de aquecimento el\u00e9trico de 1200W-220V, tornando-os ideais para uso no cais ou com um gerador. Esses aquecedores possuem um trocador de calor exclusivo que captura o calor do sistema de arrefecimento do motor.<\/p>\n<p style=\"color: rgb(34, 34, 34); font-family: Arial, Helvetica, sans-serif; font-size: small;\">Esses boilers s\u00e3o constru\u00eddos para manter a qualidade da \u00e1gua pot\u00e1vel e incluem um \u00e2nodo para prevenir eletr\u00f3lise. O revestimento isolante \u00e9 feito de um material composto especial, enquanto o tanque \u00e9 feito de a\u00e7o inoxid\u00e1vel AISI 316 de alta qualidade. Cada unidade \u00e9 garantida por tr\u00eas anos e deve ser usada com um kit misturador de \u00e1gua.<\/p>\n<p style=\"color: rgb(34, 34, 34); font-family: Arial, Helvetica, sans-serif; font-size: small;\">Os boilers da s\u00e9rie Quick B3 est\u00e3o dispon\u00edveis em v\u00e1rios tamanhos e possuem um tanque feito de a\u00e7o inoxid\u00e1vel de alta qualidade com espessura de parede de 1,5 mm. Eles s\u00e3o equipados com um isolamento de espuma forte e um revestimento pl\u00e1stico dur\u00e1vel. Cada boiler inclui uma v\u00e1lvula de seguran\u00e7a\/anti-retorno e um elemento de aquecimento el\u00e9trico, com op\u00e7\u00f5es de 500 watts ou 1200 watts.<\/p>\n<p style=\"color: rgb(34, 34, 34); font-family: Arial, Helvetica, sans-serif; font-size: small;\">O modelo Quick B3 \u00e9 um aquecedor de \u00e1gua redondo que utiliza um elemento de aquecimento el\u00e9trico incoloy, que \u00e9 equipado com um bi-termostato de seguran\u00e7a ajust\u00e1vel. Este modelo possui um trocador de calor feito de a\u00e7o inoxid\u00e1vel AISI 316L, oferecendo uma capacidade que supera muitos concorrentes. O tanque interior \u00e9 constru\u00eddo a partir de a\u00e7o inoxid\u00e1vel AISI 316 de 1,5 mm de espessura, soldado com g\u00e1s de prote\u00e7\u00e3o Argon para maior resist\u00eancia \u00e0 corros\u00e3o. O exterior \u00e9 feito de um material composto pl\u00e1stico altamente dur\u00e1vel.<\/p>\n<p style=\"color: rgb(34, 34, 34); font-family: Arial, Helvetica, sans-serif; font-size: small;\">A unidade \u00e9 isolada com espuma de poliuretano de alta densidade, injetada entre a tampa e o tanque para garantir excelente reten\u00e7\u00e3o de calor. O modelo B3 tamb\u00e9m inclui suportes met\u00e1licos ajust\u00e1veis para montagem flex\u00edvel em espa\u00e7os apertados. Cada unidade vem completa com o aquecedor de \u00e1gua, suportes de montagem e quatro conex\u00f5es de lat\u00e3o.<\/p>\n<p style=\"color: rgb(34, 34, 34); font-family: Arial, Helvetica, sans-serif; font-size: small;\">Caracter\u00edsticas principais:<\/p>\n<ul style=\"color: rgb(34, 34, 34); font-family: Arial, Helvetica, sans-serif; font-size: small;\">\n<li>Produz \u00e1gua quente usando o elemento el\u00e9trico, que possui um bi-termostato de seguran\u00e7a ajust\u00e1vel<\/li>\n<li>Trocador de calor com uma ampla \u00e1rea de superf\u00edcie para transfer\u00eancia eficiente de calor<\/li>\n<li>Fabricado com materiais de alta qualidade<\/li>\n<li>V\u00e1lvula de al\u00edvio\/anti-retorno para descarga segura de \u00e1gua quando n\u00e3o est\u00e1 em uso<\/li>\n<\/ul>\n<p style=\"color: rgb(34, 34, 34); font-family: Arial, Helvetica, sans-serif; font-size: small;\">Aquecedor de \u00c1gua Quick B3 60lt:<\/p>\n<ul style=\"color: rgb(34, 34, 34); font-family: Arial, Helvetica, sans-serif; font-size: small;\">\n<li>Di\u00e2metro: 400 MM<\/li>\n<li>Poder do Elemento El\u00e9trico: 1200W (230 Volt)<\/li>\n<li>Comprimento: 721 MM<\/li>\n<li>Formato: Redondo<\/li>\n<li>Capacidade do Tanque: 60 L<\/li>\n<li>Peso: 14,6 KG<\/li>\n<\/ul>\n<p style=\"color: rgb(34, 34, 34); font-family: Arial, Helvetica, sans-serif; font-size: small;\">Modelos Dispon\u00edveis:<\/p>\n<ul style=\"color: rgb(34, 34, 34); font-family: Arial, Helvetica, sans-serif; font-size: small;\">\n<li>B3 15<\/li>\n<li>B3 20<\/li>\n<li>B3 25<\/li>\n<li>B3 30<\/li>\n<li>B3 40<\/li>\n<li>B3 60<\/li>\n<li>B3 80<\/li>\n<\/ul>\n<p style=\"color: rgb(34, 34, 34); font-family: Arial, Helvetica, sans-serif; font-size: small;\">Especifica\u00e7\u00f5es:<\/p>\n<ul style=\"color: rgb(34, 34, 34); font-family: Arial, Helvetica, sans-serif; font-size: small;\">\n<li>Capacidade do Tanque: 15L, 20L, 25L, 30L, 40L, 60L, 80L<\/li>\n<li>Material do Tanque: A\u00e7o Inoxid\u00e1vel<\/li>\n<li>Isolamento T\u00e9rmico: Espuma de Poliuretano<\/li>\n<li>Material do Revestimento Externo: Composto<\/li>\n<li>Press\u00e3o do Tanque (Teste de Funcionamento): 800 kPa<\/li>\n<li>Press\u00e3o de Trabalho M\u00e1xima: 600 kPa<\/li>\n<li>Classifica\u00e7\u00e3o de Tens\u00e3o do Elemento El\u00e9trico: 220 Vac \u00b1 10% ou 110 Vac \u00b1 10%<\/li>\n<li>Poder do Elemento El\u00e9trico: 500 W (Modelo 05), 600 W (Modelo 06), 1200 W (Modelo 12)<\/li>\n<li>Di\u00e2metro da Sa\u00edda: 1\/2&#8243;<\/li>\n<li>Peso com Trocador de Calor: 15,4 lb, 17,9 lb, 18,7 lb, 23,1 lb, 25,8 lb, 32,2 lb, 39,2 lb<\/li>\n<\/ul>\n<p style=\"color: rgb(34, 34, 34); font-family: Arial, Helvetica, sans-serif; font-size: small;\">Este panorama detalhado destaca a qualidade e os recursos de nossos aquecedores de \u00e1gua Nautic Boiler, garantindo que voc\u00ea tenha todas as informa\u00e7\u00f5es necess\u00e1rias para tomar uma decis\u00e3o informada.<\/p>\n","protected":false},"excerpt":{"rendered":"<p>Aquecedor de \u00c1gua Quick B3 60lt &#8211; Os aquecedores de \u00e1gua Nautic Boiler s\u00e3o especialmente projetados para ambientes marinhos. Eles<\/p>\n","protected":false},"featured_media":5938709,"comment_status":"open","ping_status":"closed","template":"","meta":[],"product_brand":[3282],"product_cat":[1938],"product_tag":[],"class_list":{"0":"post-748929","1":"product","2":"type-product","3":"status-publish","4":"has-post-thumbnail","6":"product_brand-quick-pt","7":"product_cat-aquecedores-de-agua","9":"first","10":"instock","11":"shipping-taxable","12":"purchasable","13":"product-type-simple"},"_links":{"self":[{"href":"https:\/\/stoic-curie.212-227-153-4.plesk.page\/pt\/wp-json\/wp\/v2\/product\/748929","targetHints":{"allow":["GET"]}}],"collection":[{"href":"https:\/\/stoic-curie.212-227-153-4.plesk.page\/pt\/wp-json\/wp\/v2\/product"}],"about":[{"href":"https:\/\/stoic-curie.212-227-153-4.plesk.page\/pt\/wp-json\/wp\/v2\/types\/product"}],"replies":[{"embeddable":true,"href":"https:\/\/stoic-curie.212-227-153-4.plesk.page\/pt\/wp-json\/wp\/v2\/comments?post=748929"}],"version-history":[{"count":0,"href":"https:\/\/stoic-curie.212-227-153-4.plesk.page\/pt\/wp-json\/wp\/v2\/product\/748929\/revisions"}],"wp:featuredmedia":[{"embeddable":true,"href":"https:\/\/stoic-curie.212-227-153-4.plesk.page\/pt\/wp-json\/wp\/v2\/media\/5938709"}],"wp:attachment":[{"href":"https:\/\/stoic-curie.212-227-153-4.plesk.page\/pt\/wp-json\/wp\/v2\/media?parent=748929"}],"wp:term":[{"taxonomy":"product_brand","embeddable":true,"href":"https:\/\/stoic-curie.212-227-153-4.plesk.page\/pt\/wp-json\/wp\/v2\/product_brand?post=748929"},{"taxonomy":"product_cat","embeddable":true,"href":"https:\/\/stoic-curie.212-227-153-4.plesk.page\/pt\/wp-json\/wp\/v2\/product_cat?post=748929"},{"taxonomy":"product_tag","embeddable":true,"href":"https:\/\/stoic-curie.212-227-153-4.plesk.page\/pt\/wp-json\/wp\/v2\/product_tag?post=748929"}],"curies":[{"name":"wp","href":"https:\/\/api.w.org\/{rel}","templated":true}]}}