{"id":748930,"date":"2025-03-03T21:13:59","date_gmt":"2025-03-03T20:13:59","guid":{"rendered":"https:\/\/stoic-curie.212-227-153-4.plesk.page\/producto\/coberturas-para-motores-de-popa-fendress-azul-60x50x50cm\/"},"modified":"2026-02-25T00:28:04","modified_gmt":"2026-02-25T00:28:04","slug":"coberturas-para-motores-de-popa-fendress-azul-60x50x50cm","status":"publish","type":"product","link":"https:\/\/stoic-curie.212-227-153-4.plesk.page\/pt\/product\/coberturas-para-motores-de-popa-fendress-azul-60x50x50cm\/","title":{"rendered":"Coberturas para Motores de Popa Fendress Azul 60x50x50cm"},"content":{"rendered":"<p>Coberturas para Motores de Popa Fendress Azul 60x50x50cm &#8211; <\/p>\n<p>Capas de qualidade premium para motores fora de borda, feitas do mesmo tecido usado para capas de fenders suaves e resistentes. Protege contra desgaste por atrito, intemp\u00e9ries, impactos, arranh\u00f5es, raios UV e pode at\u00e9 ser deixado no motor fora de borda enquanto navega. As capas Fenboard s\u00e3o feitas de tecido respir\u00e1vel (n\u00e3o criam condensa\u00e7\u00e3o) e n\u00e3o desbotam. Lav\u00e1vel \u00e0 m\u00e1quina e de secagem r\u00e1pida. Com a capa Fenboard, seu motor fora de borda permanecer\u00e1 como novo por mais tempo.<\/p>\n","protected":false},"excerpt":{"rendered":"<p>Coberturas para Motores de Popa Fendress Azul 60x50x50cm &#8211; Capas de qualidade premium para motores fora de borda, feitas do<\/p>\n","protected":false},"featured_media":5936878,"comment_status":"open","ping_status":"closed","template":"","meta":[],"product_brand":[2937],"product_cat":[2114,1970],"product_tag":[],"class_list":{"0":"post-748930","1":"product","2":"type-product","3":"status-publish","4":"has-post-thumbnail","6":"product_brand-fendress-pt","7":"product_cat-acessorios-para-motores-fora-de-bordo","8":"product_cat-capas-e-protecoes","10":"first","11":"instock","12":"shipping-taxable","13":"purchasable","14":"product-type-simple"},"_links":{"self":[{"href":"https:\/\/stoic-curie.212-227-153-4.plesk.page\/pt\/wp-json\/wp\/v2\/product\/748930","targetHints":{"allow":["GET"]}}],"collection":[{"href":"https:\/\/stoic-curie.212-227-153-4.plesk.page\/pt\/wp-json\/wp\/v2\/product"}],"about":[{"href":"https:\/\/stoic-curie.212-227-153-4.plesk.page\/pt\/wp-json\/wp\/v2\/types\/product"}],"replies":[{"embeddable":true,"href":"https:\/\/stoic-curie.212-227-153-4.plesk.page\/pt\/wp-json\/wp\/v2\/comments?post=748930"}],"version-history":[{"count":0,"href":"https:\/\/stoic-curie.212-227-153-4.plesk.page\/pt\/wp-json\/wp\/v2\/product\/748930\/revisions"}],"wp:featuredmedia":[{"embeddable":true,"href":"https:\/\/stoic-curie.212-227-153-4.plesk.page\/pt\/wp-json\/wp\/v2\/media\/5936878"}],"wp:attachment":[{"href":"https:\/\/stoic-curie.212-227-153-4.plesk.page\/pt\/wp-json\/wp\/v2\/media?parent=748930"}],"wp:term":[{"taxonomy":"product_brand","embeddable":true,"href":"https:\/\/stoic-curie.212-227-153-4.plesk.page\/pt\/wp-json\/wp\/v2\/product_brand?post=748930"},{"taxonomy":"product_cat","embeddable":true,"href":"https:\/\/stoic-curie.212-227-153-4.plesk.page\/pt\/wp-json\/wp\/v2\/product_cat?post=748930"},{"taxonomy":"product_tag","embeddable":true,"href":"https:\/\/stoic-curie.212-227-153-4.plesk.page\/pt\/wp-json\/wp\/v2\/product_tag?post=748930"}],"curies":[{"name":"wp","href":"https:\/\/api.w.org\/{rel}","templated":true}]}}