{"id":748933,"date":"2025-03-03T21:14:00","date_gmt":"2025-03-03T20:14:00","guid":{"rendered":"https:\/\/stoic-curie.212-227-153-4.plesk.page\/producto\/escada-telescopica-de-aco-inoxidavel-haste-unica-3-degraus-34-x-a87cm\/"},"modified":"2026-02-25T00:28:05","modified_gmt":"2026-02-25T00:28:05","slug":"escada-telescopica-de-aco-inoxidavel-haste-unica-3-degraus-34-x-a87cm","status":"publish","type":"product","link":"https:\/\/stoic-curie.212-227-153-4.plesk.page\/pt\/product\/escada-telescopica-de-aco-inoxidavel-haste-unica-3-degraus-34-x-a87cm\/","title":{"rendered":"Escada Telesc\u00f3pica de A\u00e7o Inoxid\u00e1vel (Haste \u00danica) 3 Degraus 34 x A87cm"},"content":{"rendered":"<p>Escada Telesc\u00f3pica de A\u00e7o Inoxid\u00e1vel (Haste \u00danica) 3 Degraus 34 x A87cm &#8211; <\/p>\n<p>Escadas telesc\u00f3picas dobr\u00e1veis em a\u00e7o inoxid\u00e1vel eletropolido. Acesso f\u00e1cil para nadadores ou mergulhadores com nadadeiras e equipamento pesado, gra\u00e7as ao suporte central e os degraus livres em ambos os lados.<\/p>\n","protected":false},"excerpt":{"rendered":"<p>Escada Telesc\u00f3pica de A\u00e7o Inoxid\u00e1vel (Haste \u00danica) 3 Degraus 34 x A87cm &#8211; Escadas telesc\u00f3picas dobr\u00e1veis em a\u00e7o inoxid\u00e1vel eletropolido.<\/p>\n","protected":false},"featured_media":5941046,"comment_status":"open","ping_status":"closed","template":"","meta":[],"product_brand":[3492],"product_cat":[1905],"product_tag":[],"class_list":{"0":"post-748933","1":"product","2":"type-product","3":"status-publish","4":"has-post-thumbnail","6":"product_brand-trem-pt","7":"product_cat-escadas","9":"first","10":"instock","11":"shipping-taxable","12":"purchasable","13":"product-type-simple"},"_links":{"self":[{"href":"https:\/\/stoic-curie.212-227-153-4.plesk.page\/pt\/wp-json\/wp\/v2\/product\/748933","targetHints":{"allow":["GET"]}}],"collection":[{"href":"https:\/\/stoic-curie.212-227-153-4.plesk.page\/pt\/wp-json\/wp\/v2\/product"}],"about":[{"href":"https:\/\/stoic-curie.212-227-153-4.plesk.page\/pt\/wp-json\/wp\/v2\/types\/product"}],"replies":[{"embeddable":true,"href":"https:\/\/stoic-curie.212-227-153-4.plesk.page\/pt\/wp-json\/wp\/v2\/comments?post=748933"}],"version-history":[{"count":0,"href":"https:\/\/stoic-curie.212-227-153-4.plesk.page\/pt\/wp-json\/wp\/v2\/product\/748933\/revisions"}],"wp:featuredmedia":[{"embeddable":true,"href":"https:\/\/stoic-curie.212-227-153-4.plesk.page\/pt\/wp-json\/wp\/v2\/media\/5941046"}],"wp:attachment":[{"href":"https:\/\/stoic-curie.212-227-153-4.plesk.page\/pt\/wp-json\/wp\/v2\/media?parent=748933"}],"wp:term":[{"taxonomy":"product_brand","embeddable":true,"href":"https:\/\/stoic-curie.212-227-153-4.plesk.page\/pt\/wp-json\/wp\/v2\/product_brand?post=748933"},{"taxonomy":"product_cat","embeddable":true,"href":"https:\/\/stoic-curie.212-227-153-4.plesk.page\/pt\/wp-json\/wp\/v2\/product_cat?post=748933"},{"taxonomy":"product_tag","embeddable":true,"href":"https:\/\/stoic-curie.212-227-153-4.plesk.page\/pt\/wp-json\/wp\/v2\/product_tag?post=748933"}],"curies":[{"name":"wp","href":"https:\/\/api.w.org\/{rel}","templated":true}]}}