{"id":748936,"date":"2025-03-03T21:14:01","date_gmt":"2025-03-03T20:14:01","guid":{"rendered":"https:\/\/stoic-curie.212-227-153-4.plesk.page\/producto\/focos-led-em-latao-cromado-ajustaveis-com-interruptor\/"},"modified":"2026-02-25T00:28:05","modified_gmt":"2026-02-25T00:28:05","slug":"focos-led-em-latao-cromado-ajustaveis-com-interruptor","status":"publish","type":"product","link":"https:\/\/stoic-curie.212-227-153-4.plesk.page\/pt\/product\/focos-led-em-latao-cromado-ajustaveis-com-interruptor\/","title":{"rendered":"Focos LED em Lat\u00e3o Cromado Ajust\u00e1veis com Interruptor"},"content":{"rendered":"<p>Focos LED em Lat\u00e3o Cromado Ajust\u00e1veis com Interruptor &#8211; <\/p>\n<p>Ilumina\u00e7\u00e3o de leitura ajust\u00e1vel em lat\u00e3o polido e cromado com LED de 3W e interruptor.<\/p>\n","protected":false},"excerpt":{"rendered":"<p>Focos LED em Lat\u00e3o Cromado Ajust\u00e1veis com Interruptor &#8211; Ilumina\u00e7\u00e3o de leitura ajust\u00e1vel em lat\u00e3o polido e cromado com LED<\/p>\n","protected":false},"featured_media":5941068,"comment_status":"open","ping_status":"closed","template":"","meta":[],"product_brand":[2168,3222],"product_cat":[2026],"product_tag":[],"class_list":{"0":"post-748936","1":"product","2":"type-product","3":"status-publish","4":"has-post-thumbnail","6":"product_brand-oceanled","7":"product_brand-oceanled-pt","8":"product_cat-iluminacao","10":"first","11":"instock","12":"shipping-taxable","13":"purchasable","14":"product-type-simple"},"_links":{"self":[{"href":"https:\/\/stoic-curie.212-227-153-4.plesk.page\/pt\/wp-json\/wp\/v2\/product\/748936","targetHints":{"allow":["GET"]}}],"collection":[{"href":"https:\/\/stoic-curie.212-227-153-4.plesk.page\/pt\/wp-json\/wp\/v2\/product"}],"about":[{"href":"https:\/\/stoic-curie.212-227-153-4.plesk.page\/pt\/wp-json\/wp\/v2\/types\/product"}],"replies":[{"embeddable":true,"href":"https:\/\/stoic-curie.212-227-153-4.plesk.page\/pt\/wp-json\/wp\/v2\/comments?post=748936"}],"version-history":[{"count":0,"href":"https:\/\/stoic-curie.212-227-153-4.plesk.page\/pt\/wp-json\/wp\/v2\/product\/748936\/revisions"}],"wp:featuredmedia":[{"embeddable":true,"href":"https:\/\/stoic-curie.212-227-153-4.plesk.page\/pt\/wp-json\/wp\/v2\/media\/5941068"}],"wp:attachment":[{"href":"https:\/\/stoic-curie.212-227-153-4.plesk.page\/pt\/wp-json\/wp\/v2\/media?parent=748936"}],"wp:term":[{"taxonomy":"product_brand","embeddable":true,"href":"https:\/\/stoic-curie.212-227-153-4.plesk.page\/pt\/wp-json\/wp\/v2\/product_brand?post=748936"},{"taxonomy":"product_cat","embeddable":true,"href":"https:\/\/stoic-curie.212-227-153-4.plesk.page\/pt\/wp-json\/wp\/v2\/product_cat?post=748936"},{"taxonomy":"product_tag","embeddable":true,"href":"https:\/\/stoic-curie.212-227-153-4.plesk.page\/pt\/wp-json\/wp\/v2\/product_tag?post=748936"}],"curies":[{"name":"wp","href":"https:\/\/api.w.org\/{rel}","templated":true}]}}