{"id":748943,"date":"2025-03-03T21:14:04","date_gmt":"2025-03-03T20:14:04","guid":{"rendered":"https:\/\/stoic-curie.212-227-153-4.plesk.page\/producto\/primario-sika-290-dc-250ml\/"},"modified":"2026-02-25T00:28:05","modified_gmt":"2026-02-25T00:28:05","slug":"primario-sika-290-dc-250ml","status":"publish","type":"product","link":"https:\/\/stoic-curie.212-227-153-4.plesk.page\/pt\/product\/primario-sika-290-dc-250ml\/","title":{"rendered":"Prim\u00e1rio Sika 290 DC 250ml"},"content":{"rendered":"<p>Prim\u00e1rio Sika 290 DC 250ml &#8211; <\/p>\n<p>Sika Primer-290 DC \u00e9 um l\u00edquido transparente de baixa viscosidade que seca por rea\u00e7\u00e3o com a umidade atmosf\u00e9rica. \u00c9 utilizado antes da calafetagem ou colagem.<\/p>\n","protected":false},"excerpt":{"rendered":"<p>Prim\u00e1rio Sika 290 DC 250ml &#8211; Sika Primer-290 DC \u00e9 um l\u00edquido transparente de baixa viscosidade que seca por rea\u00e7\u00e3o<\/p>\n","protected":false},"featured_media":5943618,"comment_status":"open","ping_status":"closed","template":"","meta":[],"product_brand":[3397],"product_cat":[1924],"product_tag":[],"class_list":{"0":"post-748943","1":"product","2":"type-product","3":"status-publish","4":"has-post-thumbnail","6":"product_brand-sika-marine-pt","7":"product_cat-adesivos-e-selantes","9":"first","10":"instock","11":"shipping-taxable","12":"purchasable","13":"product-type-simple"},"_links":{"self":[{"href":"https:\/\/stoic-curie.212-227-153-4.plesk.page\/pt\/wp-json\/wp\/v2\/product\/748943","targetHints":{"allow":["GET"]}}],"collection":[{"href":"https:\/\/stoic-curie.212-227-153-4.plesk.page\/pt\/wp-json\/wp\/v2\/product"}],"about":[{"href":"https:\/\/stoic-curie.212-227-153-4.plesk.page\/pt\/wp-json\/wp\/v2\/types\/product"}],"replies":[{"embeddable":true,"href":"https:\/\/stoic-curie.212-227-153-4.plesk.page\/pt\/wp-json\/wp\/v2\/comments?post=748943"}],"version-history":[{"count":0,"href":"https:\/\/stoic-curie.212-227-153-4.plesk.page\/pt\/wp-json\/wp\/v2\/product\/748943\/revisions"}],"wp:featuredmedia":[{"embeddable":true,"href":"https:\/\/stoic-curie.212-227-153-4.plesk.page\/pt\/wp-json\/wp\/v2\/media\/5943618"}],"wp:attachment":[{"href":"https:\/\/stoic-curie.212-227-153-4.plesk.page\/pt\/wp-json\/wp\/v2\/media?parent=748943"}],"wp:term":[{"taxonomy":"product_brand","embeddable":true,"href":"https:\/\/stoic-curie.212-227-153-4.plesk.page\/pt\/wp-json\/wp\/v2\/product_brand?post=748943"},{"taxonomy":"product_cat","embeddable":true,"href":"https:\/\/stoic-curie.212-227-153-4.plesk.page\/pt\/wp-json\/wp\/v2\/product_cat?post=748943"},{"taxonomy":"product_tag","embeddable":true,"href":"https:\/\/stoic-curie.212-227-153-4.plesk.page\/pt\/wp-json\/wp\/v2\/product_tag?post=748943"}],"curies":[{"name":"wp","href":"https:\/\/api.w.org\/{rel}","templated":true}]}}