{"id":748945,"date":"2025-03-03T21:14:04","date_gmt":"2025-03-03T20:14:04","guid":{"rendered":"https:\/\/stoic-curie.212-227-153-4.plesk.page\/producto\/guincho-quick-prince-dp3-1500w-d-com-tambor-24v-corrente-de-10mm\/"},"modified":"2026-02-25T00:28:05","modified_gmt":"2026-02-25T00:28:05","slug":"guincho-quick-prince-dp3-1500w-d-com-tambor-24v-corrente-de-10mm","status":"publish","type":"product","link":"https:\/\/stoic-curie.212-227-153-4.plesk.page\/pt\/product\/guincho-quick-prince-dp3-1500w-d-com-tambor-24v-corrente-de-10mm\/","title":{"rendered":"Guincho Quick Prince DP3 1500W-D com Tambor &#8211; 24V &#8211; Corrente de 10mm"},"content":{"rendered":"<p>Guincho Quick Prince DP3 1500W-D com Tambor &#8211; 24V &#8211; Corrente de 10mm &#8211; <\/p>\n<p style=\"color: rgb(34, 34, 34); font-family: Arial, Helvetica, sans-serif; font-size: small;\">O Prince DP3 1524D Guindaste Vertical \u00e9 um sofisticado guindaste de \u00e2ncora que cai livremente, com componentes de tra\u00e7\u00e3o dur\u00e1veis em bronze e a\u00e7o inoxid\u00e1vel. Este modelo inclui um sensor de contador de corrente e um sistema manual de queda livre, garantindo facilidade de uso. Est\u00e1 equipado com um sistema de eleva\u00e7\u00e3o manual de emerg\u00eancia e uma alavanca de press\u00e3o para maior seguran\u00e7a. O guindaste \u00e9 fornecido com uma caixa de controle e cabo, e sua constru\u00e7\u00e3o robusta inclui uma base e caixa de a\u00e7o inoxid\u00e1vel, juntamente com um motor \u00e0 prova d&#8217;\u00e1gua classificado em IP67.<\/p>\n<p style=\"color: rgb(34, 34, 34); font-family: Arial, Helvetica, sans-serif; font-size: small;\">O guindaste possui uma base de a\u00e7o inoxid\u00e1vel 316 que incorpora um tubo de corrente embutido. \u00c9 projetado com um gypsy de corda\/corrente equipado com um sensor de contador de corrente. A unidade \u00e9 fornecida com uma caixa de rel\u00e9 e um gypsy, que pode ser fornecida com ou sem tambor. O motor tamb\u00e9m \u00e9 classificado como IP67 para prote\u00e7\u00e3o \u00e0 prova d&#8217;\u00e1gua.<\/p>\n<p style=\"color: rgb(34, 34, 34); font-family: Arial, Helvetica, sans-serif; font-size: small;\">O Prince DP3 1524D \u00e9 adequado para barcos com comprimento de 12 a 15 metros (39 a 49 p\u00e9s).<\/p>\n<p style=\"color: rgb(34, 34, 34); font-family: Arial, Helvetica, sans-serif; font-size: small;\">As especifica\u00e7\u00f5es incluem:<\/p>\n<ul style=\"color: rgb(34, 34, 34); font-family: Arial, Helvetica, sans-serif; font-size: small;\">\n<li>Tambor: Sim<\/li>\n<li>Pot\u00eancia do motor: 1500 W<\/li>\n<li>Tens\u00e3o de entrada: 24 V<\/li>\n<li>Capacidade m\u00e1xima de tra\u00e7\u00e3o: 1100 kg<\/li>\n<li>Carga de trabalho m\u00e1xima: 540 kg<\/li>\n<li>Carga de trabalho: 180 kg<\/li>\n<li>Velocidade da corrente sob carga: 19 m\/min<\/li>\n<li>Consumo de corrente sob carga: 85 A<\/li>\n<li>Espessura do conv\u00e9s: 30-50 mm<\/li>\n<li>Peso: 21,4 kg<\/li>\n<li>Tamanho do gypsy: 10 mm<\/li>\n<\/ul>\n<p style=\"color: rgb(34, 34, 34); font-family: Arial, Helvetica, sans-serif; font-size: small;\">Este guindaste combina confiabilidade e desempenho, tornando-se uma excelente escolha para propriet\u00e1rios de barcos que buscam equipamentos de alta qualidade.<\/p>\n","protected":false},"excerpt":{"rendered":"<p>Guincho Quick Prince DP3 1500W-D com Tambor &#8211; 24V &#8211; Corrente de 10mm &#8211; O Prince DP3 1524D Guindaste Vertical<\/p>\n","protected":false},"featured_media":5941169,"comment_status":"open","ping_status":"closed","template":"","meta":[],"product_brand":[3282],"product_cat":[1898],"product_tag":[],"class_list":{"0":"post-748945","1":"product","2":"type-product","3":"status-publish","4":"has-post-thumbnail","6":"product_brand-quick-pt","7":"product_cat-molinetes-quick-amarracao-e-fundear","9":"first","10":"instock","11":"shipping-taxable","12":"purchasable","13":"product-type-simple"},"_links":{"self":[{"href":"https:\/\/stoic-curie.212-227-153-4.plesk.page\/pt\/wp-json\/wp\/v2\/product\/748945","targetHints":{"allow":["GET"]}}],"collection":[{"href":"https:\/\/stoic-curie.212-227-153-4.plesk.page\/pt\/wp-json\/wp\/v2\/product"}],"about":[{"href":"https:\/\/stoic-curie.212-227-153-4.plesk.page\/pt\/wp-json\/wp\/v2\/types\/product"}],"replies":[{"embeddable":true,"href":"https:\/\/stoic-curie.212-227-153-4.plesk.page\/pt\/wp-json\/wp\/v2\/comments?post=748945"}],"version-history":[{"count":0,"href":"https:\/\/stoic-curie.212-227-153-4.plesk.page\/pt\/wp-json\/wp\/v2\/product\/748945\/revisions"}],"wp:featuredmedia":[{"embeddable":true,"href":"https:\/\/stoic-curie.212-227-153-4.plesk.page\/pt\/wp-json\/wp\/v2\/media\/5941169"}],"wp:attachment":[{"href":"https:\/\/stoic-curie.212-227-153-4.plesk.page\/pt\/wp-json\/wp\/v2\/media?parent=748945"}],"wp:term":[{"taxonomy":"product_brand","embeddable":true,"href":"https:\/\/stoic-curie.212-227-153-4.plesk.page\/pt\/wp-json\/wp\/v2\/product_brand?post=748945"},{"taxonomy":"product_cat","embeddable":true,"href":"https:\/\/stoic-curie.212-227-153-4.plesk.page\/pt\/wp-json\/wp\/v2\/product_cat?post=748945"},{"taxonomy":"product_tag","embeddable":true,"href":"https:\/\/stoic-curie.212-227-153-4.plesk.page\/pt\/wp-json\/wp\/v2\/product_tag?post=748945"}],"curies":[{"name":"wp","href":"https:\/\/api.w.org\/{rel}","templated":true}]}}