{"id":748946,"date":"2025-03-03T21:14:05","date_gmt":"2025-03-03T20:14:05","guid":{"rendered":"https:\/\/stoic-curie.212-227-153-4.plesk.page\/producto\/ecra-remoto-rds-1560-q-para-carregadores-de-bateria-quick\/"},"modified":"2026-02-25T00:28:05","modified_gmt":"2026-02-25T00:28:05","slug":"ecra-remoto-rds-1560-q-para-carregadores-de-bateria-quick","status":"publish","type":"product","link":"https:\/\/stoic-curie.212-227-153-4.plesk.page\/pt\/product\/ecra-remoto-rds-1560-q-para-carregadores-de-bateria-quick\/","title":{"rendered":"Ecr\u00e3 Remoto Rds 1560 Q para Carregadores de Bateria Quick"},"content":{"rendered":"<p>Ecr\u00e3 Remoto Rds 1560 Q para Carregadores de Bateria Quick &#8211; <\/p>\n<p>Display RDS 1562 LCD 12\/24V com interface Can Bus que permite monitorar remotamente o status dos carregadores de bateria Quick SBC NRG+ de pot\u00eancia m\u00e9dia e alta. Exibe ao mesmo tempo as tr\u00eas tens\u00f5es de sa\u00edda e a corrente total fornecida, equipado com brilho ajust\u00e1vel e interface multil\u00edngue. Completo com um sinal sonoro e a possibilidade de definir os par\u00e2metros no carregador de bateria (par\u00e2metros CAN exclu\u00eddos).<\/p>\n","protected":false},"excerpt":{"rendered":"<p>Ecr\u00e3 Remoto Rds 1560 Q para Carregadores de Bateria Quick &#8211; Display RDS 1562 LCD 12\/24V com interface Can Bus<\/p>\n","protected":false},"featured_media":5943621,"comment_status":"open","ping_status":"closed","template":"","meta":[],"product_brand":[3282],"product_cat":[2024],"product_tag":[],"class_list":{"0":"post-748946","1":"product","2":"type-product","3":"status-publish","4":"has-post-thumbnail","6":"product_brand-quick-pt","7":"product_cat-carregadores-de-bateria","9":"first","10":"instock","11":"shipping-taxable","12":"purchasable","13":"product-type-simple"},"_links":{"self":[{"href":"https:\/\/stoic-curie.212-227-153-4.plesk.page\/pt\/wp-json\/wp\/v2\/product\/748946","targetHints":{"allow":["GET"]}}],"collection":[{"href":"https:\/\/stoic-curie.212-227-153-4.plesk.page\/pt\/wp-json\/wp\/v2\/product"}],"about":[{"href":"https:\/\/stoic-curie.212-227-153-4.plesk.page\/pt\/wp-json\/wp\/v2\/types\/product"}],"replies":[{"embeddable":true,"href":"https:\/\/stoic-curie.212-227-153-4.plesk.page\/pt\/wp-json\/wp\/v2\/comments?post=748946"}],"version-history":[{"count":0,"href":"https:\/\/stoic-curie.212-227-153-4.plesk.page\/pt\/wp-json\/wp\/v2\/product\/748946\/revisions"}],"wp:featuredmedia":[{"embeddable":true,"href":"https:\/\/stoic-curie.212-227-153-4.plesk.page\/pt\/wp-json\/wp\/v2\/media\/5943621"}],"wp:attachment":[{"href":"https:\/\/stoic-curie.212-227-153-4.plesk.page\/pt\/wp-json\/wp\/v2\/media?parent=748946"}],"wp:term":[{"taxonomy":"product_brand","embeddable":true,"href":"https:\/\/stoic-curie.212-227-153-4.plesk.page\/pt\/wp-json\/wp\/v2\/product_brand?post=748946"},{"taxonomy":"product_cat","embeddable":true,"href":"https:\/\/stoic-curie.212-227-153-4.plesk.page\/pt\/wp-json\/wp\/v2\/product_cat?post=748946"},{"taxonomy":"product_tag","embeddable":true,"href":"https:\/\/stoic-curie.212-227-153-4.plesk.page\/pt\/wp-json\/wp\/v2\/product_tag?post=748946"}],"curies":[{"name":"wp","href":"https:\/\/api.w.org\/{rel}","templated":true}]}}