{"id":748947,"date":"2025-03-03T21:14:05","date_gmt":"2025-03-03T20:14:05","guid":{"rendered":"https:\/\/stoic-curie.212-227-153-4.plesk.page\/producto\/ancora-bruce-de-aco-galvanizado-de-3-pontas-50kg\/"},"modified":"2026-02-25T00:28:05","modified_gmt":"2026-02-25T00:28:05","slug":"ancora-bruce-de-aco-galvanizado-de-3-pontas-50kg","status":"publish","type":"product","link":"https:\/\/stoic-curie.212-227-153-4.plesk.page\/pt\/product\/ancora-bruce-de-aco-galvanizado-de-3-pontas-50kg\/","title":{"rendered":"Ancora Bruce de A\u00e7o Galvanizado de 3 pontas 50kg"},"content":{"rendered":"<p>Ancora Bruce de A\u00e7o Galvanizado de 3 pontas 50kg &#8211; <\/p>\n<p>\u00c2ncora de a\u00e7o galvanizado do tipo Bruce com 3 asas. Para areia e lama.<\/p>\n","protected":false},"excerpt":{"rendered":"<p>Ancora Bruce de A\u00e7o Galvanizado de 3 pontas 50kg &#8211; \u00c2ncora de a\u00e7o galvanizado do tipo Bruce com 3 asas.<\/p>\n","protected":false},"featured_media":5943052,"comment_status":"open","ping_status":"closed","template":"","meta":[],"product_brand":[3087],"product_cat":[2150],"product_tag":[],"class_list":{"0":"post-748947","1":"product","2":"type-product","3":"status-publish","4":"has-post-thumbnail","6":"product_brand-maggigroup-pt","7":"product_cat-ancoras-bruce","9":"first","10":"instock","11":"shipping-taxable","12":"purchasable","13":"product-type-simple"},"_links":{"self":[{"href":"https:\/\/stoic-curie.212-227-153-4.plesk.page\/pt\/wp-json\/wp\/v2\/product\/748947","targetHints":{"allow":["GET"]}}],"collection":[{"href":"https:\/\/stoic-curie.212-227-153-4.plesk.page\/pt\/wp-json\/wp\/v2\/product"}],"about":[{"href":"https:\/\/stoic-curie.212-227-153-4.plesk.page\/pt\/wp-json\/wp\/v2\/types\/product"}],"replies":[{"embeddable":true,"href":"https:\/\/stoic-curie.212-227-153-4.plesk.page\/pt\/wp-json\/wp\/v2\/comments?post=748947"}],"version-history":[{"count":0,"href":"https:\/\/stoic-curie.212-227-153-4.plesk.page\/pt\/wp-json\/wp\/v2\/product\/748947\/revisions"}],"wp:featuredmedia":[{"embeddable":true,"href":"https:\/\/stoic-curie.212-227-153-4.plesk.page\/pt\/wp-json\/wp\/v2\/media\/5943052"}],"wp:attachment":[{"href":"https:\/\/stoic-curie.212-227-153-4.plesk.page\/pt\/wp-json\/wp\/v2\/media?parent=748947"}],"wp:term":[{"taxonomy":"product_brand","embeddable":true,"href":"https:\/\/stoic-curie.212-227-153-4.plesk.page\/pt\/wp-json\/wp\/v2\/product_brand?post=748947"},{"taxonomy":"product_cat","embeddable":true,"href":"https:\/\/stoic-curie.212-227-153-4.plesk.page\/pt\/wp-json\/wp\/v2\/product_cat?post=748947"},{"taxonomy":"product_tag","embeddable":true,"href":"https:\/\/stoic-curie.212-227-153-4.plesk.page\/pt\/wp-json\/wp\/v2\/product_tag?post=748947"}],"curies":[{"name":"wp","href":"https:\/\/api.w.org\/{rel}","templated":true}]}}