{"id":748970,"date":"2025-03-03T21:14:13","date_gmt":"2025-03-03T20:14:13","guid":{"rendered":"https:\/\/stoic-curie.212-227-153-4.plesk.page\/producto\/helice-solas-de-aluminio-10x14\/"},"modified":"2026-02-25T00:28:05","modified_gmt":"2026-02-25T00:28:05","slug":"helice-solas-de-aluminio-10x14","status":"publish","type":"product","link":"https:\/\/stoic-curie.212-227-153-4.plesk.page\/pt\/product\/helice-solas-de-aluminio-10x14\/","title":{"rendered":"H\u00e9lice Solas de Alum\u00ednio 10&#215;14"},"content":{"rendered":"<p>H\u00e9lice Solas de Alum\u00ednio 10&#215;14 &#8211; <\/p>\n<p>H\u00e9lices de alum\u00ednio Solas para motores fora de borda Selva. A qualidade de constru\u00e7\u00e3o superior permite que as h\u00e9lices Solas substituam com facilidade qualquer tipo de h\u00e9lice original.<br \/> Plus = Superf\u00edcie de l\u00e2mina aumentada<br \/> L = H\u00e9lice de rota\u00e7\u00e3o \u00e0 esquerda (no sentido anti-hor\u00e1rio)<br \/> = A partir do ano indicado (inclu\u00eddo)<\/p>\n","protected":false},"excerpt":{"rendered":"<p>H\u00e9lice Solas de Alum\u00ednio 10&#215;14 &#8211; H\u00e9lices de alum\u00ednio Solas para motores fora de borda Selva. A qualidade de constru\u00e7\u00e3o<\/p>\n","protected":false},"featured_media":5936916,"comment_status":"open","ping_status":"closed","template":"","meta":[],"product_brand":[3412],"product_cat":[2090,2108],"product_tag":[],"class_list":{"0":"post-748970","1":"product","2":"type-product","3":"status-publish","4":"has-post-thumbnail","6":"product_brand-solas-pt","7":"product_cat-helices-para-motores-fora-de-bordo","8":"product_cat-pecas-para-motores-johnson-evinrude","10":"first","11":"instock","12":"shipping-taxable","13":"purchasable","14":"product-type-simple"},"_links":{"self":[{"href":"https:\/\/stoic-curie.212-227-153-4.plesk.page\/pt\/wp-json\/wp\/v2\/product\/748970","targetHints":{"allow":["GET"]}}],"collection":[{"href":"https:\/\/stoic-curie.212-227-153-4.plesk.page\/pt\/wp-json\/wp\/v2\/product"}],"about":[{"href":"https:\/\/stoic-curie.212-227-153-4.plesk.page\/pt\/wp-json\/wp\/v2\/types\/product"}],"replies":[{"embeddable":true,"href":"https:\/\/stoic-curie.212-227-153-4.plesk.page\/pt\/wp-json\/wp\/v2\/comments?post=748970"}],"version-history":[{"count":0,"href":"https:\/\/stoic-curie.212-227-153-4.plesk.page\/pt\/wp-json\/wp\/v2\/product\/748970\/revisions"}],"wp:featuredmedia":[{"embeddable":true,"href":"https:\/\/stoic-curie.212-227-153-4.plesk.page\/pt\/wp-json\/wp\/v2\/media\/5936916"}],"wp:attachment":[{"href":"https:\/\/stoic-curie.212-227-153-4.plesk.page\/pt\/wp-json\/wp\/v2\/media?parent=748970"}],"wp:term":[{"taxonomy":"product_brand","embeddable":true,"href":"https:\/\/stoic-curie.212-227-153-4.plesk.page\/pt\/wp-json\/wp\/v2\/product_brand?post=748970"},{"taxonomy":"product_cat","embeddable":true,"href":"https:\/\/stoic-curie.212-227-153-4.plesk.page\/pt\/wp-json\/wp\/v2\/product_cat?post=748970"},{"taxonomy":"product_tag","embeddable":true,"href":"https:\/\/stoic-curie.212-227-153-4.plesk.page\/pt\/wp-json\/wp\/v2\/product_tag?post=748970"}],"curies":[{"name":"wp","href":"https:\/\/api.w.org\/{rel}","templated":true}]}}