{"id":748971,"date":"2025-03-03T21:14:14","date_gmt":"2025-03-03T20:14:14","guid":{"rendered":"https:\/\/stoic-curie.212-227-153-4.plesk.page\/producto\/helice-solas-de-aluminio-8-5x8-2\/"},"modified":"2026-02-25T00:28:05","modified_gmt":"2026-02-25T00:28:05","slug":"helice-solas-de-aluminio-8-5x8-2","status":"publish","type":"product","link":"https:\/\/stoic-curie.212-227-153-4.plesk.page\/pt\/product\/helice-solas-de-aluminio-8-5x8-2\/","title":{"rendered":"H\u00e9lice Solas de Alum\u00ednio 8.5&#215;8"},"content":{"rendered":"<p>H\u00e9lice Solas de Alum\u00ednio 8.5&#215;8 &#8211; <\/p>\n<p>H\u00e9lices de alum\u00ednio Solas para motores de popa Tohatsu. A qualidade de constru\u00e7\u00e3o superior permite que as h\u00e9lices Solas substituam facilmente qualquer tipo de h\u00e9lice genu\u00edna. Plus = H\u00e9lice com superf\u00edcie de l\u00e2mina aumentada = A partir do ano indicado (incluso)<\/p>\n","protected":false},"excerpt":{"rendered":"<p>H\u00e9lice Solas de Alum\u00ednio 8.5&#215;8 &#8211; H\u00e9lices de alum\u00ednio Solas para motores de popa Tohatsu. A qualidade de constru\u00e7\u00e3o superior<\/p>\n","protected":false},"featured_media":5936916,"comment_status":"open","ping_status":"closed","template":"","meta":[],"product_brand":[3412],"product_cat":[2090,2102],"product_tag":[],"class_list":{"0":"post-748971","1":"product","2":"type-product","3":"status-publish","4":"has-post-thumbnail","6":"product_brand-solas-pt","7":"product_cat-helices-para-motores-fora-de-bordo","8":"product_cat-pecas-para-motores-fora-de-bordo-mercury-e-mariner","10":"first","11":"instock","12":"shipping-taxable","13":"purchasable","14":"product-type-simple"},"_links":{"self":[{"href":"https:\/\/stoic-curie.212-227-153-4.plesk.page\/pt\/wp-json\/wp\/v2\/product\/748971","targetHints":{"allow":["GET"]}}],"collection":[{"href":"https:\/\/stoic-curie.212-227-153-4.plesk.page\/pt\/wp-json\/wp\/v2\/product"}],"about":[{"href":"https:\/\/stoic-curie.212-227-153-4.plesk.page\/pt\/wp-json\/wp\/v2\/types\/product"}],"replies":[{"embeddable":true,"href":"https:\/\/stoic-curie.212-227-153-4.plesk.page\/pt\/wp-json\/wp\/v2\/comments?post=748971"}],"version-history":[{"count":0,"href":"https:\/\/stoic-curie.212-227-153-4.plesk.page\/pt\/wp-json\/wp\/v2\/product\/748971\/revisions"}],"wp:featuredmedia":[{"embeddable":true,"href":"https:\/\/stoic-curie.212-227-153-4.plesk.page\/pt\/wp-json\/wp\/v2\/media\/5936916"}],"wp:attachment":[{"href":"https:\/\/stoic-curie.212-227-153-4.plesk.page\/pt\/wp-json\/wp\/v2\/media?parent=748971"}],"wp:term":[{"taxonomy":"product_brand","embeddable":true,"href":"https:\/\/stoic-curie.212-227-153-4.plesk.page\/pt\/wp-json\/wp\/v2\/product_brand?post=748971"},{"taxonomy":"product_cat","embeddable":true,"href":"https:\/\/stoic-curie.212-227-153-4.plesk.page\/pt\/wp-json\/wp\/v2\/product_cat?post=748971"},{"taxonomy":"product_tag","embeddable":true,"href":"https:\/\/stoic-curie.212-227-153-4.plesk.page\/pt\/wp-json\/wp\/v2\/product_tag?post=748971"}],"curies":[{"name":"wp","href":"https:\/\/api.w.org\/{rel}","templated":true}]}}