{"id":748982,"date":"2025-03-03T21:14:17","date_gmt":"2025-03-03T20:14:17","guid":{"rendered":"https:\/\/stoic-curie.212-227-153-4.plesk.page\/producto\/inversor-waeco-sinepower-dsp1012-1000wt-12v\/"},"modified":"2026-02-25T00:28:05","modified_gmt":"2026-02-25T00:28:05","slug":"inversor-waeco-sinepower-dsp1012-1000wt-12v","status":"publish","type":"product","link":"https:\/\/stoic-curie.212-227-153-4.plesk.page\/pt\/product\/inversor-waeco-sinepower-dsp1012-1000wt-12v\/","title":{"rendered":"Inversor Waeco SinePower DSP1012 1000wt 12v"},"content":{"rendered":"<p>Inversor Waeco SinePower DSP1012 1000wt 12v &#8211; <\/p>\n<p>Inversor Dometic SinePower profissional que converte a corrente cont\u00ednua da bateria 12\/24V em corrente alternada 220V com onda senoidal verdadeira. Perfeito para alimentar todos os eletr\u00f4nicos e dispositivos el\u00e9tricos sens\u00edveis. Equipado com modo de espera para economia de energia, circuitos inteligentes, design compacto e peso reduzido.<\/p>\n","protected":false},"excerpt":{"rendered":"<p>Inversor Waeco SinePower DSP1012 1000wt 12v &#8211; Inversor Dometic SinePower profissional que converte a corrente cont\u00ednua da bateria 12\/24V em<\/p>\n","protected":false},"featured_media":5941271,"comment_status":"open","ping_status":"closed","template":"","meta":[],"product_brand":[2897],"product_cat":[2029],"product_tag":[],"class_list":{"0":"post-748982","1":"product","2":"type-product","3":"status-publish","4":"has-post-thumbnail","6":"product_brand-dometic-pt","7":"product_cat-inversores-de-corrente","9":"first","10":"instock","11":"shipping-taxable","12":"purchasable","13":"product-type-simple"},"_links":{"self":[{"href":"https:\/\/stoic-curie.212-227-153-4.plesk.page\/pt\/wp-json\/wp\/v2\/product\/748982","targetHints":{"allow":["GET"]}}],"collection":[{"href":"https:\/\/stoic-curie.212-227-153-4.plesk.page\/pt\/wp-json\/wp\/v2\/product"}],"about":[{"href":"https:\/\/stoic-curie.212-227-153-4.plesk.page\/pt\/wp-json\/wp\/v2\/types\/product"}],"replies":[{"embeddable":true,"href":"https:\/\/stoic-curie.212-227-153-4.plesk.page\/pt\/wp-json\/wp\/v2\/comments?post=748982"}],"version-history":[{"count":0,"href":"https:\/\/stoic-curie.212-227-153-4.plesk.page\/pt\/wp-json\/wp\/v2\/product\/748982\/revisions"}],"wp:featuredmedia":[{"embeddable":true,"href":"https:\/\/stoic-curie.212-227-153-4.plesk.page\/pt\/wp-json\/wp\/v2\/media\/5941271"}],"wp:attachment":[{"href":"https:\/\/stoic-curie.212-227-153-4.plesk.page\/pt\/wp-json\/wp\/v2\/media?parent=748982"}],"wp:term":[{"taxonomy":"product_brand","embeddable":true,"href":"https:\/\/stoic-curie.212-227-153-4.plesk.page\/pt\/wp-json\/wp\/v2\/product_brand?post=748982"},{"taxonomy":"product_cat","embeddable":true,"href":"https:\/\/stoic-curie.212-227-153-4.plesk.page\/pt\/wp-json\/wp\/v2\/product_cat?post=748982"},{"taxonomy":"product_tag","embeddable":true,"href":"https:\/\/stoic-curie.212-227-153-4.plesk.page\/pt\/wp-json\/wp\/v2\/product_tag?post=748982"}],"curies":[{"name":"wp","href":"https:\/\/api.w.org\/{rel}","templated":true}]}}