{"id":748989,"date":"2025-03-03T21:14:19","date_gmt":"2025-03-03T20:14:19","guid":{"rendered":"https:\/\/stoic-curie.212-227-153-4.plesk.page\/producto\/anodo-de-aluminio-martyr-volvo-358407\/"},"modified":"2026-02-25T00:28:05","modified_gmt":"2026-02-25T00:28:05","slug":"anodo-de-aluminio-martyr-volvo-358407","status":"publish","type":"product","link":"https:\/\/stoic-curie.212-227-153-4.plesk.page\/pt\/product\/anodo-de-aluminio-martyr-volvo-358407\/","title":{"rendered":"\u00c2nodo de Alum\u00ednio Martyr &#8211; Volvo 358407"},"content":{"rendered":"<p>\u00c2nodo de Alum\u00ednio Martyr &#8211; Volvo 358407 &#8211; <\/p>\n<p>Anodos de liga de alum\u00ednio M2 Martyr para motores de transmiss\u00e3o Volvo Penta.<br \/>\n\u00e2\u0080\u00a2 Protege 50% mais do que \u00e2nodos de zinco tradicionais<br \/>\n\u00e2\u0080\u00a2 Pesa 50% menos do que \u00e2nodos de zinco tradicionais <\/p>\n","protected":false},"excerpt":{"rendered":"<p>\u00c2nodo de Alum\u00ednio Martyr &#8211; Volvo 358407 &#8211; Anodos de liga de alum\u00ednio M2 Martyr para motores de transmiss\u00e3o Volvo<\/p>\n","protected":false},"featured_media":5943662,"comment_status":"open","ping_status":"closed","template":"","meta":[],"product_brand":[3127,2237],"product_cat":[2116],"product_tag":[],"class_list":{"0":"post-748989","1":"product","2":"type-product","3":"status-publish","4":"has-post-thumbnail","6":"product_brand-martyr-pt","7":"product_brand-martyr","8":"product_cat-pecas-para-motores-volvo-penta","10":"first","11":"instock","12":"shipping-taxable","13":"purchasable","14":"product-type-simple"},"_links":{"self":[{"href":"https:\/\/stoic-curie.212-227-153-4.plesk.page\/pt\/wp-json\/wp\/v2\/product\/748989","targetHints":{"allow":["GET"]}}],"collection":[{"href":"https:\/\/stoic-curie.212-227-153-4.plesk.page\/pt\/wp-json\/wp\/v2\/product"}],"about":[{"href":"https:\/\/stoic-curie.212-227-153-4.plesk.page\/pt\/wp-json\/wp\/v2\/types\/product"}],"replies":[{"embeddable":true,"href":"https:\/\/stoic-curie.212-227-153-4.plesk.page\/pt\/wp-json\/wp\/v2\/comments?post=748989"}],"version-history":[{"count":0,"href":"https:\/\/stoic-curie.212-227-153-4.plesk.page\/pt\/wp-json\/wp\/v2\/product\/748989\/revisions"}],"wp:featuredmedia":[{"embeddable":true,"href":"https:\/\/stoic-curie.212-227-153-4.plesk.page\/pt\/wp-json\/wp\/v2\/media\/5943662"}],"wp:attachment":[{"href":"https:\/\/stoic-curie.212-227-153-4.plesk.page\/pt\/wp-json\/wp\/v2\/media?parent=748989"}],"wp:term":[{"taxonomy":"product_brand","embeddable":true,"href":"https:\/\/stoic-curie.212-227-153-4.plesk.page\/pt\/wp-json\/wp\/v2\/product_brand?post=748989"},{"taxonomy":"product_cat","embeddable":true,"href":"https:\/\/stoic-curie.212-227-153-4.plesk.page\/pt\/wp-json\/wp\/v2\/product_cat?post=748989"},{"taxonomy":"product_tag","embeddable":true,"href":"https:\/\/stoic-curie.212-227-153-4.plesk.page\/pt\/wp-json\/wp\/v2\/product_tag?post=748989"}],"curies":[{"name":"wp","href":"https:\/\/api.w.org\/{rel}","templated":true}]}}