{"id":748992,"date":"2025-03-03T21:14:20","date_gmt":"2025-03-03T20:14:20","guid":{"rendered":"https:\/\/stoic-curie.212-227-153-4.plesk.page\/producto\/manipulo-de-controlo-morse-ultraflex-b400\/"},"modified":"2026-02-25T00:28:05","modified_gmt":"2026-02-25T00:28:05","slug":"manipulo-de-controlo-morse-ultraflex-b400","status":"publish","type":"product","link":"https:\/\/stoic-curie.212-227-153-4.plesk.page\/pt\/product\/manipulo-de-controlo-morse-ultraflex-b400\/","title":{"rendered":"Man\u00edpulo de Controlo Morse Ultraflex B400"},"content":{"rendered":"<p>Man\u00edpulo de Controlo Morse Ultraflex B400 &#8211; <\/p>\n<p>Controle de a\u00e7o inoxid\u00e1vel de a\u00e7\u00e3o dupla montado na lateral com alavanca \u00fanica para controle de acelera\u00e7\u00e3o e mudan\u00e7a de marcha para motores internos. Perfeito para veleiros, gra\u00e7as \u00e0 alavanca suave. Utiliza cabos de controle C2 \/ C8 \/ C33 \/ MACHZero. Com o interruptor de seguran\u00e7a opcional X41 (4620141), o motor pode ser iniciado apenas com a caixa de c\u00e2mbio desengatada. Fornecido com bloqueio positivo em neutro para evitar engajamento acidental da marcha.<\/p>\n","protected":false},"excerpt":{"rendered":"<p>Man\u00edpulo de Controlo Morse Ultraflex B400 &#8211; Controle de a\u00e7o inoxid\u00e1vel de a\u00e7\u00e3o dupla montado na lateral com alavanca \u00fanica<\/p>\n","protected":false},"featured_media":5943667,"comment_status":"open","ping_status":"closed","template":"","meta":[],"product_brand":[3502],"product_cat":[2078],"product_tag":[],"class_list":{"0":"post-748992","1":"product","2":"type-product","3":"status-publish","4":"has-post-thumbnail","6":"product_brand-ultraflex-uflex-pt","7":"product_cat-alavancas-de-controlo","9":"first","10":"instock","11":"shipping-taxable","12":"purchasable","13":"product-type-simple"},"_links":{"self":[{"href":"https:\/\/stoic-curie.212-227-153-4.plesk.page\/pt\/wp-json\/wp\/v2\/product\/748992","targetHints":{"allow":["GET"]}}],"collection":[{"href":"https:\/\/stoic-curie.212-227-153-4.plesk.page\/pt\/wp-json\/wp\/v2\/product"}],"about":[{"href":"https:\/\/stoic-curie.212-227-153-4.plesk.page\/pt\/wp-json\/wp\/v2\/types\/product"}],"replies":[{"embeddable":true,"href":"https:\/\/stoic-curie.212-227-153-4.plesk.page\/pt\/wp-json\/wp\/v2\/comments?post=748992"}],"version-history":[{"count":0,"href":"https:\/\/stoic-curie.212-227-153-4.plesk.page\/pt\/wp-json\/wp\/v2\/product\/748992\/revisions"}],"wp:featuredmedia":[{"embeddable":true,"href":"https:\/\/stoic-curie.212-227-153-4.plesk.page\/pt\/wp-json\/wp\/v2\/media\/5943667"}],"wp:attachment":[{"href":"https:\/\/stoic-curie.212-227-153-4.plesk.page\/pt\/wp-json\/wp\/v2\/media?parent=748992"}],"wp:term":[{"taxonomy":"product_brand","embeddable":true,"href":"https:\/\/stoic-curie.212-227-153-4.plesk.page\/pt\/wp-json\/wp\/v2\/product_brand?post=748992"},{"taxonomy":"product_cat","embeddable":true,"href":"https:\/\/stoic-curie.212-227-153-4.plesk.page\/pt\/wp-json\/wp\/v2\/product_cat?post=748992"},{"taxonomy":"product_tag","embeddable":true,"href":"https:\/\/stoic-curie.212-227-153-4.plesk.page\/pt\/wp-json\/wp\/v2\/product_tag?post=748992"}],"curies":[{"name":"wp","href":"https:\/\/api.w.org\/{rel}","templated":true}]}}