{"id":748996,"date":"2025-03-03T21:14:22","date_gmt":"2025-03-03T20:14:22","guid":{"rendered":"https:\/\/stoic-curie.212-227-153-4.plesk.page\/producto\/bomba-de-circulacao-de-agua-genuina-mercruiser-8m0113733-884727\/"},"modified":"2026-02-25T00:28:05","modified_gmt":"2026-02-25T00:28:05","slug":"bomba-de-circulacao-de-agua-genuina-mercruiser-8m0113733-884727","status":"publish","type":"product","link":"https:\/\/stoic-curie.212-227-153-4.plesk.page\/pt\/product\/bomba-de-circulacao-de-agua-genuina-mercruiser-8m0113733-884727\/","title":{"rendered":"Bomba de Circula\u00e7\u00e3o de \u00c1gua Genu\u00edna Mercruiser 8M0113733\/884727"},"content":{"rendered":"<p>Bomba de Circula\u00e7\u00e3o de \u00c1gua Genu\u00edna Mercruiser 8M0113733\/884727 &#8211; <\/p>\n<p>Bomba de circula\u00e7\u00e3o de \u00e1gua genu\u00edna da Mercruiser.<\/p>\n","protected":false},"excerpt":{"rendered":"<p>Bomba de Circula\u00e7\u00e3o de \u00c1gua Genu\u00edna Mercruiser 8M0113733\/884727 &#8211; Bomba de circula\u00e7\u00e3o de \u00e1gua genu\u00edna da Mercruiser.<\/p>\n","protected":false},"featured_media":5941423,"comment_status":"open","ping_status":"closed","template":"","meta":[],"product_brand":[3287],"product_cat":[2117],"product_tag":[],"class_list":{"0":"post-748996","1":"product","2":"type-product","3":"status-publish","4":"has-post-thumbnail","6":"product_brand-quicksilver-pt","7":"product_cat-pecas-para-motores-mercruiser","9":"first","10":"instock","11":"shipping-taxable","12":"purchasable","13":"product-type-simple"},"_links":{"self":[{"href":"https:\/\/stoic-curie.212-227-153-4.plesk.page\/pt\/wp-json\/wp\/v2\/product\/748996","targetHints":{"allow":["GET"]}}],"collection":[{"href":"https:\/\/stoic-curie.212-227-153-4.plesk.page\/pt\/wp-json\/wp\/v2\/product"}],"about":[{"href":"https:\/\/stoic-curie.212-227-153-4.plesk.page\/pt\/wp-json\/wp\/v2\/types\/product"}],"replies":[{"embeddable":true,"href":"https:\/\/stoic-curie.212-227-153-4.plesk.page\/pt\/wp-json\/wp\/v2\/comments?post=748996"}],"version-history":[{"count":0,"href":"https:\/\/stoic-curie.212-227-153-4.plesk.page\/pt\/wp-json\/wp\/v2\/product\/748996\/revisions"}],"wp:featuredmedia":[{"embeddable":true,"href":"https:\/\/stoic-curie.212-227-153-4.plesk.page\/pt\/wp-json\/wp\/v2\/media\/5941423"}],"wp:attachment":[{"href":"https:\/\/stoic-curie.212-227-153-4.plesk.page\/pt\/wp-json\/wp\/v2\/media?parent=748996"}],"wp:term":[{"taxonomy":"product_brand","embeddable":true,"href":"https:\/\/stoic-curie.212-227-153-4.plesk.page\/pt\/wp-json\/wp\/v2\/product_brand?post=748996"},{"taxonomy":"product_cat","embeddable":true,"href":"https:\/\/stoic-curie.212-227-153-4.plesk.page\/pt\/wp-json\/wp\/v2\/product_cat?post=748996"},{"taxonomy":"product_tag","embeddable":true,"href":"https:\/\/stoic-curie.212-227-153-4.plesk.page\/pt\/wp-json\/wp\/v2\/product_tag?post=748996"}],"curies":[{"name":"wp","href":"https:\/\/api.w.org\/{rel}","templated":true}]}}