{"id":749002,"date":"2025-03-03T21:14:24","date_gmt":"2025-03-03T20:14:24","guid":{"rendered":"https:\/\/stoic-curie.212-227-153-4.plesk.page\/producto\/volante-de-direcao-em-aco-inoxidavel-ray-com-punho-em-poliuretano-branco-350mm\/"},"modified":"2026-02-25T00:28:05","modified_gmt":"2026-02-25T00:28:05","slug":"volante-de-direcao-em-aco-inoxidavel-ray-com-punho-em-poliuretano-branco-350mm","status":"publish","type":"product","link":"https:\/\/stoic-curie.212-227-153-4.plesk.page\/pt\/product\/volante-de-direcao-em-aco-inoxidavel-ray-com-punho-em-poliuretano-branco-350mm\/","title":{"rendered":"Volante de Dire\u00e7\u00e3o em A\u00e7o Inoxid\u00e1vel Ray com Punho em Poliuretano Branco 350mm"},"content":{"rendered":"<p>Volante de Dire\u00e7\u00e3o em A\u00e7o Inoxid\u00e1vel Ray com Punho em Poliuretano Branco 350mm &#8211; <\/p>\n<p>Volantes de a\u00e7o inoxid\u00e1vel de 3 raios com pega de poliuretano ou de faia.<br \/>An\u00e9is de acabamento em a\u00e7o inoxid\u00e1vel.<\/p>\n","protected":false},"excerpt":{"rendered":"<p>Volante de Dire\u00e7\u00e3o em A\u00e7o Inoxid\u00e1vel Ray com Punho em Poliuretano Branco 350mm &#8211; Volantes de a\u00e7o inoxid\u00e1vel de 3<\/p>\n","protected":false},"featured_media":5941456,"comment_status":"open","ping_status":"closed","template":"","meta":[],"product_brand":[3332],"product_cat":[2109],"product_tag":[],"class_list":{"0":"post-749002","1":"product","2":"type-product","3":"status-publish","4":"has-post-thumbnail","6":"product_brand-savoretti-pt","7":"product_cat-rodas-de-leme","9":"first","10":"instock","11":"shipping-taxable","12":"purchasable","13":"product-type-simple"},"_links":{"self":[{"href":"https:\/\/stoic-curie.212-227-153-4.plesk.page\/pt\/wp-json\/wp\/v2\/product\/749002","targetHints":{"allow":["GET"]}}],"collection":[{"href":"https:\/\/stoic-curie.212-227-153-4.plesk.page\/pt\/wp-json\/wp\/v2\/product"}],"about":[{"href":"https:\/\/stoic-curie.212-227-153-4.plesk.page\/pt\/wp-json\/wp\/v2\/types\/product"}],"replies":[{"embeddable":true,"href":"https:\/\/stoic-curie.212-227-153-4.plesk.page\/pt\/wp-json\/wp\/v2\/comments?post=749002"}],"version-history":[{"count":0,"href":"https:\/\/stoic-curie.212-227-153-4.plesk.page\/pt\/wp-json\/wp\/v2\/product\/749002\/revisions"}],"wp:featuredmedia":[{"embeddable":true,"href":"https:\/\/stoic-curie.212-227-153-4.plesk.page\/pt\/wp-json\/wp\/v2\/media\/5941456"}],"wp:attachment":[{"href":"https:\/\/stoic-curie.212-227-153-4.plesk.page\/pt\/wp-json\/wp\/v2\/media?parent=749002"}],"wp:term":[{"taxonomy":"product_brand","embeddable":true,"href":"https:\/\/stoic-curie.212-227-153-4.plesk.page\/pt\/wp-json\/wp\/v2\/product_brand?post=749002"},{"taxonomy":"product_cat","embeddable":true,"href":"https:\/\/stoic-curie.212-227-153-4.plesk.page\/pt\/wp-json\/wp\/v2\/product_cat?post=749002"},{"taxonomy":"product_tag","embeddable":true,"href":"https:\/\/stoic-curie.212-227-153-4.plesk.page\/pt\/wp-json\/wp\/v2\/product_tag?post=749002"}],"curies":[{"name":"wp","href":"https:\/\/api.w.org\/{rel}","templated":true}]}}