{"id":749017,"date":"2025-03-03T21:14:31","date_gmt":"2025-03-03T20:14:31","guid":{"rendered":"https:\/\/stoic-curie.212-227-153-4.plesk.page\/producto\/solenoide-invensys-230v-tecma-t-pf-p12-v\/"},"modified":"2026-02-25T00:28:05","modified_gmt":"2026-02-25T00:28:05","slug":"solenoide-invensys-230v-tecma-t-pf-p12-v","status":"publish","type":"product","link":"https:\/\/stoic-curie.212-227-153-4.plesk.page\/pt\/product\/solenoide-invensys-230v-tecma-t-pf-p12-v\/","title":{"rendered":"Solen\u00f3ide Invensys 230V Tecma T-PF.P12\/V"},"content":{"rendered":"<p>Solen\u00f3ide Invensys 230V Tecma T-PF.P12\/V &#8211; <\/p>\n<p>Acess\u00f3rios e pe\u00e7as de reposi\u00e7\u00e3o para as s\u00e9ries de sanit\u00e1rios Tecma Design (X-Light, Privilege, Evolution, Breeze) e Flexi (Silence, Elegance).<\/p>\n","protected":false},"excerpt":{"rendered":"<p>Solen\u00f3ide Invensys 230V Tecma T-PF.P12\/V &#8211; Acess\u00f3rios e pe\u00e7as de reposi\u00e7\u00e3o para as s\u00e9ries de sanit\u00e1rios Tecma Design (X-Light, Privilege,<\/p>\n","protected":false},"featured_media":5943682,"comment_status":"open","ping_status":"closed","template":"","meta":[],"product_brand":[3472],"product_cat":[1962],"product_tag":[],"class_list":{"0":"post-749017","1":"product","2":"type-product","3":"status-publish","4":"has-post-thumbnail","6":"product_brand-tecma-pt","7":"product_cat-sanitarios-e-casas-de-banho","9":"first","10":"instock","11":"shipping-taxable","12":"purchasable","13":"product-type-simple"},"_links":{"self":[{"href":"https:\/\/stoic-curie.212-227-153-4.plesk.page\/pt\/wp-json\/wp\/v2\/product\/749017","targetHints":{"allow":["GET"]}}],"collection":[{"href":"https:\/\/stoic-curie.212-227-153-4.plesk.page\/pt\/wp-json\/wp\/v2\/product"}],"about":[{"href":"https:\/\/stoic-curie.212-227-153-4.plesk.page\/pt\/wp-json\/wp\/v2\/types\/product"}],"replies":[{"embeddable":true,"href":"https:\/\/stoic-curie.212-227-153-4.plesk.page\/pt\/wp-json\/wp\/v2\/comments?post=749017"}],"version-history":[{"count":0,"href":"https:\/\/stoic-curie.212-227-153-4.plesk.page\/pt\/wp-json\/wp\/v2\/product\/749017\/revisions"}],"wp:featuredmedia":[{"embeddable":true,"href":"https:\/\/stoic-curie.212-227-153-4.plesk.page\/pt\/wp-json\/wp\/v2\/media\/5943682"}],"wp:attachment":[{"href":"https:\/\/stoic-curie.212-227-153-4.plesk.page\/pt\/wp-json\/wp\/v2\/media?parent=749017"}],"wp:term":[{"taxonomy":"product_brand","embeddable":true,"href":"https:\/\/stoic-curie.212-227-153-4.plesk.page\/pt\/wp-json\/wp\/v2\/product_brand?post=749017"},{"taxonomy":"product_cat","embeddable":true,"href":"https:\/\/stoic-curie.212-227-153-4.plesk.page\/pt\/wp-json\/wp\/v2\/product_cat?post=749017"},{"taxonomy":"product_tag","embeddable":true,"href":"https:\/\/stoic-curie.212-227-153-4.plesk.page\/pt\/wp-json\/wp\/v2\/product_tag?post=749017"}],"curies":[{"name":"wp","href":"https:\/\/api.w.org\/{rel}","templated":true}]}}