{"id":749025,"date":"2025-03-03T21:14:35","date_gmt":"2025-03-03T20:14:35","guid":{"rendered":"https:\/\/stoic-curie.212-227-153-4.plesk.page\/producto\/acessorios-de-carga-descarga-sanisplit-t-t-pf-p58-nk\/"},"modified":"2026-02-25T00:28:05","modified_gmt":"2026-02-25T00:28:05","slug":"acessorios-de-carga-descarga-sanisplit-t-t-pf-p58-nk","status":"publish","type":"product","link":"https:\/\/stoic-curie.212-227-153-4.plesk.page\/pt\/product\/acessorios-de-carga-descarga-sanisplit-t-t-pf-p58-nk\/","title":{"rendered":"Acess\u00f3rios de Carga\/Descarga Sanisplit T T-PF.P58\/NK"},"content":{"rendered":"<p>Acess\u00f3rios de Carga\/Descarga Sanisplit T T-PF.P58\/NK &#8211; <\/p>\n<p>Sanisplit NK \u00e9 uma unidade de bombeamento poderosa e silenciosa que transfere \u00e1guas cinzas de bid\u00eas, chuveiros e lavat\u00f3rios. \u00c9 equipada com uma v\u00e1lvula unidirecional e um interruptor de press\u00e3o que \u00e9 ativado assim que a \u00e1gua entra na unidade. A altura m\u00ednima requerida do dreno \u00e9 de 200 mm.<\/p>\n","protected":false},"excerpt":{"rendered":"<p>Acess\u00f3rios de Carga\/Descarga Sanisplit T T-PF.P58\/NK &#8211; Sanisplit NK \u00e9 uma unidade de bombeamento poderosa e silenciosa que transfere \u00e1guas<\/p>\n","protected":false},"featured_media":5943687,"comment_status":"open","ping_status":"closed","template":"","meta":[],"product_brand":[3472],"product_cat":[1943],"product_tag":[],"class_list":{"0":"post-749025","1":"product","2":"type-product","3":"status-publish","4":"has-post-thumbnail","6":"product_brand-tecma-pt","7":"product_cat-sistema-de-aguas-cinzentas","9":"first","10":"instock","11":"shipping-taxable","12":"purchasable","13":"product-type-simple"},"_links":{"self":[{"href":"https:\/\/stoic-curie.212-227-153-4.plesk.page\/pt\/wp-json\/wp\/v2\/product\/749025","targetHints":{"allow":["GET"]}}],"collection":[{"href":"https:\/\/stoic-curie.212-227-153-4.plesk.page\/pt\/wp-json\/wp\/v2\/product"}],"about":[{"href":"https:\/\/stoic-curie.212-227-153-4.plesk.page\/pt\/wp-json\/wp\/v2\/types\/product"}],"replies":[{"embeddable":true,"href":"https:\/\/stoic-curie.212-227-153-4.plesk.page\/pt\/wp-json\/wp\/v2\/comments?post=749025"}],"version-history":[{"count":0,"href":"https:\/\/stoic-curie.212-227-153-4.plesk.page\/pt\/wp-json\/wp\/v2\/product\/749025\/revisions"}],"wp:featuredmedia":[{"embeddable":true,"href":"https:\/\/stoic-curie.212-227-153-4.plesk.page\/pt\/wp-json\/wp\/v2\/media\/5943687"}],"wp:attachment":[{"href":"https:\/\/stoic-curie.212-227-153-4.plesk.page\/pt\/wp-json\/wp\/v2\/media?parent=749025"}],"wp:term":[{"taxonomy":"product_brand","embeddable":true,"href":"https:\/\/stoic-curie.212-227-153-4.plesk.page\/pt\/wp-json\/wp\/v2\/product_brand?post=749025"},{"taxonomy":"product_cat","embeddable":true,"href":"https:\/\/stoic-curie.212-227-153-4.plesk.page\/pt\/wp-json\/wp\/v2\/product_cat?post=749025"},{"taxonomy":"product_tag","embeddable":true,"href":"https:\/\/stoic-curie.212-227-153-4.plesk.page\/pt\/wp-json\/wp\/v2\/product_tag?post=749025"}],"curies":[{"name":"wp","href":"https:\/\/api.w.org\/{rel}","templated":true}]}}