{"id":749029,"date":"2025-03-03T21:14:36","date_gmt":"2025-03-03T20:14:36","guid":{"rendered":"https:\/\/stoic-curie.212-227-153-4.plesk.page\/producto\/guincho-de-ancora-quick-dylan-2000w-d-24v-com-tambor-corrente-de-12mm\/"},"modified":"2026-02-25T00:28:05","modified_gmt":"2026-02-25T00:28:05","slug":"guincho-de-ancora-quick-dylan-2000w-d-24v-com-tambor-corrente-de-12mm","status":"publish","type":"product","link":"https:\/\/stoic-curie.212-227-153-4.plesk.page\/pt\/product\/guincho-de-ancora-quick-dylan-2000w-d-24v-com-tambor-corrente-de-12mm\/","title":{"rendered":"Guincho de \u00c2ncora Quick Dylan 2000W-D 24v &#8211; com Tambor &#8211; Corrente de 12mm"},"content":{"rendered":"<p>Guincho de \u00c2ncora Quick Dylan 2000W-D 24v &#8211; com Tambor &#8211; Corrente de 12mm &#8211; <\/p>\n<p style=\"color: rgb(34, 34, 34); font-family: Arial, Helvetica, sans-serif; font-size: small;\">Apresentamos o Quick Rope and Chain Anchor Windlass, com componentes de tra\u00e7\u00e3o robustos feitos de bronze e a\u00e7o inoxid\u00e1vel. Este molinete est\u00e1 equipado com um sensor de contador de corrente e um sistema manual de queda livre, garantindo uma opera\u00e7\u00e3o eficiente. Inclui tamb\u00e9m um sistema de eleva\u00e7\u00e3o manual de emerg\u00eancia e uma alavanca de press\u00e3o para maior seguran\u00e7a. A unidade vem completa com uma caixa de controle e man\u00edpulo, e sua base e revestimento s\u00e3o constru\u00eddos em a\u00e7o inoxid\u00e1vel e alum\u00ednio anodizado duro. O motor \u00e9 classificado como IP67 para prote\u00e7\u00e3o contra \u00e1gua.<\/p>\n<p style=\"color: rgb(34, 34, 34); font-family: Arial, Helvetica, sans-serif; font-size: small;\">O Quick Vertical Windlass Dylan DR4 \u00e9 projetado para embarca\u00e7\u00f5es que v\u00e3o de 10 a 20 metros de comprimento. Oferece op\u00e7\u00f5es de pot\u00eancia de 1500W a 2000W em 12V ou 24V, bem como uma op\u00e7\u00e3o de 3000W para motores de 380V ou hidr\u00e1ulicos.<\/p>\n<p style=\"color: rgb(34, 34, 34); font-family: Arial, Helvetica, sans-serif; font-size: small;\"><strong>Quick Nautical Equipment Dylan DR4<\/strong><\/p>\n<p style=\"color: rgb(34, 34, 34); font-family: Arial, Helvetica, sans-serif; font-size: small;\"><strong>Caracter\u00edsticas do Molinete Vertical:<\/strong><\/p>\n<ul style=\"color: rgb(34, 34, 34); font-family: Arial, Helvetica, sans-serif; font-size: small;\">\n<li>Base de alum\u00ednio anodizado e a\u00e7o inoxid\u00e1vel com um tubo de corrente integrado.<\/li>\n<li>Tambor de a\u00e7o inoxid\u00e1vel (AISI 316).<\/li>\n<li>Gypsy de corda\/corrente equipada com sensor de contador de corrente.<\/li>\n<li>Bra\u00e7o de press\u00e3o e tampa de inspe\u00e7\u00e3o para f\u00e1cil acesso.<\/li>\n<li>Sistema manual de queda livre para implanta\u00e7\u00e3o r\u00e1pida.<\/li>\n<li>Sistema de eleva\u00e7\u00e3o manual de emerg\u00eancia para maior seguran\u00e7a.<\/li>\n<li>Fornecido com uma caixa de rel\u00e9 e uma gypsy (dispon\u00edvel com ou sem tambor).<\/li>\n<li>Motor \u00e0 prova d&#8217;\u00e1gua IP67 para desempenho confi\u00e1vel em ambientes mar\u00edtimos.<\/li>\n<\/ul>\n<p style=\"color: rgb(34, 34, 34); font-family: Arial, Helvetica, sans-serif; font-size: small;\"><strong>Dylan DR4 2024D &#8211; Gypsy e Tambor<\/strong><\/p>\n<p style=\"color: rgb(34, 34, 34); font-family: Arial, Helvetica, sans-serif; font-size: small;\">Este modelo \u00e9 adequado para barcos com comprimento entre 15 e 20 metros (46-66 p\u00e9s).<\/p>\n","protected":false},"excerpt":{"rendered":"<p>Guincho de \u00c2ncora Quick Dylan 2000W-D 24v &#8211; com Tambor &#8211; Corrente de 12mm &#8211; Apresentamos o Quick Rope and<\/p>\n","protected":false},"featured_media":5943692,"comment_status":"open","ping_status":"closed","template":"","meta":[],"product_brand":[3282],"product_cat":[1898],"product_tag":[],"class_list":{"0":"post-749029","1":"product","2":"type-product","3":"status-publish","4":"has-post-thumbnail","6":"product_brand-quick-pt","7":"product_cat-molinetes-quick-amarracao-e-fundear","9":"first","10":"instock","11":"shipping-taxable","12":"purchasable","13":"product-type-simple"},"_links":{"self":[{"href":"https:\/\/stoic-curie.212-227-153-4.plesk.page\/pt\/wp-json\/wp\/v2\/product\/749029","targetHints":{"allow":["GET"]}}],"collection":[{"href":"https:\/\/stoic-curie.212-227-153-4.plesk.page\/pt\/wp-json\/wp\/v2\/product"}],"about":[{"href":"https:\/\/stoic-curie.212-227-153-4.plesk.page\/pt\/wp-json\/wp\/v2\/types\/product"}],"replies":[{"embeddable":true,"href":"https:\/\/stoic-curie.212-227-153-4.plesk.page\/pt\/wp-json\/wp\/v2\/comments?post=749029"}],"version-history":[{"count":0,"href":"https:\/\/stoic-curie.212-227-153-4.plesk.page\/pt\/wp-json\/wp\/v2\/product\/749029\/revisions"}],"wp:featuredmedia":[{"embeddable":true,"href":"https:\/\/stoic-curie.212-227-153-4.plesk.page\/pt\/wp-json\/wp\/v2\/media\/5943692"}],"wp:attachment":[{"href":"https:\/\/stoic-curie.212-227-153-4.plesk.page\/pt\/wp-json\/wp\/v2\/media?parent=749029"}],"wp:term":[{"taxonomy":"product_brand","embeddable":true,"href":"https:\/\/stoic-curie.212-227-153-4.plesk.page\/pt\/wp-json\/wp\/v2\/product_brand?post=749029"},{"taxonomy":"product_cat","embeddable":true,"href":"https:\/\/stoic-curie.212-227-153-4.plesk.page\/pt\/wp-json\/wp\/v2\/product_cat?post=749029"},{"taxonomy":"product_tag","embeddable":true,"href":"https:\/\/stoic-curie.212-227-153-4.plesk.page\/pt\/wp-json\/wp\/v2\/product_tag?post=749029"}],"curies":[{"name":"wp","href":"https:\/\/api.w.org\/{rel}","templated":true}]}}