{"id":749031,"date":"2025-03-03T21:14:36","date_gmt":"2025-03-03T20:14:36","guid":{"rendered":"https:\/\/stoic-curie.212-227-153-4.plesk.page\/producto\/sanita-compacta-tecma-nano-24v-com-painel-eco\/"},"modified":"2026-02-25T00:28:05","modified_gmt":"2026-02-25T00:28:05","slug":"sanita-compacta-tecma-nano-24v-com-painel-eco","status":"publish","type":"product","link":"https:\/\/stoic-curie.212-227-153-4.plesk.page\/pt\/product\/sanita-compacta-tecma-nano-24v-com-painel-eco\/","title":{"rendered":"Sanit\u00e1rio Tecma Nano 24v (Painel Eco)"},"content":{"rendered":"<p>Sanit\u00e1rio Tecma Nano 24v (Painel Eco) &#8211; <\/p>\n<p>Vaso sanit\u00e1rio Tecma Nano 24v com Painel Eco, &nbsp;<span style=\"color: rgb(34, 34, 34); font-family: Arial, Helvetica, sans-serif; font-size: small;\">Temos o prazer de apresentar o vaso compacto Tecma Nano, que conta com um assento em termofixo que combina conforto com um design que economiza espa\u00e7o, oferecendo ao mesmo tempo um desempenho excepcional. Este vaso est\u00e1 equipado com uma robusta bomba maceradora, garantindo o uso eficiente tanto de \u00e1gua quanto de eletricidade, tudo isso operando em n\u00edveis de baixo ru\u00eddo. O processo de instala\u00e7\u00e3o e fia\u00e7\u00e3o \u00e9 simples e r\u00e1pido, n\u00e3o requerendo manuten\u00e7\u00e3o cont\u00ednua.<\/span><\/p>\n<p style=\"color: rgb(34, 34, 34); font-family: Arial, Helvetica, sans-serif; font-size: small;\">O Tecma Nano pode ser controlado por meio de dois pain\u00e9is separados:<\/p>\n<ul style=\"color: rgb(34, 34, 34); font-family: Arial, Helvetica, sans-serif; font-size: small;\">\n<li><strong>Painel Eco<\/strong>: Este painel inclui um bot\u00e3o que ativa as fun\u00e7\u00f5es de carga e descarga.<\/li>\n<li><strong>Painel SFT Tudo-em-Um<\/strong>: Este painel de bot\u00f5es duplos incorpora tecnologia Smart Flush, que ajuda a minimizar o consumo de \u00e1gua e o ru\u00eddo. Ele tamb\u00e9m apresenta um indicador para monitorar o tanque de \u00e1gua negra e uma fun\u00e7\u00e3o para prevenir o transbordamento de \u00e1gua de carga.<\/li>\n<\/ul>\n<p style=\"color: rgb(34, 34, 34); font-family: Arial, Helvetica, sans-serif; font-size: small;\">Sendo o modelo mais compacto dispon\u00edvel, o Nano une conforto, confiabilidade e desempenho. Ele tem apenas 295 mm de altura e opera de maneira t\u00e3o silenciosa quanto outros vasos el\u00e9tricos da Tecma. Constru\u00eddo em cer\u00e2mica branca italiana, inclui um assento em poli\u00e9ster termofixo e vem com um painel de controle tipo Eco Rocker Switch. Foi projetado para instala\u00e7\u00e3o com uma bomba de entrada de \u00e1gua do mar e inclui uma v\u00e1lvula solen\u00f3ide para contornar o sistema de encanamento embutido.<\/p>\n<p style=\"color: rgb(34, 34, 34); font-family: Arial, Helvetica, sans-serif; font-size: small;\">O vaso Nano utiliza tecnologia avan\u00e7ada de Turbina, fornecendo um flush poderoso que resiste a entupimentos. Este modelo representa a combina\u00e7\u00e3o perfeita de efici\u00eancia e design compacto, proporcionando o mesmo n\u00edvel de conforto que vasos maiores. \u00c9 especificamente adaptado para atender \u00e0s exig\u00eancias de embarca\u00e7\u00f5es com menos de 50 p\u00e9s (15 metros). A equipe de desenvolvimento de produtos da Thetford Marine projetou uma solu\u00e7\u00e3o elegante que oferece flexibilidade de instala\u00e7\u00e3o devido \u00e0s suas dimens\u00f5es compactas.<\/p>\n<p style=\"color: rgb(34, 34, 34); font-family: Arial, Helvetica, sans-serif; font-size: small;\">Os principais recursos incluem:<\/p>\n<ul style=\"color: rgb(34, 34, 34); font-family: Arial, Helvetica, sans-serif; font-size: small;\">\n<li>Duas v\u00e1lvulas de reten\u00e7\u00e3o junto com um armadilha de \u00e1gua para impedir odores desagrad\u00e1veis.<\/li>\n<li>Funcionamento excepcionalmente silencioso.<\/li>\n<li>Compatibilidade com sistemas de descarga de \u00e1gua crua e pressionada.<\/li>\n<li>Uma bacia limpa e seca ap\u00f3s cada descarga poderosa.<\/li>\n<li>Um f\u00e1cil interruptor Eco rocker para reduzir o consumo de energia e \u00e1gua, ou um controlador de descarga inteligente com recursos avan\u00e7ados para gerenciamento de descarga e tanque.<\/li>\n<\/ul>\n<p style=\"color: rgb(34, 34, 34); font-family: Arial, Helvetica, sans-serif; font-size: small;\">O desempenho da bomba maceradora adere a todos os padr\u00f5es de qualidade, e a tecnologia dentro do vaso foi otimizada para reduzir emiss\u00f5es de som enquanto mant\u00e9m baixo consumo de \u00e1gua e eletricidade. A instala\u00e7\u00e3o, encanamento e fia\u00e7\u00e3o s\u00e3o diretas e r\u00e1pidas, com praticamente nenhuma manuten\u00e7\u00e3o necess\u00e1ria.<\/p>\n<p style=\"color: rgb(34, 34, 34); font-family: Arial, Helvetica, sans-serif; font-size: small;\">Vasos sanit\u00e1rios marinhos Tecma Nano s\u00e3o frequentemente encontrados em barcos Chaparral, Monterey e embarca\u00e7\u00f5es Canados.<\/p>\n<p style=\"color: rgb(34, 34, 34); font-family: Arial, Helvetica, sans-serif; font-size: small;\"><strong>Especifica\u00e7\u00f5es:<\/strong><\/p>\n<ul style=\"color: rgb(34, 34, 34); font-family: Arial, Helvetica, sans-serif; font-size: small;\">\n<li>Peso: 17,6 kg (38,8 lb)<\/li>\n<li>Bomba de Sa\u00edda: MAC 4 12V<\/li>\n<li>Dispositivo de Entrada: V\u00e1lvula solen\u00f3ide (bomba de entrada opcional)<\/li>\n<\/ul>\n","protected":false},"excerpt":{"rendered":"<p>Sanit\u00e1rio Tecma Nano 24v (Painel Eco) &#8211; Vaso sanit\u00e1rio Tecma Nano 24v com Painel Eco, &nbsp;Temos o prazer de apresentar<\/p>\n","protected":false},"featured_media":5941647,"comment_status":"open","ping_status":"closed","template":"","meta":[],"product_brand":[3472],"product_cat":[1962],"product_tag":[],"class_list":{"0":"post-749031","1":"product","2":"type-product","3":"status-publish","4":"has-post-thumbnail","6":"product_brand-tecma-pt","7":"product_cat-sanitarios-e-casas-de-banho","9":"first","10":"instock","11":"shipping-taxable","12":"purchasable","13":"product-type-simple"},"_links":{"self":[{"href":"https:\/\/stoic-curie.212-227-153-4.plesk.page\/pt\/wp-json\/wp\/v2\/product\/749031","targetHints":{"allow":["GET"]}}],"collection":[{"href":"https:\/\/stoic-curie.212-227-153-4.plesk.page\/pt\/wp-json\/wp\/v2\/product"}],"about":[{"href":"https:\/\/stoic-curie.212-227-153-4.plesk.page\/pt\/wp-json\/wp\/v2\/types\/product"}],"replies":[{"embeddable":true,"href":"https:\/\/stoic-curie.212-227-153-4.plesk.page\/pt\/wp-json\/wp\/v2\/comments?post=749031"}],"version-history":[{"count":0,"href":"https:\/\/stoic-curie.212-227-153-4.plesk.page\/pt\/wp-json\/wp\/v2\/product\/749031\/revisions"}],"wp:featuredmedia":[{"embeddable":true,"href":"https:\/\/stoic-curie.212-227-153-4.plesk.page\/pt\/wp-json\/wp\/v2\/media\/5941647"}],"wp:attachment":[{"href":"https:\/\/stoic-curie.212-227-153-4.plesk.page\/pt\/wp-json\/wp\/v2\/media?parent=749031"}],"wp:term":[{"taxonomy":"product_brand","embeddable":true,"href":"https:\/\/stoic-curie.212-227-153-4.plesk.page\/pt\/wp-json\/wp\/v2\/product_brand?post=749031"},{"taxonomy":"product_cat","embeddable":true,"href":"https:\/\/stoic-curie.212-227-153-4.plesk.page\/pt\/wp-json\/wp\/v2\/product_cat?post=749031"},{"taxonomy":"product_tag","embeddable":true,"href":"https:\/\/stoic-curie.212-227-153-4.plesk.page\/pt\/wp-json\/wp\/v2\/product_tag?post=749031"}],"curies":[{"name":"wp","href":"https:\/\/api.w.org\/{rel}","templated":true}]}}