{"id":749032,"date":"2025-03-03T21:14:37","date_gmt":"2025-03-03T20:14:37","guid":{"rendered":"https:\/\/stoic-curie.212-227-153-4.plesk.page\/producto\/sanita-compacta-tecma-nano-12v-com-painel-all-in-one-sft\/"},"modified":"2026-02-25T00:28:05","modified_gmt":"2026-02-25T00:28:05","slug":"sanita-compacta-tecma-nano-12v-com-painel-all-in-one-sft","status":"publish","type":"product","link":"https:\/\/stoic-curie.212-227-153-4.plesk.page\/pt\/product\/sanita-compacta-tecma-nano-12v-com-painel-all-in-one-sft\/","title":{"rendered":"Sanita Tecma Nano 12v com Painel All-in-One SFT"},"content":{"rendered":"<p>Sanita Tecma Nano 12v com Painel All-in-One SFT &#8211; <\/p>\n<p>Vaso sanit\u00e1rio Tecma Nano 12v com painel All-in-One SFT,<span style=\"color: rgb(34, 34, 34); font-family: Arial, Helvetica, sans-serif; font-size: small;\">Estamos felizes em apresentar o vaso sanit\u00e1rio compacto Tecma Nano, que conta com um assento em termofixo que combina conforto com um design que economiza espa\u00e7o, proporcionando um desempenho excepcional. Este vaso est\u00e1 equipado com uma robusta bomba maceradora, garantindo baixo consumo de \u00e1gua e energia, al\u00e9m de n\u00edveis de ru\u00eddo reduzidos. O processo de instala\u00e7\u00e3o e cabeamento \u00e9 simples e r\u00e1pido, sem necessidade de manuten\u00e7\u00e3o cont\u00ednua.<\/span><\/p>\n<p style=\"color: rgb(34, 34, 34); font-family: Arial, Helvetica, sans-serif; font-size: small;\">O Tecma Nano pode ser controlado atrav\u00e9s de dois pain\u00e9is diferentes:<\/p>\n<ul style=\"color: rgb(34, 34, 34); font-family: Arial, Helvetica, sans-serif; font-size: small;\">\n<li><strong>Painel Eco<\/strong>: Este painel inclui um bot\u00e3o para ativar as fun\u00e7\u00f5es de carga e descarga.<\/li>\n<li><strong>Painel All-in-One SFT<\/strong>: Este painel com dois bot\u00f5es incorpora a tecnologia Smart Flush, que ajuda a diminuir o consumo de \u00e1gua e o ru\u00eddo. Al\u00e9m disso, possui um indicador para monitorar o tanque de \u00e1gua negra e uma fun\u00e7\u00e3o para proteger contra transbordamento de \u00e1gua de carga.<\/li>\n<\/ul>\n<p style=\"color: rgb(34, 34, 34); font-family: Arial, Helvetica, sans-serif; font-size: small;\">Como o modelo mais compacto dispon\u00edvel, o Nano mescla conforto, confiabilidade e desempenho. Ele tem apenas 295 mm de altura e opera de forma t\u00e3o silenciosa quanto outros vasos sanit\u00e1rios el\u00e9tricos da Tecma. Produzido em cer\u00e2mica branca italiana, inclui um assento de poli\u00e9ster termofixo e vem com um painel de controle tipo Eco Rocker Switch. \u00c9 projetado para instala\u00e7\u00e3o com uma bomba de entrada de \u00e1gua do mar e inclui um solenoide para desviar o sistema de encanamento onboard.<\/p>\n<p style=\"color: rgb(34, 34, 34); font-family: Arial, Helvetica, sans-serif; font-size: small;\">O vaso Nano utiliza a avan\u00e7ada Tecnologia de Turbina, proporcionando um poderoso fluxo que resiste a entupimentos. Este modelo exemplifica a perfeita combina\u00e7\u00e3o de efici\u00eancia e design compacto, oferecendo o mesmo n\u00edvel de conforto que vasos maiores. \u00c9 especificamente adaptado para atender \u00e0s exig\u00eancias de embarca\u00e7\u00f5es de at\u00e9 50 p\u00e9s (15 metros). A equipe de desenvolvimento de produtos da Thetford Marine criou uma solu\u00e7\u00e3o elegante que oferece flexibilidade para instala\u00e7\u00e3o devido \u00e0s suas dimens\u00f5es compactas.<\/p>\n<p style=\"color: rgb(34, 34, 34); font-family: Arial, Helvetica, sans-serif; font-size: small;\">As caracter\u00edsticas not\u00e1veis incluem:<\/p>\n<ul style=\"color: rgb(34, 34, 34); font-family: Arial, Helvetica, sans-serif; font-size: small;\">\n<li>Dois v\u00e1lvulas de reten\u00e7\u00e3o emparelhadas com um armadilha de \u00e1gua para evitar odores desagrad\u00e1veis.<\/li>\n<li>Funcionamento excepcionalmente silencioso.<\/li>\n<li>Compatibilidade com sistemas de descarga de \u00e1gua bruta e \u00e1gua sob press\u00e3o.<\/li>\n<li>Uma bacia limpa e seca ap\u00f3s cada descarga poderosa.<\/li>\n<li>Um interruptor Eco f\u00e1cil de usar para minimizar o consumo de energia e \u00e1gua, ou um controlador de descarga inteligente com recursos avan\u00e7ados para gerenciamento de descarga e do tanque.<\/li>\n<\/ul>\n<p style=\"color: rgb(34, 34, 34); font-family: Arial, Helvetica, sans-serif; font-size: small;\">O desempenho da bomba maceradora est\u00e1 em conformidade com todos os padr\u00f5es de qualidade, e a tecnologia dentro do vaso foi otimizada para reduzir as emiss\u00f5es de som enquanto mant\u00e9m um baixo consumo de \u00e1gua e el\u00e9trica. A instala\u00e7\u00e3o, encanamento e cabeamento s\u00e3o diretos e r\u00e1pidos, com praticamente nenhuma manuten\u00e7\u00e3o necess\u00e1ria.<\/p>\n<p style=\"color: rgb(34, 34, 34); font-family: Arial, Helvetica, sans-serif; font-size: small;\">Vasos sanit\u00e1rios marinhos Tecma Nano s\u00e3o frequentemente encontrados em barcos Chaparral, Monterey e embarca\u00e7\u00f5es Canados.<\/p>\n<p style=\"color: rgb(34, 34, 34); font-family: Arial, Helvetica, sans-serif; font-size: small;\"><strong>Especifica\u00e7\u00f5es:<\/strong><\/p>\n<ul style=\"color: rgb(34, 34, 34); font-family: Arial, Helvetica, sans-serif; font-size: small;\">\n<li>Peso: 17,6 kg (38,8 lb)<\/li>\n<li>Bomba de sa\u00edda: MAC 4 12V<\/li>\n<li>Dispositivo de entrada: Solenoide (bomba de entrada opcional)<\/li>\n<\/ul>\n","protected":false},"excerpt":{"rendered":"<p>Sanita Tecma Nano 12v com Painel All-in-One SFT &#8211; Vaso sanit\u00e1rio Tecma Nano 12v com painel All-in-One SFT,Estamos felizes em<\/p>\n","protected":false},"featured_media":5941647,"comment_status":"open","ping_status":"closed","template":"","meta":[],"product_brand":[3472],"product_cat":[1962],"product_tag":[],"class_list":{"0":"post-749032","1":"product","2":"type-product","3":"status-publish","4":"has-post-thumbnail","6":"product_brand-tecma-pt","7":"product_cat-sanitarios-e-casas-de-banho","9":"first","10":"instock","11":"shipping-taxable","12":"purchasable","13":"product-type-simple"},"_links":{"self":[{"href":"https:\/\/stoic-curie.212-227-153-4.plesk.page\/pt\/wp-json\/wp\/v2\/product\/749032","targetHints":{"allow":["GET"]}}],"collection":[{"href":"https:\/\/stoic-curie.212-227-153-4.plesk.page\/pt\/wp-json\/wp\/v2\/product"}],"about":[{"href":"https:\/\/stoic-curie.212-227-153-4.plesk.page\/pt\/wp-json\/wp\/v2\/types\/product"}],"replies":[{"embeddable":true,"href":"https:\/\/stoic-curie.212-227-153-4.plesk.page\/pt\/wp-json\/wp\/v2\/comments?post=749032"}],"version-history":[{"count":0,"href":"https:\/\/stoic-curie.212-227-153-4.plesk.page\/pt\/wp-json\/wp\/v2\/product\/749032\/revisions"}],"wp:featuredmedia":[{"embeddable":true,"href":"https:\/\/stoic-curie.212-227-153-4.plesk.page\/pt\/wp-json\/wp\/v2\/media\/5941647"}],"wp:attachment":[{"href":"https:\/\/stoic-curie.212-227-153-4.plesk.page\/pt\/wp-json\/wp\/v2\/media?parent=749032"}],"wp:term":[{"taxonomy":"product_brand","embeddable":true,"href":"https:\/\/stoic-curie.212-227-153-4.plesk.page\/pt\/wp-json\/wp\/v2\/product_brand?post=749032"},{"taxonomy":"product_cat","embeddable":true,"href":"https:\/\/stoic-curie.212-227-153-4.plesk.page\/pt\/wp-json\/wp\/v2\/product_cat?post=749032"},{"taxonomy":"product_tag","embeddable":true,"href":"https:\/\/stoic-curie.212-227-153-4.plesk.page\/pt\/wp-json\/wp\/v2\/product_tag?post=749032"}],"curies":[{"name":"wp","href":"https:\/\/api.w.org\/{rel}","templated":true}]}}