{"id":749033,"date":"2025-03-03T21:14:37","date_gmt":"2025-03-03T20:14:37","guid":{"rendered":"https:\/\/stoic-curie.212-227-153-4.plesk.page\/producto\/mesas-dobraveis-forma-marathon-m200-88x44cm-a61cm\/"},"modified":"2026-02-25T00:28:05","modified_gmt":"2026-02-25T00:28:05","slug":"mesas-dobraveis-forma-marathon-m200-88x44cm-a61cm","status":"publish","type":"product","link":"https:\/\/stoic-curie.212-227-153-4.plesk.page\/pt\/product\/mesas-dobraveis-forma-marathon-m200-88x44cm-a61cm\/","title":{"rendered":"Mesas Dobr\u00e1veis Forma Marathon M200 88x44cm A61cm"},"content":{"rendered":"<p>Mesas Dobr\u00e1veis Forma Marathon M200 88x44cm A61cm &#8211; <\/p>\n<p>Mesas dobr\u00e1veis elegantes Marathon M200 &#8211; M400 &#8211; M400H &#8211; M600. Estrutura de alum\u00ednio anodizado, perfeitamente acabada e resistente. Superf\u00edcie de melamina de alta qualidade, resistente \u00e0 umidade e aos raios UV. Cantos refor\u00e7ados em alum\u00ednio anodizado. Ferragem em a\u00e7o inoxid\u00e1vel. A mesa M600 pode ser ajustada em duas alturas: 56 e 73 cm.<\/p>\n","protected":false},"excerpt":{"rendered":"<p>Mesas Dobr\u00e1veis Forma Marathon M200 88x44cm A61cm &#8211; Mesas dobr\u00e1veis elegantes Marathon M200 &#8211; M400 &#8211; M400H &#8211; M600. Estrutura<\/p>\n","protected":false},"featured_media":5941663,"comment_status":"open","ping_status":"closed","template":"","meta":[],"product_brand":[2952],"product_cat":[1929],"product_tag":[],"class_list":{"0":"post-749033","1":"product","2":"type-product","3":"status-publish","4":"has-post-thumbnail","6":"product_brand-forma-pt","7":"product_cat-mesas-e-cadeiras","9":"first","10":"instock","11":"shipping-taxable","12":"purchasable","13":"product-type-simple"},"_links":{"self":[{"href":"https:\/\/stoic-curie.212-227-153-4.plesk.page\/pt\/wp-json\/wp\/v2\/product\/749033","targetHints":{"allow":["GET"]}}],"collection":[{"href":"https:\/\/stoic-curie.212-227-153-4.plesk.page\/pt\/wp-json\/wp\/v2\/product"}],"about":[{"href":"https:\/\/stoic-curie.212-227-153-4.plesk.page\/pt\/wp-json\/wp\/v2\/types\/product"}],"replies":[{"embeddable":true,"href":"https:\/\/stoic-curie.212-227-153-4.plesk.page\/pt\/wp-json\/wp\/v2\/comments?post=749033"}],"version-history":[{"count":0,"href":"https:\/\/stoic-curie.212-227-153-4.plesk.page\/pt\/wp-json\/wp\/v2\/product\/749033\/revisions"}],"wp:featuredmedia":[{"embeddable":true,"href":"https:\/\/stoic-curie.212-227-153-4.plesk.page\/pt\/wp-json\/wp\/v2\/media\/5941663"}],"wp:attachment":[{"href":"https:\/\/stoic-curie.212-227-153-4.plesk.page\/pt\/wp-json\/wp\/v2\/media?parent=749033"}],"wp:term":[{"taxonomy":"product_brand","embeddable":true,"href":"https:\/\/stoic-curie.212-227-153-4.plesk.page\/pt\/wp-json\/wp\/v2\/product_brand?post=749033"},{"taxonomy":"product_cat","embeddable":true,"href":"https:\/\/stoic-curie.212-227-153-4.plesk.page\/pt\/wp-json\/wp\/v2\/product_cat?post=749033"},{"taxonomy":"product_tag","embeddable":true,"href":"https:\/\/stoic-curie.212-227-153-4.plesk.page\/pt\/wp-json\/wp\/v2\/product_tag?post=749033"}],"curies":[{"name":"wp","href":"https:\/\/api.w.org\/{rel}","templated":true}]}}