{"id":749037,"date":"2025-03-03T21:14:39","date_gmt":"2025-03-03T20:14:39","guid":{"rendered":"https:\/\/stoic-curie.212-227-153-4.plesk.page\/producto\/holofote-maritimo-de-xenon-800-m-24v\/"},"modified":"2026-02-25T00:28:05","modified_gmt":"2026-02-25T00:28:05","slug":"holofote-maritimo-de-xenon-800-m-24v","status":"publish","type":"product","link":"https:\/\/stoic-curie.212-227-153-4.plesk.page\/pt\/product\/holofote-maritimo-de-xenon-800-m-24v\/","title":{"rendered":"Holofote Mar\u00edtimo de Xenon 800 m 24v"},"content":{"rendered":"<p>Holofote Mar\u00edtimo de Xenon 800 m 24v &#8211; <\/p>\n<p>Holofote ajust\u00e1vel com painel de controle com fio \u00e0 prova d&#8217;\u00e1gua, tendo rota\u00e7\u00e3o de 360\u00b0 x 70\u00b0 para cima\/baixo. L\u00e2mpada selada XENON, 7 vezes mais brilhante que um holofote padr\u00e3o. Dimens\u00f5es: 350 mm de comprimento &#8211; 260 mm de largura &#8211; 320 mm de altura. Controle sem fio opcional com receptor e transmissor plug and play de at\u00e9 35 m. Se instalado, substitui o painel de controle com fio. Para manter ambos, deve-se adquirir o painel de esta\u00e7\u00e3o dupla.<\/p>\n","protected":false},"excerpt":{"rendered":"<p>Holofote Mar\u00edtimo de Xenon 800 m 24v &#8211; Holofote ajust\u00e1vel com painel de controle com fio \u00e0 prova d&#8217;\u00e1gua, tendo<\/p>\n","protected":false},"featured_media":5941694,"comment_status":"open","ping_status":"closed","template":"","meta":[],"product_brand":[3142],"product_cat":[2021],"product_tag":[],"class_list":{"0":"post-749037","1":"product","2":"type-product","3":"status-publish","4":"has-post-thumbnail","6":"product_brand-matromarine-pt","7":"product_cat-projetores-e-holofotes","9":"first","10":"instock","11":"shipping-taxable","12":"purchasable","13":"product-type-simple"},"_links":{"self":[{"href":"https:\/\/stoic-curie.212-227-153-4.plesk.page\/pt\/wp-json\/wp\/v2\/product\/749037","targetHints":{"allow":["GET"]}}],"collection":[{"href":"https:\/\/stoic-curie.212-227-153-4.plesk.page\/pt\/wp-json\/wp\/v2\/product"}],"about":[{"href":"https:\/\/stoic-curie.212-227-153-4.plesk.page\/pt\/wp-json\/wp\/v2\/types\/product"}],"replies":[{"embeddable":true,"href":"https:\/\/stoic-curie.212-227-153-4.plesk.page\/pt\/wp-json\/wp\/v2\/comments?post=749037"}],"version-history":[{"count":0,"href":"https:\/\/stoic-curie.212-227-153-4.plesk.page\/pt\/wp-json\/wp\/v2\/product\/749037\/revisions"}],"wp:featuredmedia":[{"embeddable":true,"href":"https:\/\/stoic-curie.212-227-153-4.plesk.page\/pt\/wp-json\/wp\/v2\/media\/5941694"}],"wp:attachment":[{"href":"https:\/\/stoic-curie.212-227-153-4.plesk.page\/pt\/wp-json\/wp\/v2\/media?parent=749037"}],"wp:term":[{"taxonomy":"product_brand","embeddable":true,"href":"https:\/\/stoic-curie.212-227-153-4.plesk.page\/pt\/wp-json\/wp\/v2\/product_brand?post=749037"},{"taxonomy":"product_cat","embeddable":true,"href":"https:\/\/stoic-curie.212-227-153-4.plesk.page\/pt\/wp-json\/wp\/v2\/product_cat?post=749037"},{"taxonomy":"product_tag","embeddable":true,"href":"https:\/\/stoic-curie.212-227-153-4.plesk.page\/pt\/wp-json\/wp\/v2\/product_tag?post=749037"}],"curies":[{"name":"wp","href":"https:\/\/api.w.org\/{rel}","templated":true}]}}