{"id":749043,"date":"2025-03-03T21:14:41","date_gmt":"2025-03-03T20:14:41","guid":{"rendered":"https:\/\/stoic-curie.212-227-153-4.plesk.page\/producto\/oleo-de-teca-star-brite-tropical-3-8lt\/"},"modified":"2026-02-25T00:28:05","modified_gmt":"2026-02-25T00:28:05","slug":"oleo-de-teca-star-brite-tropical-3-8lt","status":"publish","type":"product","link":"https:\/\/stoic-curie.212-227-153-4.plesk.page\/pt\/product\/oleo-de-teca-star-brite-tropical-3-8lt\/","title":{"rendered":"Star Brite Teak Sealer Tropical Natural 3.8lt"},"content":{"rendered":"<p>Star Brite Teak Sealer Tropical Natural 3.8lt &#8211; <\/p>\n<p>\u2022 \u00d3leo de teca tropical de cor natural<br \/>\u2022 Selante que dura mais do que qualquer outro \u00f3leo ou selante de teca<br \/>\u2022 F\u00f3rmula sem gotejamento nem respingos<br \/>\u2022 Protege contra raios ultravioletas<br \/>\u2022 Duradouro, penetra profundamente para uma prote\u00e7\u00e3o completa<br \/>\u2022 Apenas uma dem\u00e3o \u00e9 necess\u00e1ria<\/p>\n","protected":false},"excerpt":{"rendered":"<p>Star Brite Teak Sealer Tropical Natural 3.8lt &#8211; \u2022 \u00d3leo de teca tropical de cor natural\u2022 Selante que dura mais<\/p>\n","protected":false},"featured_media":5941769,"comment_status":"open","ping_status":"closed","template":"","meta":[],"product_brand":[3437],"product_cat":[1912],"product_tag":[],"class_list":{"0":"post-749043","1":"product","2":"type-product","3":"status-publish","4":"has-post-thumbnail","6":"product_brand-starbrite-pt","7":"product_cat-verniz-e-oleo-para-teca","9":"first","10":"instock","11":"shipping-taxable","12":"purchasable","13":"product-type-simple"},"_links":{"self":[{"href":"https:\/\/stoic-curie.212-227-153-4.plesk.page\/pt\/wp-json\/wp\/v2\/product\/749043","targetHints":{"allow":["GET"]}}],"collection":[{"href":"https:\/\/stoic-curie.212-227-153-4.plesk.page\/pt\/wp-json\/wp\/v2\/product"}],"about":[{"href":"https:\/\/stoic-curie.212-227-153-4.plesk.page\/pt\/wp-json\/wp\/v2\/types\/product"}],"replies":[{"embeddable":true,"href":"https:\/\/stoic-curie.212-227-153-4.plesk.page\/pt\/wp-json\/wp\/v2\/comments?post=749043"}],"version-history":[{"count":0,"href":"https:\/\/stoic-curie.212-227-153-4.plesk.page\/pt\/wp-json\/wp\/v2\/product\/749043\/revisions"}],"wp:featuredmedia":[{"embeddable":true,"href":"https:\/\/stoic-curie.212-227-153-4.plesk.page\/pt\/wp-json\/wp\/v2\/media\/5941769"}],"wp:attachment":[{"href":"https:\/\/stoic-curie.212-227-153-4.plesk.page\/pt\/wp-json\/wp\/v2\/media?parent=749043"}],"wp:term":[{"taxonomy":"product_brand","embeddable":true,"href":"https:\/\/stoic-curie.212-227-153-4.plesk.page\/pt\/wp-json\/wp\/v2\/product_brand?post=749043"},{"taxonomy":"product_cat","embeddable":true,"href":"https:\/\/stoic-curie.212-227-153-4.plesk.page\/pt\/wp-json\/wp\/v2\/product_cat?post=749043"},{"taxonomy":"product_tag","embeddable":true,"href":"https:\/\/stoic-curie.212-227-153-4.plesk.page\/pt\/wp-json\/wp\/v2\/product_tag?post=749043"}],"curies":[{"name":"wp","href":"https:\/\/api.w.org\/{rel}","templated":true}]}}