{"id":749045,"date":"2025-03-03T21:14:42","date_gmt":"2025-03-03T20:14:42","guid":{"rendered":"https:\/\/stoic-curie.212-227-153-4.plesk.page\/producto\/bomba-de-caleira-submersivel-automatica-rule-mate-500gph-12v\/"},"modified":"2026-02-25T00:28:05","modified_gmt":"2026-02-25T00:28:05","slug":"bomba-de-caleira-submersivel-automatica-rule-mate-500gph-12v","status":"publish","type":"product","link":"https:\/\/stoic-curie.212-227-153-4.plesk.page\/pt\/product\/bomba-de-caleira-submersivel-automatica-rule-mate-500gph-12v\/","title":{"rendered":"Bomba de Caleira Submers\u00edvel Autom\u00e1tica Rule-Mate 500gph 12v"},"content":{"rendered":"<p>Bomba de Caleira Submers\u00edvel Autom\u00e1tica Rule-Mate 500gph 12v &#8211; <\/p>\n<p>Bomba de por\u00e3o submers\u00edvel autom\u00e1tica Rule-Mate. Ativa automaticamente quando \u00e1gua \u00e9 detectada no por\u00e3o. Dimens\u00f5es: 130 x 73 x H112<\/p>\n","protected":false},"excerpt":{"rendered":"<p>Bomba de Caleira Submers\u00edvel Autom\u00e1tica Rule-Mate 500gph 12v &#8211; Bomba de por\u00e3o submers\u00edvel autom\u00e1tica Rule-Mate. Ativa automaticamente quando \u00e1gua \u00e9<\/p>\n","protected":false},"featured_media":5943368,"comment_status":"open","ping_status":"closed","template":"","meta":[],"product_brand":[3327],"product_cat":[1946],"product_tag":[],"class_list":{"0":"post-749045","1":"product","2":"type-product","3":"status-publish","4":"has-post-thumbnail","6":"product_brand-rule-pt","7":"product_cat-bombas-eletricas-de-fundo","9":"first","10":"instock","11":"shipping-taxable","12":"purchasable","13":"product-type-simple"},"_links":{"self":[{"href":"https:\/\/stoic-curie.212-227-153-4.plesk.page\/pt\/wp-json\/wp\/v2\/product\/749045","targetHints":{"allow":["GET"]}}],"collection":[{"href":"https:\/\/stoic-curie.212-227-153-4.plesk.page\/pt\/wp-json\/wp\/v2\/product"}],"about":[{"href":"https:\/\/stoic-curie.212-227-153-4.plesk.page\/pt\/wp-json\/wp\/v2\/types\/product"}],"replies":[{"embeddable":true,"href":"https:\/\/stoic-curie.212-227-153-4.plesk.page\/pt\/wp-json\/wp\/v2\/comments?post=749045"}],"version-history":[{"count":0,"href":"https:\/\/stoic-curie.212-227-153-4.plesk.page\/pt\/wp-json\/wp\/v2\/product\/749045\/revisions"}],"wp:featuredmedia":[{"embeddable":true,"href":"https:\/\/stoic-curie.212-227-153-4.plesk.page\/pt\/wp-json\/wp\/v2\/media\/5943368"}],"wp:attachment":[{"href":"https:\/\/stoic-curie.212-227-153-4.plesk.page\/pt\/wp-json\/wp\/v2\/media?parent=749045"}],"wp:term":[{"taxonomy":"product_brand","embeddable":true,"href":"https:\/\/stoic-curie.212-227-153-4.plesk.page\/pt\/wp-json\/wp\/v2\/product_brand?post=749045"},{"taxonomy":"product_cat","embeddable":true,"href":"https:\/\/stoic-curie.212-227-153-4.plesk.page\/pt\/wp-json\/wp\/v2\/product_cat?post=749045"},{"taxonomy":"product_tag","embeddable":true,"href":"https:\/\/stoic-curie.212-227-153-4.plesk.page\/pt\/wp-json\/wp\/v2\/product_tag?post=749045"}],"curies":[{"name":"wp","href":"https:\/\/api.w.org\/{rel}","templated":true}]}}