{"id":749046,"date":"2025-03-03T21:14:42","date_gmt":"2025-03-03T20:14:42","guid":{"rendered":"https:\/\/stoic-curie.212-227-153-4.plesk.page\/producto\/ventilador-eletrico-continuo-inline-hd-24v-1000m3\/"},"modified":"2026-02-25T00:28:05","modified_gmt":"2026-02-25T00:28:05","slug":"ventilador-eletrico-continuo-inline-hd-24v-1000m3","status":"publish","type":"product","link":"https:\/\/stoic-curie.212-227-153-4.plesk.page\/pt\/product\/ventilador-eletrico-continuo-inline-hd-24v-1000m3\/","title":{"rendered":"Ventilador El\u00e9trico Cont\u00ednuo Inline HD 24v 1000m3"},"content":{"rendered":"<p>Ventilador El\u00e9trico Cont\u00ednuo Inline HD 24v 1000m3 &#8211; <\/p>\n<p>Blowers el\u00e9tricos em linha de grande capacidade com ventilador silencioso de alta efici\u00eancia, projetados com tecnologia aeroespacial de acordo com a ISO8846 EN55014.<\/p>\n","protected":false},"excerpt":{"rendered":"<p>Ventilador El\u00e9trico Cont\u00ednuo Inline HD 24v 1000m3 &#8211; Blowers el\u00e9tricos em linha de grande capacidade com ventilador silencioso de alta<\/p>\n","protected":false},"featured_media":5941830,"comment_status":"open","ping_status":"closed","template":"","meta":[],"product_brand":[3142],"product_cat":[2019,2113],"product_tag":[],"class_list":{"0":"post-749046","1":"product","2":"type-product","3":"status-publish","4":"has-post-thumbnail","6":"product_brand-matromarine-pt","7":"product_cat-bilge-blowers-equipamento-eletrico","8":"product_cat-sistemas-de-ventilacao-do-motor","10":"first","11":"instock","12":"shipping-taxable","13":"purchasable","14":"product-type-simple"},"_links":{"self":[{"href":"https:\/\/stoic-curie.212-227-153-4.plesk.page\/pt\/wp-json\/wp\/v2\/product\/749046","targetHints":{"allow":["GET"]}}],"collection":[{"href":"https:\/\/stoic-curie.212-227-153-4.plesk.page\/pt\/wp-json\/wp\/v2\/product"}],"about":[{"href":"https:\/\/stoic-curie.212-227-153-4.plesk.page\/pt\/wp-json\/wp\/v2\/types\/product"}],"replies":[{"embeddable":true,"href":"https:\/\/stoic-curie.212-227-153-4.plesk.page\/pt\/wp-json\/wp\/v2\/comments?post=749046"}],"version-history":[{"count":0,"href":"https:\/\/stoic-curie.212-227-153-4.plesk.page\/pt\/wp-json\/wp\/v2\/product\/749046\/revisions"}],"wp:featuredmedia":[{"embeddable":true,"href":"https:\/\/stoic-curie.212-227-153-4.plesk.page\/pt\/wp-json\/wp\/v2\/media\/5941830"}],"wp:attachment":[{"href":"https:\/\/stoic-curie.212-227-153-4.plesk.page\/pt\/wp-json\/wp\/v2\/media?parent=749046"}],"wp:term":[{"taxonomy":"product_brand","embeddable":true,"href":"https:\/\/stoic-curie.212-227-153-4.plesk.page\/pt\/wp-json\/wp\/v2\/product_brand?post=749046"},{"taxonomy":"product_cat","embeddable":true,"href":"https:\/\/stoic-curie.212-227-153-4.plesk.page\/pt\/wp-json\/wp\/v2\/product_cat?post=749046"},{"taxonomy":"product_tag","embeddable":true,"href":"https:\/\/stoic-curie.212-227-153-4.plesk.page\/pt\/wp-json\/wp\/v2\/product_tag?post=749046"}],"curies":[{"name":"wp","href":"https:\/\/api.w.org\/{rel}","templated":true}]}}