{"id":749047,"date":"2025-03-03T21:14:43","date_gmt":"2025-03-03T20:14:43","guid":{"rendered":"https:\/\/stoic-curie.212-227-153-4.plesk.page\/producto\/vang-bamar-100-1600mm-veleiros-8-10-5mt\/"},"modified":"2026-02-25T00:28:05","modified_gmt":"2026-02-25T00:28:05","slug":"vang-bamar-100-1600mm-veleiros-8-10-5mt","status":"publish","type":"product","link":"https:\/\/stoic-curie.212-227-153-4.plesk.page\/pt\/product\/vang-bamar-100-1600mm-veleiros-8-10-5mt\/","title":{"rendered":"Vang Bamar 100"},"content":{"rendered":"<p>Vang Bamar 100 &#8211; <\/p>\n<p style=\"color: rgb(34, 34, 34); font-family: Arial, Helvetica, sans-serif; font-size: small;\">O kicker mec\u00e2nico Bamar apresenta um molas interna em a\u00e7o inoxid\u00e1vel que levanta o mastro.<\/p>\n<p style=\"color: rgb(34, 34, 34); font-family: Arial, Helvetica, sans-serif; font-size: small;\">\u00c9 feito de alum\u00ednio anodizado e inclui terminais de conex\u00e3o especiais que integram polias, criando um sistema de tackle compacto. Voc\u00ea pode controlar a linha do cockpit ou segur\u00e1-la no kicker usando o tackle adicional. A mola permite um ajuste f\u00e1cil da empuxo simplesmente girando o tubo superior ou o terminal. Este kicker est\u00e1 dispon\u00edvel em cinco modelos, projetados para caber em barcos de 30 a 62 p\u00e9s. Voc\u00ea pode personalizar seu comprimento durante a instala\u00e7\u00e3o no seu barco.<\/p>\n<p style=\"color: rgb(34, 34, 34); font-family: Arial, Helvetica, sans-serif; font-size: small;\">Este kicker est\u00e1 dispon\u00edvel em alum\u00ednio anodizado nas cores prata ou preto. Consiste em dois tubos telesc\u00f3picos com terminais de conex\u00e3o exclusivos que possuem polias integradas para um tackle compacto. A linha pode ser direcionada ao cockpit ou trancada no kicker usando um tackle extra com um cleat. O mecanismo de mola permite que voc\u00ea ajuste o empuxo do vang girando o tubo superior ou o terminal.<\/p>\n<p style=\"color: rgb(34, 34, 34); font-family: Arial, Helvetica, sans-serif; font-size: small;\">Especifica\u00e7\u00f5es:<\/p>\n<ul style=\"color: rgb(34, 34, 34); font-family: Arial, Helvetica, sans-serif; font-size: small;\">\n<li>Di\u00e2metro do Cabo: 8 mm<\/li>\n<li>Tamanho M\u00e1ximo Recomendado do Barco: 34 ft<\/li>\n<li>Tamanho M\u00ednimo Recomendado do Barco: 30 ft<\/li>\n<li>Comprimento M\u00e1ximo: 1600 mm<\/li>\n<li>Rela\u00e7\u00e3o de Compra: 4:1<\/li>\n<li>For\u00e7a da Mola: 1080 N<\/li>\n<li>Di\u00e2metro do Pino: 10 mm<\/li>\n<li>Ciclo: 200 mm<\/li>\n<li>Comprimento A: 1600 mm<\/li>\n<li>Peso: 3000 g<\/li>\n<\/ul>\n","protected":false},"excerpt":{"rendered":"<p>Vang Bamar 100 &#8211; O kicker mec\u00e2nico Bamar apresenta um molas interna em a\u00e7o inoxid\u00e1vel que levanta o mastro. \u00c9<\/p>\n","protected":false},"featured_media":5943709,"comment_status":"open","ping_status":"closed","template":"","meta":[],"product_brand":[2812],"product_cat":[2050],"product_tag":[],"class_list":{"0":"post-749047","1":"product","2":"type-product","3":"status-publish","4":"has-post-thumbnail","6":"product_brand-bamar-pt","7":"product_cat-suportes-de-retranca","9":"first","10":"instock","11":"shipping-taxable","12":"purchasable","13":"product-type-simple"},"_links":{"self":[{"href":"https:\/\/stoic-curie.212-227-153-4.plesk.page\/pt\/wp-json\/wp\/v2\/product\/749047","targetHints":{"allow":["GET"]}}],"collection":[{"href":"https:\/\/stoic-curie.212-227-153-4.plesk.page\/pt\/wp-json\/wp\/v2\/product"}],"about":[{"href":"https:\/\/stoic-curie.212-227-153-4.plesk.page\/pt\/wp-json\/wp\/v2\/types\/product"}],"replies":[{"embeddable":true,"href":"https:\/\/stoic-curie.212-227-153-4.plesk.page\/pt\/wp-json\/wp\/v2\/comments?post=749047"}],"version-history":[{"count":0,"href":"https:\/\/stoic-curie.212-227-153-4.plesk.page\/pt\/wp-json\/wp\/v2\/product\/749047\/revisions"}],"wp:featuredmedia":[{"embeddable":true,"href":"https:\/\/stoic-curie.212-227-153-4.plesk.page\/pt\/wp-json\/wp\/v2\/media\/5943709"}],"wp:attachment":[{"href":"https:\/\/stoic-curie.212-227-153-4.plesk.page\/pt\/wp-json\/wp\/v2\/media?parent=749047"}],"wp:term":[{"taxonomy":"product_brand","embeddable":true,"href":"https:\/\/stoic-curie.212-227-153-4.plesk.page\/pt\/wp-json\/wp\/v2\/product_brand?post=749047"},{"taxonomy":"product_cat","embeddable":true,"href":"https:\/\/stoic-curie.212-227-153-4.plesk.page\/pt\/wp-json\/wp\/v2\/product_cat?post=749047"},{"taxonomy":"product_tag","embeddable":true,"href":"https:\/\/stoic-curie.212-227-153-4.plesk.page\/pt\/wp-json\/wp\/v2\/product_tag?post=749047"}],"curies":[{"name":"wp","href":"https:\/\/api.w.org\/{rel}","templated":true}]}}