{"id":749051,"date":"2025-03-03T21:14:44","date_gmt":"2025-03-03T20:14:44","guid":{"rendered":"https:\/\/stoic-curie.212-227-153-4.plesk.page\/producto\/altifalante-portatil-compacto-boss-marine-mrbt200\/"},"modified":"2026-02-25T00:28:05","modified_gmt":"2026-02-25T00:28:05","slug":"altifalante-portatil-compacto-boss-marine-mrbt200","status":"publish","type":"product","link":"https:\/\/stoic-curie.212-227-153-4.plesk.page\/pt\/product\/altifalante-portatil-compacto-boss-marine-mrbt200\/","title":{"rendered":"Altifalante Port\u00e1til Compacto Boss Marine MRBT200"},"content":{"rendered":"<p>Altifalante Port\u00e1til Compacto Boss Marine MRBT200 &#8211; <\/p>\n<p>Caixa de som port\u00e1til compacta Boss Marine MRBT200 envolta em borracha grossa resistente \u00e0 \u00e1gua. Composta por 3 drivers ativos perfeitamente ajustados e 2 radiadores passivos para cobrir perfeitamente todas as frequ\u00eancias de \u00e1udio necess\u00e1rias e garantir um som linear. Equipado com microfone, fun\u00e7\u00e3o viva-voz, conex\u00f5es Bluetooth e emparelhamento NFC (Android), entrada AUX. Completo com gancho de suspens\u00e3o e bateria de l\u00edtio com 8 horas de autonomia, recarreg\u00e1vel com o cabo micro USB inclu\u00eddo.<\/p>\n","protected":false},"excerpt":{"rendered":"<p>Altifalante Port\u00e1til Compacto Boss Marine MRBT200 &#8211; Caixa de som port\u00e1til compacta Boss Marine MRBT200 envolta em borracha grossa resistente<\/p>\n","protected":false},"featured_media":5943711,"comment_status":"open","ping_status":"closed","template":"","meta":[],"product_brand":[2842],"product_cat":[2020],"product_tag":[],"class_list":{"0":"post-749051","1":"product","2":"type-product","3":"status-publish","4":"has-post-thumbnail","6":"product_brand-boss-marine-pt","7":"product_cat-equipamento-de-som-e-colunas","9":"first","10":"instock","11":"shipping-taxable","12":"purchasable","13":"product-type-simple"},"_links":{"self":[{"href":"https:\/\/stoic-curie.212-227-153-4.plesk.page\/pt\/wp-json\/wp\/v2\/product\/749051","targetHints":{"allow":["GET"]}}],"collection":[{"href":"https:\/\/stoic-curie.212-227-153-4.plesk.page\/pt\/wp-json\/wp\/v2\/product"}],"about":[{"href":"https:\/\/stoic-curie.212-227-153-4.plesk.page\/pt\/wp-json\/wp\/v2\/types\/product"}],"replies":[{"embeddable":true,"href":"https:\/\/stoic-curie.212-227-153-4.plesk.page\/pt\/wp-json\/wp\/v2\/comments?post=749051"}],"version-history":[{"count":0,"href":"https:\/\/stoic-curie.212-227-153-4.plesk.page\/pt\/wp-json\/wp\/v2\/product\/749051\/revisions"}],"wp:featuredmedia":[{"embeddable":true,"href":"https:\/\/stoic-curie.212-227-153-4.plesk.page\/pt\/wp-json\/wp\/v2\/media\/5943711"}],"wp:attachment":[{"href":"https:\/\/stoic-curie.212-227-153-4.plesk.page\/pt\/wp-json\/wp\/v2\/media?parent=749051"}],"wp:term":[{"taxonomy":"product_brand","embeddable":true,"href":"https:\/\/stoic-curie.212-227-153-4.plesk.page\/pt\/wp-json\/wp\/v2\/product_brand?post=749051"},{"taxonomy":"product_cat","embeddable":true,"href":"https:\/\/stoic-curie.212-227-153-4.plesk.page\/pt\/wp-json\/wp\/v2\/product_cat?post=749051"},{"taxonomy":"product_tag","embeddable":true,"href":"https:\/\/stoic-curie.212-227-153-4.plesk.page\/pt\/wp-json\/wp\/v2\/product_tag?post=749051"}],"curies":[{"name":"wp","href":"https:\/\/api.w.org\/{rel}","templated":true}]}}