{"id":749063,"date":"2025-03-03T21:14:48","date_gmt":"2025-03-03T20:14:48","guid":{"rendered":"https:\/\/stoic-curie.212-227-153-4.plesk.page\/producto\/escadas-telescopicas-em-aco-inoxidavel-duplo-eixo-3-degraus-37-x-a87cm\/"},"modified":"2026-02-25T00:28:05","modified_gmt":"2026-02-25T00:28:05","slug":"escadas-telescopicas-em-aco-inoxidavel-duplo-eixo-3-degraus-37-x-a87cm","status":"publish","type":"product","link":"https:\/\/stoic-curie.212-227-153-4.plesk.page\/pt\/product\/escadas-telescopicas-em-aco-inoxidavel-duplo-eixo-3-degraus-37-x-a87cm\/","title":{"rendered":"Escadas Telesc\u00f3picas em A\u00e7o Inoxid\u00e1vel (Duplo Eixo) 3 Degraus 37 x A87cm"},"content":{"rendered":"<p>Escadas Telesc\u00f3picas em A\u00e7o Inoxid\u00e1vel (Duplo Eixo) 3 Degraus 37 x A87cm &#8211; <\/p>\n<p>Escadas dobr\u00e1veis em a\u00e7o inoxid\u00e1vel polido espelho telesc\u00f3pico com eixo central duplo. Acesso f\u00e1cil com nadadeiras e equipamentos pesados \u200b\u200bgra\u00e7as aos degraus livres de ambos os lados.<\/p>\n","protected":false},"excerpt":{"rendered":"<p>Escadas Telesc\u00f3picas em A\u00e7o Inoxid\u00e1vel (Duplo Eixo) 3 Degraus 37 x A87cm &#8211; Escadas dobr\u00e1veis em a\u00e7o inoxid\u00e1vel polido espelho<\/p>\n","protected":false},"featured_media":5943717,"comment_status":"open","ping_status":"closed","template":"","meta":[],"product_brand":[3492],"product_cat":[1905],"product_tag":[],"class_list":{"0":"post-749063","1":"product","2":"type-product","3":"status-publish","4":"has-post-thumbnail","6":"product_brand-trem-pt","7":"product_cat-escadas","9":"first","10":"instock","11":"shipping-taxable","12":"purchasable","13":"product-type-simple"},"_links":{"self":[{"href":"https:\/\/stoic-curie.212-227-153-4.plesk.page\/pt\/wp-json\/wp\/v2\/product\/749063","targetHints":{"allow":["GET"]}}],"collection":[{"href":"https:\/\/stoic-curie.212-227-153-4.plesk.page\/pt\/wp-json\/wp\/v2\/product"}],"about":[{"href":"https:\/\/stoic-curie.212-227-153-4.plesk.page\/pt\/wp-json\/wp\/v2\/types\/product"}],"replies":[{"embeddable":true,"href":"https:\/\/stoic-curie.212-227-153-4.plesk.page\/pt\/wp-json\/wp\/v2\/comments?post=749063"}],"version-history":[{"count":0,"href":"https:\/\/stoic-curie.212-227-153-4.plesk.page\/pt\/wp-json\/wp\/v2\/product\/749063\/revisions"}],"wp:featuredmedia":[{"embeddable":true,"href":"https:\/\/stoic-curie.212-227-153-4.plesk.page\/pt\/wp-json\/wp\/v2\/media\/5943717"}],"wp:attachment":[{"href":"https:\/\/stoic-curie.212-227-153-4.plesk.page\/pt\/wp-json\/wp\/v2\/media?parent=749063"}],"wp:term":[{"taxonomy":"product_brand","embeddable":true,"href":"https:\/\/stoic-curie.212-227-153-4.plesk.page\/pt\/wp-json\/wp\/v2\/product_brand?post=749063"},{"taxonomy":"product_cat","embeddable":true,"href":"https:\/\/stoic-curie.212-227-153-4.plesk.page\/pt\/wp-json\/wp\/v2\/product_cat?post=749063"},{"taxonomy":"product_tag","embeddable":true,"href":"https:\/\/stoic-curie.212-227-153-4.plesk.page\/pt\/wp-json\/wp\/v2\/product_tag?post=749063"}],"curies":[{"name":"wp","href":"https:\/\/api.w.org\/{rel}","templated":true}]}}